{"id":81,"date":"2016-06-25T12:44:44","date_gmt":"2016-06-25T11:44:44","guid":{"rendered":"http:\/\/test.empirijskaistrazivanja.org\/?page_id=81"},"modified":"2026-03-27T11:04:43","modified_gmt":"2026-03-27T10:04:43","slug":"odbori","status":"publish","type":"page","link":"https:\/\/empirijskaistrazivanja.org\/en\/odbori\/","title":{"rendered":"Committees"},"content":{"rendered":"<h2><strong>Scientific Committee<\/strong><\/h2>\n<h3><b>Programme Committee<\/b><\/h3>\n<p><b>Dr. Zora Krnjai\u0107, principal research fellow, chairwoman<\/b><\/p>\n<p><i><span style=\"font-weight: 400;\">Institute of Psychology, Department of Psychology, Faculty of Philosophy, University of Belgrade, Serbia<\/span><\/i><\/p>\n<p><b>Prof. Dr. Laurie Beth Feldman<\/b><\/p>\n<p><i><span style=\"font-weight: 400;\">University at Albany, State University of New York, USA<\/span><\/i><\/p>\n<p><b>Prof. Dr. Agostini Tiziano<\/b><\/p>\n<p><i><span style=\"font-weight: 400;\">Dipartimento di Psicologia \u201eGaetano Kanizsa\u201c, Universit\u00e0 Degli Studi di Trieste, Italia<\/span><\/i><\/p>\n<p><b>Prof. Dr. Maria do C\u00e9u Taveira<\/b><\/p>\n<p><i><span style=\"font-weight: 400;\">Department of Applied Psychology, University of Minho, Portugal<\/span><\/i><\/p>\n<p><b>Prof. Dr. Sofia-Eleftheria Gonida<\/b><\/p>\n<p><i><span style=\"font-weight: 400;\">School of Psychology, Faculty of Philosophy, Aristotle University of Thessaloniki, Greece<\/span><\/i><\/p>\n<p><b>Dr. Zrinka Risti\u0107 Dedi\u0107, principal research fellow<\/b><\/p>\n<p><i><span style=\"font-weight: 400;\">Centar za istra\u017eivanje i razvoj obrazovanja, Institut za dru\u0161tvena istra\u017eivanja u Zagrebu, Zagreb, Hrvatska<\/span><\/i><\/p>\n<p><b>Asst. Prof. Dr. \u017dan Lep<\/b><\/p>\n<p><i><span style=\"font-weight: 400;\">Pedago\u0161ki in\u0161titut, Ljubljana, Slovenia; Odeljenje za psihologiju, Filozofski fakultet, Univerzitet u Ljubljani<\/span><\/i><\/p>\n<p><b>Dr. Dragan Rangelov<\/b><b><i><br \/>\n<\/i><\/b><i><span style=\"font-weight: 400;\">Swinburne University of Technology, Australia<\/span><\/i><\/p>\n<p><b>Dr. Ivan Grahek<\/b><b><i><br \/>\n<\/i><\/b><i><span style=\"font-weight: 400;\">Brown University, USA<\/span><\/i><\/p>\n<p><b>Prof. Dr. Slobodan Markovi\u0107<\/b><\/p>\n<p><i><span style=\"font-weight: 400;\">Laboratory for Experimental Psychology, Department of Psychology, Faculty of Philosophy, University of Belgrade<\/span><\/i><\/p>\n<p><b>Prof. Dr. Du\u0161ica Filipovi\u0107 \u0110ur\u0111evi\u0107<\/b><\/p>\n<p><i><span style=\"font-weight: 400;\">Laboratory for Experimental Psychology, Department of Psychology, Faculty of Philosophy, University of Belgrade<\/span><\/i><\/p>\n<p><b>Dr. Ljiljana Lazarevi\u0107, principal research fellow<\/b><\/p>\n<p><i><span style=\"font-weight: 400;\">Institute of Psychology, LIRA Laboratory, Faculty of Philosophy, University of Belgrade<\/span><\/i><\/p>\n<p><b>Dr. Nata\u0161a Simi\u0107, principal research fellow<\/b><\/p>\n<p><i><span style=\"font-weight: 400;\">Institute of Psychology, Department of Psychology, Faculty of Philosophy, University of Belgrade<\/span><\/i><\/p>\n<p><b>Dr. Predrag Nedimovi\u0107, <\/b><b>teaching assistant<\/b><\/p>\n<p><i><span style=\"font-weight: 400;\">Laboratory for Experimental Psychology, Department of Psychology, Faculty of Philosophy, University of Belgrade<\/span><\/i><\/p>\n<p><b>Prof. Dr. Kaja Damnjanovi\u0107, senior research associate<\/b><\/p>\n<p><i><span style=\"font-weight: 400;\">Laboratory for Experimental Psychology, Department of Psychology; Institute of Philosophy, Faculty of Philosophy, University of Belgrade<\/span><\/i><\/p>\n<p><b>Dr. Marko \u017divanovi\u0107, senior research associate<\/b><\/p>\n<p><i><span style=\"font-weight: 400;\">Institute of Psychology, LIRA Laboratory, Faculty of Philosophy, University of Belgrade<\/span><\/i><\/p>\n<p><b>Dr. Marina Videnovi\u0107, senior research associate<\/b><\/p>\n<p><i><span style=\"font-weight: 400;\">Institute of Psychology, Department of Psychology, Faculty of Philosophy, University of Belgrade<\/span><\/i><\/p>\n<p><b>Dr. Milica Ninkovi\u0107, research associate<\/b><\/p>\n<p><i><span style=\"font-weight: 400;\">LIRA laboratory, Department of Psychology, Faculty of Philosophy, University of Belgrade<\/span><\/i><\/p>\n<table style=\"border-collapse: collapse; width: 57.567%; height: 50px;\">\n<tbody>\n<tr>\n<td style=\"width: 100%; border-style: solid; border-color: #000000;\"><b>Dr. Milana Raji\u0107, research associate<\/b><\/p>\n<p><i><span style=\"font-weight: 400;\">Institute of Psychology, Department of Psychology, Faculty of Philosophy, University of Belgrade<\/span><\/i><\/td>\n<\/tr>\n<\/tbody>\n<\/table>\n<p><b>Dr. Teodora Vuleti\u0107 Joksimovi\u0107, research associate<\/b><\/p>\n<p><i><span style=\"font-weight: 400;\">Institute of Psychology, Department of Psychology, Faculty of Philosophy, University of Belgrade<\/span><\/i><b><\/b><\/p>\n<p><b>Prof. Dr. Aleksandar Kosti\u0107<\/b><b><br \/>\n<\/b><i><span style=\"font-weight: 400;\">Laboratory for Experimental Psychology, Department of Psychology, Faculty of Philosophy, University of Belgrade<\/span><\/i><\/p>\n<table>\n<tbody>\n<tr>\n<td style=\"border-color: #000000; border-style: solid;\"><b>Prof. Dr. Nenad Havelka<\/b><\/p>\n<p><i><span style=\"font-weight: 400;\">Department of Psychology, Faculty of Philosophy, University of Belgrade<\/span><\/i><\/td>\n<\/tr>\n<\/tbody>\n<\/table>\n<h3>Board of Reviewers<\/h3>\n<p><b>Dr. Anja Wertag, senior research associate<\/b><\/p>\n<p><i><span style=\"font-weight: 400;\">Ivo Pilar Institute of Social Sciences, Zagreb, Croatia<\/span><\/i><\/p>\n<p><b>Asst. Prof. Dr. Bojana Bodro\u017ea<\/b><\/p>\n<p><i><span style=\"font-weight: 400;\">Department of Psychology, Faculty of Philosophy, University of Novi Sad<\/span><\/i><\/p>\n<p><b>Prof. Dr. Danka Puri\u0107<\/b><\/p>\n<p><i><span style=\"font-weight: 400;\">Department of Psychology, Faculty of Philosophy, University of Belgrade, Serbia<\/span><\/i><\/p>\n<p><b>Dr. Darinka An\u0111elkovi\u0107, senior research associate<\/b><\/p>\n<p><i><span style=\"font-weight: 400;\">Institute of Psychology, Laboratory for Experimental Psychology, Department of Psychology, Faculty of Philosophy, University of Belgrade<\/span><\/i><\/p>\n<p><b>Prof. Dr. Dejan Todorovi\u0107<\/b><\/p>\n<p><i><span style=\"font-weight: 400;\">Laboratory for Experimental Psychology, Department of Psychology, Faculty of Philosophy, University of Belgrade<\/span><\/i><\/p>\n<p><b>Prof. Dr. Dobrinka Kuzmanovi\u0107<\/b><\/p>\n<p><i><span style=\"font-weight: 400;\">Faculty of Philology, University of Belgrade, Serbia<\/span><\/i><\/p>\n<p><b>Asst. Prof. Dr. Dragan Jankovi\u0107<\/b><\/p>\n<p><i><span style=\"font-weight: 400;\">Department of Psychology, Faculty of Philosophy, University of Belgrade, Serbia<\/span><\/i><\/p>\n<p><b>Prof. Dr. Dragana Stanojevi\u0107<\/b><\/p>\n<p><i><span style=\"font-weight: 400;\">Department of Psychology, Faculty of Philosophy, University of Kosovska Mitrovica<\/span><\/i><\/p>\n<p><b>Dr. Dragan Rangelov<\/b><b><br \/>\n<\/b><i><span style=\"font-weight: 400;\">Swinburne University of Technology, Australia<\/span><\/i><\/p>\n<p><b>Prof. Dr Dra\u017een Domijan<\/b><\/p>\n<p><em>Department of Psychology, Faculty of Philosophy, University of Rijeka, Croatia<\/em><\/p>\n<p><b>Prof. Dr Goran Opa\u010di\u0107<\/b><\/p>\n<p><i><span style=\"font-weight: 400;\">Department of Psychology, Faculty of Philosophy, University of Belgrade, Serbia<\/span><\/i><\/p>\n<p><b>Dr. Ivan Grahek<\/b><b><br \/>\n<\/b><i><span style=\"font-weight: 400;\">Brown University, USA<\/span><\/i><\/p>\n<p><b>Asst. Prof. Dr. Ivana Jak\u0161i\u0107<\/b><\/p>\n<p><i><span style=\"font-weight: 400;\">Faculty of Political Sciences, University of Belgrade, Serbia<\/span><\/i><\/p>\n<p><b>Prof. Dr. Ivana Stepanovi\u0107 Ili\u0107<\/b><\/p>\n<p><i><span style=\"font-weight: 400;\">Institute of Psychology, Department of Psychology, Faculty of Philosophy, University of Belgrade, Serbia<\/span><\/i><\/p>\n<p><b>Prof. Dr. Ivan Stojilovi\u0107<\/b><\/p>\n<p><i><span style=\"font-weight: 400;\">Department of Psychology, Faculty of Philosophy, University of Kosovska Mitrovica, Serbia<\/span><\/i><\/p>\n<p><b>Dr. Janko Me\u0111edovi\u0107, principal research fellow<\/b><\/p>\n<p><i><span style=\"font-weight: 400;\">Institute for Criminological and Sociological Research, Belgrade, Serbia<\/span><\/i><\/p>\n<p><b>Prof. Dr. Jelena Dostani\u0107<\/b><\/p>\n<p><i><span style=\"font-weight: 400;\">Faculty of Legal and Business Studies Dr Lazar Vrkati\u0107, Serbia<\/span><\/i><\/p>\n<p><b>Prof. Dr Ksenija Krsti\u0107<\/b><\/p>\n<p><i><span style=\"font-weight: 400;\">Department of Psychology, Faculty of Philosophy, University of Belgrade, Serbia<\/span><\/i><\/p>\n<p><b>Prof. Dr. Maja Savi\u0107<\/b><\/p>\n<p><i><span style=\"font-weight: 400;\">Faculty of Philology, University of Belgrade, Serbia<\/span><\/i><\/p>\n<p><b>Prof. Dr. Marija Brankovi\u0107, research associate<\/b><\/p>\n<p><i><span style=\"font-weight: 400;\">Department of Psychology, Faculty for Media and Communication, Singidunum University; Institute for Philosophy and Social Theory, Belgrade, Serbia<\/span><\/i><\/p>\n<p><b>Dr. Marija \u010coli\u0107<\/b><\/p>\n<p><i><span style=\"font-weight: 400;\">Faculty of Media and Communications, Singidunum University, Serbia<\/span><\/i><\/p>\n<p><b>Dr. Marija Petrovi\u0107, research assistant<\/b><\/p>\n<p><i><span style=\"font-weight: 400;\">Department of Psychology, Faculty of Philosophy, University of Belgrade, Serbia<\/span><\/i><\/p>\n<p><b>Dr. Ma\u0161a Vuk\u010devi\u0107 Markovi\u0107, research associate<\/b><\/p>\n<p><i><span style=\"font-weight: 400;\">Department of Psychology, Faculty of Philosophy, University of Belgrade, Serbia<\/span><\/i><\/p>\n<p><b>Asst. Prof. Dr. Milica Vukeli\u0107<\/b><\/p>\n<p><i><span style=\"font-weight: 400;\">Department of Psychology, Faculty of Philosophy, University of Belgrade, Serbia<\/span><\/i><\/p>\n<p><b>Asst. Prof. Dr. Nikola Petrovi\u0107<\/b><\/p>\n<p><i><span style=\"font-weight: 400;\">Department of Psychology, Faculty of Philosophy, University of Belgrade, Serbia<\/span><\/i><\/p>\n<p><b>Prof. Dr. Neboj\u0161a Majstorovi\u0107<\/b><\/p>\n<p><i><span style=\"font-weight: 400;\">Department of Psychology, Faculty of Philosophy, University of Belgrade, Serbia<\/span><\/i><\/p>\n<p><b>Prof. Dr. Oliver To\u0161kovi\u0107<\/b><\/p>\n<p><i><span style=\"font-weight: 400;\">Laboratory for Experimental Psychology, Department of Psychology, Faculty of Philosophy, University of Belgrade, Serbia<\/span><\/i><\/p>\n<p><b>Asst. Prof. Dr. Olja Jovanovi\u0107<\/b><\/p>\n<p><i><span style=\"font-weight: 400;\">Department of Psychology, Faculty of Philosophy, University of Belgrade, Serbia<\/span><\/i><\/p>\n<p><b>Prof. Dr. Pavle Valerjev<\/b><\/p>\n<p><i><span style=\"font-weight: 400;\">Department of Psychology, University of Zadar, Croatia<\/span><\/i><\/p>\n<p><b>Dr. Petar Luki\u0107, research associate<\/b><\/p>\n<p><i><span style=\"font-weight: 400;\">Department of Psychology, Faculty of Philosophy, University of Belgrade, Serbia<\/span><\/i><\/p>\n<p><b>Prof. Dr. Predrag Teovanovi\u0107<\/b><\/p>\n<p><i><span style=\"font-weight: 400;\">Faculty for special education and rehabilitation, University of Belgrade, Serbia<\/span><\/i><\/p>\n<p><b>Dr. Smiljana Jo\u0161i\u0107, research associate<\/b><\/p>\n<p><i><span style=\"font-weight: 400;\">Institute for Educational Research, Belgrade, Serbia<\/span><\/i><\/p>\n<p><b>Dr. Sonja Jani\u010di\u0107, research assistant<\/b><\/p>\n<p><i><span style=\"font-weight: 400;\">Department of Psychology, Faculty of Philosophy, University of Belgrade, Serbia<\/span><\/i><\/p>\n<p><strong>Prof. Dr Sun\u010dica Zdravkovi\u0107<\/strong><\/p>\n<p><i><span style=\"font-weight: 400;\">Department of Psychology, Faculty of Philosophy, University of Novi Sad<\/span><\/i><\/p>\n<p><b>Prof. Dr Tamara D\u017eamonja Ignajtovi\u0107<\/b><\/p>\n<p><i><span style=\"font-weight: 400;\">Department of Psychology, Faculty of Philosophy, University of Belgrade, Serbia<\/span><\/i><\/p>\n<p><b>Dr. Zrinka Risti\u0107 Dedi\u0107, principal research fellow<\/b><\/p>\n<p><i><span style=\"font-weight: 400;\">Centre for Educational Research and Development, Institute for Social Research in Zagreb, Zagreb, Croatia<\/span><\/i><\/p>\n<h2><b>Organising Committee<\/b><\/h2>\n<p><b>Dr. Teodora Vuleti\u0107 Joksimovi\u0107, research associate, chairwoman<\/b><\/p>\n<p><i><span style=\"font-weight: 400;\">Institute of Psychology, Department of Psychology, Faculty of Philosophy, University of Belgrade<\/span><\/i><\/p>\n<p><b>Dr. Zora Krnjai\u0107, principal research fellow<\/b><\/p>\n<p><i><span style=\"font-weight: 400;\">Institute of Psychology, Department of Psychology, Faculty of Philosophy, University of Belgrade, Serbia<\/span><\/i><\/p>\n<p><b>Ksenija Mi\u0161i\u0107, MA in Psychology, research assistant<\/b><\/p>\n<p><i><span style=\"font-weight: 400;\">Laboratory for Experimental Psychology<\/span><\/i><\/p>\n<p><i><span style=\"font-weight: 400;\">Department of Psychology, Faculty of Philosophy, Belgrade<\/span><\/i><\/p>\n<p><b>Kristina Mojovi\u0107 Zdravkovi\u0107, MA in Psychology, research assistant<\/b><\/p>\n<p><i><span style=\"font-weight: 400;\">Institute of Psychology<\/span><\/i><\/p>\n<p><i><span style=\"font-weight: 400;\">Department of Psychology, Faculty of Philosophy, Belgrade<\/span><\/i><\/p>\n<table style=\"border-collapse: collapse; width: 57.1325%; height: 45px;\">\n<tbody>\n<tr>\n<td style=\"width: 100%; border-style: solid; border-color: #000000;\"><b>Dr. Milana Raji\u0107, research associate<\/b><\/p>\n<p><i><span style=\"font-weight: 400;\">Institute of Psychology, Department of Psychology, Faculty of Philosophy, University of Belgrade<\/span><\/i><\/td>\n<\/tr>\n<\/tbody>\n<\/table>\n<p><b>Sara Bo\u017ei\u0107, MA in Psychology, junior research assistant<\/b><\/p>\n<p><i><span style=\"font-weight: 400;\">Laboratory for Experimental Psychology<\/span><\/i><\/p>\n<p><i><span style=\"font-weight: 400;\">Department of Psychology, Faculty of Philosophy, Belgrade<\/span><\/i><\/p>\n<p><b>Lenka Proti\u0107, MA in Psychology, junior research assistant<\/b><\/p>\n<p><i><span style=\"font-weight: 400;\">Institute of Psychology<\/span><\/i><\/p>\n<p><i><span style=\"font-weight: 400;\">Department of Psychology, Faculty of Philosophy, Belgrade<\/span><\/i><\/p>\n<p><b>Olga Markovi\u0107 Rosi\u0107, MA in Psychology<\/b><\/p>\n<p><i><span style=\"font-weight: 400;\">International Relations Office, Faculty of Philosophy, Belgrade<\/span><\/i><\/p>\n<p><b>Dr. Vojin Simunovi\u0107, research associate<\/b><\/p>\n<p><i><span style=\"font-weight: 400;\">LIRA Laboratory, Faculty of Philosophy, University of Belgrade<\/span><\/i><\/p>\n","protected":false},"excerpt":{"rendered":"<p>Scientific Committee Programme Committee Dr. Zora Krnjai\u0107, principal research fellow, chairwoman Institute of Psychology, Department of Psychology, Faculty of Philosophy, University of Belgrade, Serbia Prof. Dr. Laurie Beth Feldman University at Albany, State University of New York, USA Prof. Dr. Agostini Tiziano Dipartimento di Psicologia \u201eGaetano Kanizsa\u201c, Universit\u00e0 Degli Studi di Trieste, Italia Prof. Dr. [&hellip;]<\/p>\n","protected":false},"author":1,"featured_media":0,"parent":0,"menu_order":0,"comment_status":"closed","ping_status":"closed","template":"","meta":{"footnotes":""},"class_list":["post-81","page","type-page","status-publish","hentry"],"translation":{"provider":"WPGlobus","version":"2.12.2","language":"en","enabled_languages":["rs","en"],"languages":{"rs":{"title":true,"content":true,"excerpt":false},"en":{"title":true,"content":true,"excerpt":false}}},"_links":{"self":[{"href":"https:\/\/empirijskaistrazivanja.org\/en\/wp-json\/wp\/v2\/pages\/81"}],"collection":[{"href":"https:\/\/empirijskaistrazivanja.org\/en\/wp-json\/wp\/v2\/pages"}],"about":[{"href":"https:\/\/empirijskaistrazivanja.org\/en\/wp-json\/wp\/v2\/types\/page"}],"author":[{"embeddable":true,"href":"https:\/\/empirijskaistrazivanja.org\/en\/wp-json\/wp\/v2\/users\/1"}],"replies":[{"embeddable":true,"href":"https:\/\/empirijskaistrazivanja.org\/en\/wp-json\/wp\/v2\/comments?post=81"}],"version-history":[{"count":27,"href":"https:\/\/empirijskaistrazivanja.org\/en\/wp-json\/wp\/v2\/pages\/81\/revisions"}],"predecessor-version":[{"id":5330,"href":"https:\/\/empirijskaistrazivanja.org\/en\/wp-json\/wp\/v2\/pages\/81\/revisions\/5330"}],"wp:attachment":[{"href":"https:\/\/empirijskaistrazivanja.org\/en\/wp-json\/wp\/v2\/media?parent=81"}],"curies":[{"name":"wp","href":"https:\/\/api.w.org\/{rel}","templated":true}]}}