{"id":5111,"date":"2025-11-25T13:23:14","date_gmt":"2025-11-25T12:23:14","guid":{"rendered":"https:\/\/empirijskaistrazivanja.org\/?page_id=5111"},"modified":"2025-11-25T13:33:36","modified_gmt":"2025-11-25T12:33:36","slug":"dzamonjaignjatovic","status":"publish","type":"page","link":"https:\/\/empirijskaistrazivanja.org\/en\/dzamonjaignjatovic\/","title":{"rendered":"How We Approach Interpersonal Conflicts: Style or Skill?"},"content":{"rendered":"<h3>Tamara D\u017eamonja Ignjatovi\u0107<\/h3>\n<h4>Department of Psychology, Faculty of Philosophy, University of Belgrade<\/h4>\n<p>Although extensive theoretical and empirical knowledge exists on interpersonal conflicts and their resolution, those insights are insufficiently applied in practice and everyday life. The current context of pervasive violence and deep social polarization underscores the importance of advancing our understanding of the factors that facilitate or hinder constructive approaches to conflict.<\/p>\n<p>Within the framework of the ICARS project, we conducted a comprehensive cross-cultural study examining the factors that predict various conflict resolution strategies. Basic personality traits from the HEXACO model, complemented by the Disintegration disposition, along with additional variables such as social competencies, specific beliefs and attitudes, perceptions of parenting styles, need for cognitive closure, and emotional regulation, were included in the study. The research also aimed to compare the prevalence of these strategies and contributions of their predictors among young adults from Italy and Serbia\u2014two geographically proximate European countries that differ in history, tradition, religion, and their positions along the individualism\u2013collectivism continuum.<\/p>\n<p>The results confirmed the significant influence of specific personality traits as key predictors of distinct conflict management strategies, with similar effects observed across cultures. Other factors, more strongly shaped by societal context, also affected responses to conflict situations but contributed less to the overall prediction.<\/p>\n<p>The findings may inform the creation of evidence-based educational programs aimed at fostering cooperation and constructive conflict resolution, emphasizing the importance of considering relational and contextual factors in addition to individual contributions, which should not be overlooked.<\/p>\n<p><strong>Keywords:<\/strong> interpersonal conflicts, conflict resolution strategies, personality traits, communication skills<\/p>\n<hr \/>\n<table style=\"border-collapse: collapse; width: 100%;\" border=\"0\">\n<tbody>\n<tr>\n<td style=\"width: 33.6462%;\"><a href=\"http:\/\/empirijskaistrazivanja.org\/wp-content\/uploads\/2025\/11\/tamara_slika.jpg\"><img loading=\"lazy\" decoding=\"async\" class=\"alignnone wp-image-5114\" src=\"http:\/\/empirijskaistrazivanja.org\/wp-content\/uploads\/2025\/11\/tamara_slika.jpg\" alt=\"\" width=\"477\" height=\"380\" srcset=\"https:\/\/empirijskaistrazivanja.org\/wp-content\/uploads\/2025\/11\/tamara_slika.jpg 654w, https:\/\/empirijskaistrazivanja.org\/wp-content\/uploads\/2025\/11\/tamara_slika-300x238.jpg 300w, https:\/\/empirijskaistrazivanja.org\/wp-content\/uploads\/2025\/11\/tamara_slika-24x19.jpg 24w, https:\/\/empirijskaistrazivanja.org\/wp-content\/uploads\/2025\/11\/tamara_slika-36x29.jpg 36w, https:\/\/empirijskaistrazivanja.org\/wp-content\/uploads\/2025\/11\/tamara_slika-48x38.jpg 48w\" sizes=\"(max-width: 477px) 100vw, 477px\" \/><\/a><\/td>\n<td style=\"width: 66.3538%; padding-left: 40px;\"><strong>Prof. Tamara D\u017eamonja Ignjatovi\u0107, PhD<\/strong> is a full professor of psychology and a specialist in medical psychology at the Department of Psychology, Faculty of Philosophy, University of Belgrade. Her professional interests include clinical psychology, mental health, personality assessment, psychotherapy, and mediation.<\/p>\n<p>In her efforts to bridge psychological science and professional practice, she has taken part in numerous scientific and applied research projects focused on personality disorders, interpersonal conflicts, community mental health, etc. She is the author and co-author of several publications, book chapters, and numerous scientific papers.<\/p>\n<p>Beyond academia, she actively promotes mental health awareness through media and public engagement. Prof. D\u017eamonja Ignjatovi\u0107 is the president of the Serbian Psychological Society, a member of the editorial board of the <em>Psychological Research<\/em> journal, and the editor of the IMAGO psychology library at Clio Publishing House. She has received several professional awards, including the \u017divorad \u017di\u017ea Vasi\u0107 Award, the Ljuba Stoji\u0107 Award, and the <em>Ethic of Care<\/em> Award by the BeFem organization.<\/td>\n<\/tr>\n<\/tbody>\n<\/table>\n","protected":false},"excerpt":{"rendered":"<p>Tamara D\u017eamonja Ignjatovi\u0107 Department of Psychology, Faculty of Philosophy, University of Belgrade Although extensive theoretical and empirical knowledge exists on interpersonal conflicts and their resolution, those insights are insufficiently applied in practice and everyday life. The current context of pervasive violence and deep social polarization underscores the importance of advancing our understanding of the factors [&hellip;]<\/p>\n","protected":false},"author":4,"featured_media":0,"parent":0,"menu_order":0,"comment_status":"closed","ping_status":"closed","template":"","meta":{"footnotes":""},"class_list":["post-5111","page","type-page","status-publish","hentry"],"translation":{"provider":"WPGlobus","version":"2.12.2","language":"en","enabled_languages":["rs","en"],"languages":{"rs":{"title":true,"content":true,"excerpt":false},"en":{"title":true,"content":true,"excerpt":false}}},"_links":{"self":[{"href":"https:\/\/empirijskaistrazivanja.org\/en\/wp-json\/wp\/v2\/pages\/5111"}],"collection":[{"href":"https:\/\/empirijskaistrazivanja.org\/en\/wp-json\/wp\/v2\/pages"}],"about":[{"href":"https:\/\/empirijskaistrazivanja.org\/en\/wp-json\/wp\/v2\/types\/page"}],"author":[{"embeddable":true,"href":"https:\/\/empirijskaistrazivanja.org\/en\/wp-json\/wp\/v2\/users\/4"}],"replies":[{"embeddable":true,"href":"https:\/\/empirijskaistrazivanja.org\/en\/wp-json\/wp\/v2\/comments?post=5111"}],"version-history":[{"count":5,"href":"https:\/\/empirijskaistrazivanja.org\/en\/wp-json\/wp\/v2\/pages\/5111\/revisions"}],"predecessor-version":[{"id":5113,"href":"https:\/\/empirijskaistrazivanja.org\/en\/wp-json\/wp\/v2\/pages\/5111\/revisions\/5113"}],"wp:attachment":[{"href":"https:\/\/empirijskaistrazivanja.org\/en\/wp-json\/wp\/v2\/media?parent=5111"}],"curies":[{"name":"wp","href":"https:\/\/api.w.org\/{rel}","templated":true}]}}