{"id":3376,"date":"2022-03-30T19:44:12","date_gmt":"2022-03-30T18:44:12","guid":{"rendered":"http:\/\/empirijskaistrazivanja.org\/?page_id=3376"},"modified":"2022-04-02T12:50:35","modified_gmt":"2022-04-02T11:50:35","slug":"subota-2-4-1600-1730","status":"publish","type":"page","link":"https:\/\/empirijskaistrazivanja.org\/en\/subota-2-4-1600-1730\/","title":{"rendered":"SATURDAY 2.4. (3:00 &#8211; 4:30 p.m)"},"content":{"rendered":"<p>FACTOR STRUCTURE AND PSYCHOMETRIC PROPERTIES OF THE CROATIAN VERSION OF INFORMATION TECHNOLOGY ANXIETY SCALE IN A STUDENT SAMPLE<br \/>\n<strong>Paula Pedi\u0107 Dui\u0107<\/strong><\/p>\n<p><a href=\"https:\/\/drive.google.com\/file\/d\/1Jih02bY_zz5u4vRmgsIDKWKvR2Vmg6mB\/view?usp=sharing\">POSTER pdf<\/a>\u00a0 \u00a0 \u00a0 \u00a0 \u00a0<a href=\"http:\/\/empirijskaistrazivanja.org\/wp-content\/uploads\/2022\/03\/KNJIGA-REZIMEA-2022_FIN-sa-isbn_bez_linija-1.pdf#page=37\">Abstract<\/a> \u00a0 \u00a0 \u00a0 \u00a0 <a href=\"https:\/\/zoom.us\/j\/6025814102?pwd=MThJekV3SlhhTkJiRXBEbCtSeEVLdz09\">Zoom link<\/a> \u00a0 \u00a0 \u00a0 (passcode: kDMm4M)<\/p>\n<p>&nbsp;<\/p>\n<p>SUBJECTIVE ESTIMATES OF DISTRACTORS WHILE DRIVING, FREQUENCY OF THEIR USE AND THEIR RELATIONS WITH TRAFFIC ACCIDENTS<br \/>\n<strong>Svetlana Borojevi\u0107, Strahinja Dimitrijevi\u0107, Sonja Stan\u010di\u0107<\/strong><\/p>\n<p><a href=\"https:\/\/drive.google.com\/file\/d\/15BkPvBO3vefiPkANkk2Hby-pk7z4bGE8\/view?usp=sharing\">POSTER pdf<\/a>\u00a0 \u00a0 \u00a0 \u00a0 \u00a0<a href=\"http:\/\/empirijskaistrazivanja.org\/wp-content\/uploads\/2022\/03\/KNJIGA-REZIMEA-2022_FIN-sa-isbn_bez_linija-1.pdf#page=51\">Abstract<\/a>\u00a0 \u00a0 \u00a0 \u00a0 \u00a0<a href=\"https:\/\/us05web.zoom.us\/j\/85022765863?pwd=cXJoUWtkcUg3SlcxRW45M25kb1MxUT09\">Zoom link<\/a>\u00a0 \u00a0 \u00a0 \u00a0 (passcode: JP14xC)<\/p>\n<p>&nbsp;<\/p>\n<p>ADAPTIVE MEMORY: THE EFFECT OF DANGER SIGNAL FREQUENCY ON RETENTION VARIABILITY<br \/>\n<strong>Slavko Dragosavljevi\u0107, Katarina Goti\u0107, Strahinja Dimitrijevi\u0107, Milana Damjeni\u0107<\/strong><\/p>\n<p><a href=\"https:\/\/drive.google.com\/file\/d\/1D2yb3wnkd8U8WPmwPhFkfhEPaU7A3oaf\/view?usp=sharing\">POSTER pdf<\/a>\u00a0 \u00a0 \u00a0 \u00a0 \u00a0<a href=\"http:\/\/empirijskaistrazivanja.org\/wp-content\/uploads\/2022\/03\/KNJIGA-REZIMEA-2022_FIN-sa-isbn_bez_linija-1.pdf#page=55\">Abstract<\/a>\u00a0 \u00a0 \u00a0 \u00a0 \u00a0<a href=\"https:\/\/us05web.zoom.us\/j\/81174605349?pwd=M2FsU1JvYlZMOE5qSDVRa3VoOVZiQT09\">Zoom link<\/a>\u00a0 \u00a0 \u00a0 \u00a0 (passcode: 3MH03u)<\/p>\n<p>&nbsp;<\/p>\n<p>POLYSEMY IN CONTEXT: AN EXPERIMENTAL TEST OF THE SENSE ENTROPY EFFECT<br \/>\n<strong>Milica Manojlovi\u0107, Ksenija Mi\u0161i\u0107, Du\u0161ica Filipovi\u0107 \u0110ur\u0111evi\u0107<\/strong><\/p>\n<p><a href=\"https:\/\/drive.google.com\/file\/d\/1_rUOIsFXz7CrX1_TMYH7TC-uM3nfpOJR\/view?usp=sharing\">POSTER pdf<\/a>\u00a0 \u00a0 \u00a0 \u00a0 \u00a0<a href=\"http:\/\/empirijskaistrazivanja.org\/wp-content\/uploads\/2022\/03\/KNJIGA-REZIMEA-2022_FIN-sa-isbn_bez_linija-1.pdf#page=48\">Abstract<\/a>\u00a0 \u00a0 \u00a0 \u00a0 \u00a0<a href=\"https:\/\/us04web.zoom.us\/j\/76162298975?pwd=NzlaRCBrnvBO3vF248IfnAVo3R--_d.1\">Zoom link<\/a>\u00a0 \u00a0 \u00a0 \u00a0 (passcode: poster)<\/p>\n<p>&nbsp;<\/p>\n<p>STUDENTS\u2032 EXPERIENCES OF THE EFFECTIVENESS OF THE TEACHING PROCESS DURING THE SHORTENED LIVE SCHOOL CLASSES FOLLOWING THE ONLINE TEACHING PHASE OF THE COVID-19 PANDEMIC<br \/>\n<strong>Tatjana Mari\u0107, Sini\u0161a Suboti\u0107<\/strong><\/p>\n<p><a href=\"https:\/\/drive.google.com\/file\/d\/136LaAKCMz3mHBmUdnST_f7Tld5lHcTD2\/view?usp=sharing\">POSTER pdf<\/a>\u00a0 \u00a0 \u00a0 \u00a0 \u00a0<a href=\"http:\/\/empirijskaistrazivanja.org\/wp-content\/uploads\/2022\/03\/KNJIGA-REZIMEA-2022_FIN-sa-isbn_bez_linija-1.pdf#page=76\">Abstract<\/a>\u00a0 \u00a0 \u00a0 \u00a0 \u00a0<a href=\"https:\/\/zoom.us\/j\/3394476220?pwd=TFNHbytRM1BKa0xsMXNsT1E1WUFldz09\">Zoom link<\/a>\u00a0 \u00a0 \u00a0 \u00a0 (passcode: \/)<\/p>\n<p>&nbsp;<\/p>\n<p>OPINIONS OF STUDENTS, TEACHERS, AND PARENTS ABOUT ONLINE TEACHING IN HIGH SCHOOLS DURING THE INITIAL STAGES OF THE COVID-19 PANDEMIC<br \/>\n<strong>Ana Keleman, Sini\u0161a Suboti\u0107<\/strong><\/p>\n<p><a href=\"https:\/\/drive.google.com\/file\/d\/1RTv_EW5sIhTotQJTf0T_eQVUXGrAvEjd\/view?usp=sharing\">POSTER pdf<\/a>\u00a0 \u00a0 \u00a0 \u00a0 \u00a0<a href=\"http:\/\/empirijskaistrazivanja.org\/wp-content\/uploads\/2022\/03\/KNJIGA-REZIMEA-2022_FIN-sa-isbn_bez_linija-1.pdf#page=77\">Abstract<\/a>\u00a0 \u00a0 \u00a0 \u00a0 \u00a0<a href=\"https:\/\/us02web.zoom.us\/j\/86854022517\">Zoom link<\/a>\u00a0 \u00a0 \u00a0 \u00a0 (passcode: \/)<\/p>\n<p>&nbsp;<\/p>\n<p><span style=\"color: #333333;\">RELATION BETWEEN JOB DEMANDS, JOB RESOURCE AND WORK ENGAGEMENT OF HEALTHCARE WORKERS DURING THE COVID-19 PANDEMIC<\/span><br \/>\n<span style=\"color: #333333;\"><strong>Dijana \u0110uri\u0107, Biljana Mirkovi\u0107<\/strong><\/span><\/p>\n<p><span style=\"color: #333333;\"><a href=\"https:\/\/drive.google.com\/file\/d\/1eUqmOsZ29Qgu38zRw9jYrWSOQmnW8ULZ\/view?usp=sharing\">POSTER pdf<\/a>\u00a0 \u00a0 \u00a0 \u00a0 \u00a0<a href=\"http:\/\/empirijskaistrazivanja.org\/wp-content\/uploads\/2022\/03\/KNJIGA-REZIMEA-2022_FIN-sa-isbn_bez_linija-1.pdf#page=94\">Abstract<\/a>\u00a0 \u00a0 \u00a0 \u00a0 \u00a0<a href=\"https:\/\/us05web.zoom.us\/j\/8609365481?pwd=c1VHWGFoUm5kcDh3cTI1ZFNoVGp0UT09\">Zoom link<\/a>\u00a0 \u00a0 \u00a0 \u00a0 (passcode: 8Q2pyh)<\/span><\/p>\n<p>&nbsp;<\/p>\n<p>ADVERSE CHILDHOOD EXPERIENCES AND THE DIMENSIONS OF THE MORAL FOUNDATIONS THEORY<br \/>\n<strong>Marija Kari\u0107, Dajana Budi\u0161a, Tamara Petkovi\u0107, Zorica Pu\u0161i\u0107, Sini\u0161a Suboti\u0107<\/strong><\/p>\n<p><a href=\"https:\/\/drive.google.com\/file\/d\/1pr6CwmyqWD80Ih_wSR04eBMsBJu2l1T3\/view?usp=sharing\">POSTER pdf<\/a>\u00a0 \u00a0 \u00a0 \u00a0 \u00a0<a href=\"http:\/\/empirijskaistrazivanja.org\/wp-content\/uploads\/2022\/03\/KNJIGA-REZIMEA-2022_FIN-sa-isbn_bez_linija-1.pdf#page=68\">Abstract<\/a>\u00a0 \u00a0 \u00a0 \u00a0 \u00a0<a href=\"https:\/\/zoom.us\/j\/94524202338?pwd=NGNLak9RNHFuNEh0VEFHZDI4MXVhUT09\">Zoom link<\/a>\u00a0 \u00a0 \u00a0 \u00a0 (passcode: fND7Wu)<\/p>\n<p>&nbsp;<\/p>\n<p>EFFECTS OF POLITICAL ORIENTATION AND DARK TRIAD TRAITS ON PRESIDENT LEADERSHIP STYLE PREFERENCES<br \/>\n<strong>Bojana M. Dini\u0107, Kimberley K. Breevaart, Wendy Andrews, Reinout E. de Vries<\/strong><\/p>\n<p><a href=\"https:\/\/drive.google.com\/file\/d\/18GKw9iecmWuZZj2jWZmEZb1k0OlTI8uN\/view?usp=sharing\">POSTER pdf<\/a>\u00a0 \u00a0 \u00a0 \u00a0 \u00a0<a href=\"http:\/\/empirijskaistrazivanja.org\/wp-content\/uploads\/2022\/03\/KNJIGA-REZIMEA-2022_FIN-sa-isbn_bez_linija-1.pdf#page=70\">Abstract<\/a>\u00a0 \u00a0 \u00a0 \u00a0 \u00a0<a href=\"https:\/\/us02web.zoom.us\/j\/2152074083\">Zoom link<\/a>\u00a0 \u00a0 \u00a0 \u00a0 (passcode: \/)<\/p>\n<p>&nbsp;<\/p>\n<p>OUTCOME BIAS IN JUDGING REVENGE PORNOGRAPHY TOWARD WOMEN<br \/>\n<strong>Nevena Mijatovi\u0107, Aleksandra Lazi\u0107, Jasmina \u0160ljivi\u0107, Ljubica Coni\u0107<\/strong><\/p>\n<p><a href=\"https:\/\/drive.google.com\/file\/d\/1Sx7S9DJ4d4H19fFWIMr2uXJZ6ljs1Pw7\/view?usp=sharing\">POSTER pdf<\/a>\u00a0 \u00a0 \u00a0 \u00a0 \u00a0<a href=\"http:\/\/empirijskaistrazivanja.org\/wp-content\/uploads\/2022\/03\/KNJIGA-REZIMEA-2022_FIN-sa-isbn_bez_linija-1.pdf#page=63\">Abstract<\/a>\u00a0 \u00a0 \u00a0 \u00a0 \u00a0<a href=\"https:\/\/us04web.zoom.us\/j\/75634167762?pwd=RN1RKT4OGY4F7f5Pf_AmWuJelhldPy.1\">Zoom link<\/a>\u00a0 \u00a0 \u00a0 \u00a0 (passcode: PD74q7)<\/p>\n<p>&nbsp;<\/p>\n<p>GUILTY PLEASURE AND IRONIC CONSUMPTION: PSYCHOLOGICAL CORRELATES OF CONSUMING \u201cBAD\u201d CULTURE<br \/>\n<strong>Adela Bisak, Zoran Pavlovi\u0107<\/strong><\/p>\n<p><a href=\"https:\/\/drive.google.com\/file\/d\/1ymPCZdGlk9-VIIAE5sjucRz54DTRmc_f\/view?usp=sharing\">POSTER pdf<\/a>\u00a0 \u00a0 \u00a0 \u00a0 \u00a0<a href=\"http:\/\/empirijskaistrazivanja.org\/wp-content\/uploads\/2022\/03\/KNJIGA-REZIMEA-2022_FIN-sa-isbn_bez_linija-1.pdf#page=127\">Abstract<\/a>\u00a0 \u00a0 \u00a0 \u00a0 \u00a0<a href=\"https:\/\/us04web.zoom.us\/j\/4478779468?pwd=JwOCco2W5VsuAPoWOI1PsnhBu5-NeL.1\">Zoom link<\/a>\u00a0 \u00a0 \u00a0 \u00a0 (passcode: eipposter)<\/p>\n","protected":false},"excerpt":{"rendered":"<p>FACTOR STRUCTURE AND PSYCHOMETRIC PROPERTIES OF THE CROATIAN VERSION OF INFORMATION TECHNOLOGY ANXIETY SCALE IN A STUDENT SAMPLE Paula Pedi\u0107 Dui\u0107 POSTER pdf\u00a0 \u00a0 \u00a0 \u00a0 \u00a0Abstract \u00a0 \u00a0 \u00a0 \u00a0 Zoom link \u00a0 \u00a0 \u00a0 (passcode: kDMm4M) &nbsp; SUBJECTIVE ESTIMATES OF DISTRACTORS WHILE DRIVING, FREQUENCY OF THEIR USE AND THEIR RELATIONS WITH TRAFFIC ACCIDENTS [&hellip;]<\/p>\n","protected":false},"author":4,"featured_media":0,"parent":0,"menu_order":0,"comment_status":"closed","ping_status":"closed","template":"","meta":{"footnotes":""},"class_list":["post-3376","page","type-page","status-publish","hentry"],"translation":{"provider":"WPGlobus","version":"2.12.2","language":"en","enabled_languages":["rs","en"],"languages":{"rs":{"title":true,"content":true,"excerpt":false},"en":{"title":true,"content":true,"excerpt":false}}},"_links":{"self":[{"href":"https:\/\/empirijskaistrazivanja.org\/en\/wp-json\/wp\/v2\/pages\/3376"}],"collection":[{"href":"https:\/\/empirijskaistrazivanja.org\/en\/wp-json\/wp\/v2\/pages"}],"about":[{"href":"https:\/\/empirijskaistrazivanja.org\/en\/wp-json\/wp\/v2\/types\/page"}],"author":[{"embeddable":true,"href":"https:\/\/empirijskaistrazivanja.org\/en\/wp-json\/wp\/v2\/users\/4"}],"replies":[{"embeddable":true,"href":"https:\/\/empirijskaistrazivanja.org\/en\/wp-json\/wp\/v2\/comments?post=3376"}],"version-history":[{"count":7,"href":"https:\/\/empirijskaistrazivanja.org\/en\/wp-json\/wp\/v2\/pages\/3376\/revisions"}],"predecessor-version":[{"id":3421,"href":"https:\/\/empirijskaistrazivanja.org\/en\/wp-json\/wp\/v2\/pages\/3376\/revisions\/3421"}],"wp:attachment":[{"href":"https:\/\/empirijskaistrazivanja.org\/en\/wp-json\/wp\/v2\/media?parent=3376"}],"curies":[{"name":"wp","href":"https:\/\/api.w.org\/{rel}","templated":true}]}}