{"id":2948,"date":"2021-05-15T12:46:23","date_gmt":"2021-05-15T11:46:23","guid":{"rendered":"http:\/\/empirijskaistrazivanja.org\/?page_id=2948"},"modified":"2021-05-15T12:46:23","modified_gmt":"2021-05-15T11:46:23","slug":"izdavacko-preduzece-clio-posebna-ponuda-u-okviru-27-eip-a","status":"publish","type":"page","link":"https:\/\/empirijskaistrazivanja.org\/en\/izdavacko-preduzece-clio-posebna-ponuda-u-okviru-27-eip-a\/","title":{"rendered":"Izdava\u010dko preduze\u0107e CLIO \u2013 POSEBNA PONUDA U OKVIRU 27. EIP-a"},"content":{"rendered":"<p style=\"text-align: center;\"><img loading=\"lazy\" decoding=\"async\" class=\"alignnone  wp-image-2949\" src=\"http:\/\/empirijskaistrazivanja.org\/wp-content\/uploads\/2021\/05\/Clio-i-Empirijska-istrazivanja-u-psihologij-20213-300x113.jpg\" alt=\"\" width=\"376\" height=\"143\" srcset=\"https:\/\/empirijskaistrazivanja.org\/wp-content\/uploads\/2021\/05\/Clio-i-Empirijska-istrazivanja-u-psihologij-20213-300x113.jpg 300w, https:\/\/empirijskaistrazivanja.org\/wp-content\/uploads\/2021\/05\/Clio-i-Empirijska-istrazivanja-u-psihologij-20213-768x291.jpg 768w, https:\/\/empirijskaistrazivanja.org\/wp-content\/uploads\/2021\/05\/Clio-i-Empirijska-istrazivanja-u-psihologij-20213-1024x387.jpg 1024w, https:\/\/empirijskaistrazivanja.org\/wp-content\/uploads\/2021\/05\/Clio-i-Empirijska-istrazivanja-u-psihologij-20213.jpg 1187w\" sizes=\"(max-width: 376px) 100vw, 376px\" \/><\/p>\n<p style=\"font-weight: 400; text-align: center;\"><strong>Izdava\u010dko preduze\u0107e CLIO<br \/>\n<\/strong><\/p>\n<p style=\"font-weight: 400; text-align: center;\">\u00a0<strong>POSEBNA PONUDA<\/strong><strong><br \/>\n<\/strong><strong>samo za u\u010desnike 27. skupa\u00a0<em>Empirijska istra\u017eivanja u psihologiji<\/em><\/strong><\/p>\n<p style=\"font-weight: 400; text-align: center;\">\n<p style=\"font-weight: 400; text-align: center;\"><em>U nadi da \u0107emo se naredne godine dru\u017eiti \u201cu\u017eivo\u201d Izdava\u010dko preduze\u0107e Clio se, kao i uvek do sada, pobrinulo da za u\u010desnike skupa\u00a0<strong>Empirijska istra\u017eivanja u psihologiji<\/strong>\u00a0obezbedi posebne uslove za kupovinu knjiga iz oblasti psihologije i srodnih disciplina.\u00a0U prilogu vam \u0161aljemo spisak izdanja sa cenama i popustima. Ponuda va\u017ei od 14. do 24. maja 2021. godine. Knjige mo\u017eete poru\u010diti elektronskom porukom na\u00a0<a href=\"mailto:office@clio.rs\">office@clio.rs<\/a>\u00a0 ili telefonom, na broj (011) 3035 696.<\/em><\/p>\n<p style=\"font-weight: 400; text-align: center;\"><em>Za porud\u017ebine preko 2.000 dinara dostava je besplatna.\u00a0<\/em><\/p>\n<p style=\"font-weight: 400; text-align: center;\"><em>Dobro do\u0161li!<\/em><\/p>\n<p style=\"text-align: center;\">*<\/p>\n<h3 style=\"text-align: center;\"><span style=\"color: #ff9900;\"><a style=\"color: #ff9900;\" href=\"http:\/\/empirijskaistrazivanja.org\/wp-content\/uploads\/2021\/05\/EIP_cenovnik.pdf\">CENOVNIK IZDANJA SA POPUSTIMA\u00a0<\/a><\/span><\/h3>\n<p style=\"font-weight: 400; text-align: center;\">\u00a0*<\/p>\n<p style=\"font-weight: 400; text-align: center;\"><strong><em>izdvajamo iz ponude<\/em><\/strong><\/p>\n<p style=\"font-weight: 400;\">\n<hr \/>\n<p style=\"font-weight: 400;\">\n<div><span lang=\"SR-LATN-RS\"><span style=\"color: #333333; font-size: large;\"><strong>\u0160eri Terkl<\/strong><\/span><\/span><\/div>\n<p><span lang=\"SR-LATN-RS\"><span style=\"color: #800000; font-size: large;\"><strong>OBNOVIMO RAZGOVOR<\/strong><\/span><\/span><\/p>\n<p>redovna cena\u00a0<span style=\"text-decoration: line-through;\">1.980<\/span>\u00a0din, cena sa popustom\u00a0<strong><span style=\"color: #800000; font-size: large;\">1.386<\/span><\/strong>\u00a0din.<\/p>\n<p><span><br \/>\n\u017divimo u tehnolo\u0161kom univerzumu u kojem neprekidno komuniciramo, a\u00a0 razgovor smo \u017ertvovali zarad puke tehni\u010dke povezanosti. Na osnovu petogodi\u0161njeg istra\u017eivanja, intervjua u domovima, \u0161kolama i na radnom mestu, \u0160eri Terkl tvrdi da smo do\u0161li do boljeg razumevanja dokle\u00a0 tehnologija mo\u017ee da nas odvede, ali znamo i njena ograni\u010denja. Pravo je vreme da se ponovo pokrene razgovor. Vrline komunikacije licem u lice su neograni\u010dene, a najprisutnija \u201ctehnologija\u201d \u2013 razgovor, odoleva savremenim izazovima.<br \/>\n<\/span><span>\u00a0<\/span><\/p>\n<p align=\"justify\"><span style=\"color: #333333;\"><span style=\"font-size: small;\">prevela sa engleskog Marina Vicanovi\u0107<br \/>\nmeki povez, latinica, 430<span>\u00a0strana,\u00a0<\/span>format 22&#215;16\u00a0<\/span><\/span><\/p>\n<p>&nbsp;<\/p>\n<p><img loading=\"lazy\" decoding=\"async\" class=\"alignnone size-medium wp-image-2953\" src=\"http:\/\/empirijskaistrazivanja.org\/wp-content\/uploads\/2021\/05\/unnamed-221x300.jpg\" alt=\"\" width=\"221\" height=\"300\" srcset=\"https:\/\/empirijskaistrazivanja.org\/wp-content\/uploads\/2021\/05\/unnamed-221x300.jpg 221w, https:\/\/empirijskaistrazivanja.org\/wp-content\/uploads\/2021\/05\/unnamed.jpg 251w\" sizes=\"(max-width: 221px) 100vw, 221px\" \/><\/p>\n<p>&nbsp;<\/p>\n<p>&nbsp;<\/p>\n<p><strong><span style=\"color: #333333; font-size: large;\">\u0160o\u0161ana Zubof<\/span><\/strong><\/p>\n<p><strong><span style=\"color: #800000; font-size: large;\">DOBA NADZORNOG KAPITALIZMA<\/span><\/strong><\/p>\n<p>tvrdi povez sa omotnicom: redovna cena\u00a0<span style=\"text-decoration: line-through;\">2.970<\/span>\u00a0din, cena sa popustom\u00a0<strong><span style=\"font-size: large;\"><span style=\"color: #800000;\">2<span>.079<\/span><\/span><\/span><\/strong>\u00a0din.<br \/>\nmeki povez: redovna cena\u00a0<span style=\"text-decoration: line-through;\">1.760<\/span>\u00a0din, cena sa popustom\u00a0<strong><span style=\"color: #800000; font-size: large;\">1.232<\/span><\/strong>\u00a0din.<\/p>\n<p><span><br \/>\nDoba nadzornog kapitalizma\u00a0<\/span><span>otkriva svet u kom korisnici tehnologije vi\u0161e nisu klijenti, nego sirovina za obradu u potpuno novom industrijskom sistemu. Naomi Klajn za ovu knjigu ka\u017ee da \u201csvako treba da je pro\u010dita radi svoje digitalne samoodbrane\u201d. Svrstavaju je u visoko dru\u0161tvo u kom su<\/span><span>\u00a0Privreda i dru\u0161tvo\u00a0<\/span><span>Maksa Vebera,\u00a0<\/span><span>Bogatstvo naroda<\/span><span>\u00a0Adama Smita i\u00a0<\/span><span>Kapital u XXI veku\u00a0<\/span><span>Tome Piketija.<\/span><\/p>\n<p><span style=\"font-size: small;\">prevela sa engleskog Jelena Petrovi\u0107;\u00a0latinica, format 21&#215;14, 730 strana<\/span><\/p>\n<p align=\"justify\">\n<p align=\"justify\">\n<p align=\"justify\"><img loading=\"lazy\" decoding=\"async\" class=\"alignnone size-medium wp-image-2950\" src=\"http:\/\/empirijskaistrazivanja.org\/wp-content\/uploads\/2021\/05\/unnamed-1-216x300.jpg\" alt=\"\" width=\"216\" height=\"300\" srcset=\"https:\/\/empirijskaistrazivanja.org\/wp-content\/uploads\/2021\/05\/unnamed-1-216x300.jpg 216w, https:\/\/empirijskaistrazivanja.org\/wp-content\/uploads\/2021\/05\/unnamed-1.jpg 251w\" sizes=\"(max-width: 216px) 100vw, 216px\" \/><\/p>\n<p align=\"justify\">\n<p align=\"justify\">\n<p align=\"justify\"><strong><span style=\"color: #333333; font-size: large;\">Marvin Peri<\/span><\/strong><\/p>\n<p align=\"justify\"><span lang=\"SR-LATN-RS\"><strong><span style=\"color: #800000; font-size: large;\">INTELEKTUALNA ISTORIJA EVROPE<\/span><\/strong><\/span><\/p>\n<p>tvrdi povez sa omotnicom: redovna cena\u00a0<span style=\"text-decoration: line-through;\">2.750<\/span>\u00a0din, cena sa popustom\u00a0<strong><span style=\"color: #800000; font-size: large;\">1.925<\/span><\/strong>\u00a0din.<br \/>\nmeki povez: redovna cena\u00a0<span style=\"text-decoration: line-through;\">1.650<\/span>\u00a0din, cena sa popustom\u00a0<strong><span style=\"color: #800000; font-size: large;\">1.155<\/span><\/strong>\u00a0din.<\/p>\n<p align=\"justify\"><span><br \/>\nIntelektualna istorija Evrope<\/span><span>, iz pera Marvina Perija, napisana je sa uverenjem da intelektualna tradicija Zapada ima ne\u0161to vredno da saop\u0161ti izu\u010davaocima. Bez razumevanja istorijske evolucije ovih su\u0161tinskih ideala zapadnog sveta, kao i na\u010dina na koji su bili skovani, tuma\u010deni, primenjivani, kako im se suprotstavljalo, kako su bili naru\u0161avani i branjeni, bila bi smanjena na\u0161a mogu\u0107nost da ih istinski prihvatimo.<\/span><\/p>\n<p align=\"justify\">\n<p align=\"justify\"><span style=\"font-size: small;\">preveo sa engleskog \u0110or\u0111e Krivokapi\u0107;<\/span><span style=\"font-size: small;\">\u00a0latinica, format 21&#215;14, 630 strana<\/span><\/p>\n<p align=\"justify\">\n<p align=\"justify\">\n<p align=\"justify\"><img loading=\"lazy\" decoding=\"async\" class=\"alignnone size-medium wp-image-2951\" src=\"http:\/\/empirijskaistrazivanja.org\/wp-content\/uploads\/2021\/05\/unnamed-2-216x300.jpg\" alt=\"\" width=\"216\" height=\"300\" srcset=\"https:\/\/empirijskaistrazivanja.org\/wp-content\/uploads\/2021\/05\/unnamed-2-216x300.jpg 216w, https:\/\/empirijskaistrazivanja.org\/wp-content\/uploads\/2021\/05\/unnamed-2.jpg 251w\" sizes=\"(max-width: 216px) 100vw, 216px\" \/><\/p>\n<p align=\"justify\">\n<p align=\"justify\"><strong><span style=\"font-size: large;\">Dijego Fuzaro<\/span><\/strong><\/p>\n<p align=\"justify\"><span lang=\"SR-LATN-RS\"><strong><span style=\"font-size: large;\">MISLITI DRUGA\u010cIJE\u00a0<span style=\"color: #333333;\">\u2013 Filozofija neslaganja<\/span><\/span><\/strong><\/span><\/p>\n<p>tvrdi povez sa omotnicom: redovna cena\u00a0<span style=\"text-decoration: line-through;\">1.430<\/span>\u00a0din, cena sa popustom\u00a0<strong><span style=\"color: #800000; font-size: large;\">1.001<\/span><\/strong>\u00a0din.<br \/>\nmeki povez: redovna cena\u00a0<span style=\"text-decoration: line-through;\">880<\/span>\u00a0din, cena sa popustom\u00a0<strong><span style=\"font-size: large;\"><span style=\"color: #800000;\">6<span>16<\/span><\/span><\/span><\/strong>\u00a0din.<\/p>\n<p><span>Najlep\u0161i i najmo\u0107niji glasovi ne pevaju u horu nego su svojstva solista. Retki su tako upe\u010datljivi primeri koji pokazuju istinitost ove re\u010denice kao \u0161to je knjiga\u00a0<\/span><em><span>Misliti druga\u010dije<\/span><\/em><span>. U \u010ditavom delu autor spori vladaju\u0107e vrednosti i norme koje neoliberalni poredak name\u0107e kao samorazumljive atomizovanom globalnom dru\u0161tvu. No, u svom obra\u010dunu s potro\u0161a\u010dkom kulturom, \u201eprofitnom desnicom\u201c i neoliberalizmom, on ne \u0161tedi ni \u201ekulturalnu levicu\u201c, intelektualce i novinare, gram\u0161ijevskim re\u010dnikom \u201efunkcionere nadgradnje\u201c, pokazuju\u0107i da su i oni umnogome doprineli stvaranju jednog politi\u010dki korektnog diskursa koji sputava kritiku kao\u00a0<\/span><em><span>conditio sine qua non<\/span><\/em><span>\u00a0<\/span><span>dru\u0161tvenog razvoja.<\/span><\/p>\n<p align=\"justify\">\n<p align=\"justify\"><span style=\"font-size: small;\">preveo sa italijanskog Marin Pavi\u0107; latinica, format 21&#215;14, 120 strana<\/span><\/p>\n<p>&nbsp;<\/p>\n<p><img loading=\"lazy\" decoding=\"async\" class=\"alignnone size-medium wp-image-2952\" src=\"http:\/\/empirijskaistrazivanja.org\/wp-content\/uploads\/2021\/05\/unnamed-3-216x300.jpg\" alt=\"\" width=\"216\" height=\"300\" srcset=\"https:\/\/empirijskaistrazivanja.org\/wp-content\/uploads\/2021\/05\/unnamed-3-216x300.jpg 216w, https:\/\/empirijskaistrazivanja.org\/wp-content\/uploads\/2021\/05\/unnamed-3.jpg 251w\" sizes=\"(max-width: 216px) 100vw, 216px\" \/><\/p>\n<p>&nbsp;<\/p>\n<p>&nbsp;<\/p>\n<p>&nbsp;<\/p>\n<p>&nbsp;<\/p>\n<p>&nbsp;<\/p>\n<p>&nbsp;<\/p>\n<p>&nbsp;<\/p>\n","protected":false},"excerpt":{"rendered":"<p>Izdava\u010dko preduze\u0107e CLIO \u00a0POSEBNA PONUDA samo za u\u010desnike 27. skupa\u00a0Empirijska istra\u017eivanja u psihologiji U nadi da \u0107emo se naredne godine dru\u017eiti \u201cu\u017eivo\u201d Izdava\u010dko preduze\u0107e Clio se, kao i uvek do sada, pobrinulo da za u\u010desnike skupa\u00a0Empirijska istra\u017eivanja u psihologiji\u00a0obezbedi posebne uslove za kupovinu knjiga iz oblasti psihologije i srodnih disciplina.\u00a0U prilogu vam \u0161aljemo spisak izdanja [&hellip;]<\/p>\n","protected":false},"author":4,"featured_media":0,"parent":0,"menu_order":0,"comment_status":"closed","ping_status":"closed","template":"","meta":{"footnotes":""},"class_list":["post-2948","page","type-page","status-publish","hentry"],"translation":{"provider":"WPGlobus","version":"2.12.2","language":"en","enabled_languages":["rs","en"],"languages":{"rs":{"title":true,"content":true,"excerpt":false},"en":{"title":false,"content":false,"excerpt":false}}},"_links":{"self":[{"href":"https:\/\/empirijskaistrazivanja.org\/en\/wp-json\/wp\/v2\/pages\/2948"}],"collection":[{"href":"https:\/\/empirijskaistrazivanja.org\/en\/wp-json\/wp\/v2\/pages"}],"about":[{"href":"https:\/\/empirijskaistrazivanja.org\/en\/wp-json\/wp\/v2\/types\/page"}],"author":[{"embeddable":true,"href":"https:\/\/empirijskaistrazivanja.org\/en\/wp-json\/wp\/v2\/users\/4"}],"replies":[{"embeddable":true,"href":"https:\/\/empirijskaistrazivanja.org\/en\/wp-json\/wp\/v2\/comments?post=2948"}],"version-history":[{"count":2,"href":"https:\/\/empirijskaistrazivanja.org\/en\/wp-json\/wp\/v2\/pages\/2948\/revisions"}],"predecessor-version":[{"id":2956,"href":"https:\/\/empirijskaistrazivanja.org\/en\/wp-json\/wp\/v2\/pages\/2948\/revisions\/2956"}],"wp:attachment":[{"href":"https:\/\/empirijskaistrazivanja.org\/en\/wp-json\/wp\/v2\/media?parent=2948"}],"curies":[{"name":"wp","href":"https:\/\/api.w.org\/{rel}","templated":true}]}}