{"id":2332,"date":"2020-09-03T15:34:35","date_gmt":"2020-09-03T14:34:35","guid":{"rendered":"http:\/\/empirijskaistrazivanja.org\/?page_id=2332"},"modified":"2021-05-12T18:05:47","modified_gmt":"2021-05-12T17:05:47","slug":"poster-sesija-1","status":"publish","type":"page","link":"https:\/\/empirijskaistrazivanja.org\/en\/poster-sesija-1\/","title":{"rendered":"POSTER SESSION 1"},"content":{"rendered":"<hr \/>\n<table style=\"width: 100%; border-collapse: collapse; height: 24px;\" border=\"0\">\n<tbody>\n<tr style=\"height: 24px;\">\n<td style=\"width: 50%; height: 24px; text-align: center;\">\n<h2><a href=\"http:\/\/empirijskaistrazivanja.org\/wp-content\/uploads\/2021\/05\/EIP2021.Programme.pdf\">Full programme<\/a><\/h2>\n<\/td>\n<td style=\"width: 50%; height: 24px; text-align: center;\">\n<h2>\u00a0 \u00a0\u00a0<a href=\"http:\/\/empirijskaistrazivanja.org\/wp-content\/uploads\/2021\/05\/KNJIGA-REZIMEA-2021_f.pdf\">Book of abstracts<\/a><\/h2>\n<\/td>\n<\/tr>\n<\/tbody>\n<\/table>\n<hr \/>\n<table style=\"height: 501px; width: 100%; border-collapse: collapse;\" border=\"0\">\n<tbody>\n<tr style=\"height: 24px;\">\n<td style=\"width: 50%; height: 24px;\">\n<p style=\"text-align: center;\">COVID-19 RELATED FEARS, DISTRESS TOLERANCE AND TENDENCY TO WORRY IN RELATION TO SUBJECTIVE WELL-BEING: A SERIAL MEDIATION MODEL<\/p>\n<p style=\"text-align: center;\"><strong>Tatjana Vukosavljevi\u0107 Gvozden, Sanda Stankovi\u0107,<\/strong><br \/>\n<strong>Severina Filipovi\u0107<\/strong><\/p>\n<p style=\"text-align: center;\"><a href=\"http:\/\/empirijskaistrazivanja.org\/wp-content\/uploads\/2021\/05\/KNJIGA-REZIMEA-2021_f.pdf#page=23\">ABSTRACT<\/a><\/p>\n<p style=\"text-align: center;\"><a href=\"https:\/\/drive.google.com\/file\/d\/1h6b5PdReh8_XKMr1oqT9UOvVNCN6Qs5d\/view\">POSTER<\/a><\/p>\n<p style=\"text-align: center;\"><a href=\"https:\/\/us04web.zoom.us\/j\/73951513603?pwd=TUZlaUNIbVBqWkNFb3dhaGhtMHlMUT09\">ZOOM<\/a><\/p>\n<\/td>\n<td style=\"width: 50%; height: 24px;\">\n<p style=\"text-align: center;\">EFEKAT VIZUELNE DEGRADACIJE NA BRZINU OBRADE LATINI\u010cNIH I \u0106IRILI\u010cNIH RIJE\u010cI<br \/>\n<strong>Aleksandra Ante\u0161evi\u0107, Svetlana Borojevi\u0107<\/strong><\/p>\n<p style=\"text-align: center;\"><a href=\"http:\/\/empirijskaistrazivanja.org\/wp-content\/uploads\/2021\/05\/KNJIGA-REZIMEA-2021_f.pdf#page=31\">ABSTRACT<\/a><\/p>\n<p style=\"text-align: center;\"><a href=\"https:\/\/drive.google.com\/file\/d\/1gnz7SzuZtWXzmOuLurrLqYl4R7P07FXM\/view\">POSTER<\/a><\/p>\n<p style=\"text-align: center;\"><a href=\"https:\/\/us05web.zoom.us\/j\/82390845999?pwd=bURjanZZQlZ4SVkwbU9oSUdsZzVWQT09\">ZOOM<\/a><\/p>\n<\/td>\n<\/tr>\n<tr style=\"height: 26px;\">\n<td style=\"width: 100%; height: 26px;\" colspan=\"2\">\n<hr \/>\n<p style=\"text-align: center;\">\n<\/td>\n<\/tr>\n<tr style=\"height: 425px;\">\n<td style=\"width: 50%; height: 425px;\">\n<p style=\"text-align: center;\"><span style=\"font-size: inherit;\">THE NUMBER OF SENSES EFFECT IN POLYSEMOUS ADJECTIVE RECOGNITION<\/span><\/p>\n<p style=\"text-align: center;\"><strong>Sara An\u0111eli\u0107, Lenka Ili\u0107, Ksenija Mi\u0161i\u0107, Du\u0161ica Filipovi\u0107 \u0110ur\u0111evi\u0107<\/strong><\/p>\n<p style=\"text-align: center;\"><a href=\"http:\/\/empirijskaistrazivanja.org\/wp-content\/uploads\/2021\/05\/KNJIGA-REZIMEA-2021_f.pdf#page=32\">ABSTRACT<\/a><\/p>\n<p style=\"text-align: center;\"><a href=\"https:\/\/drive.google.com\/file\/d\/1XElWauRQHIKdM1i9f3dIG9qv3k3LKMtE\/view\">POSTER<\/a><\/p>\n<p style=\"text-align: center;\"><a href=\"https:\/\/us04web.zoom.us\/j\/74947233070?pwd=NWRlbW5pVEZFc0FCQUhzRzN3OFhqQT09\">ZOOM<\/a><\/p>\n<\/td>\n<td style=\"width: 50%; height: 425px;\">\n<p style=\"text-align: center;\"><span style=\"font-size: inherit;\">EMPATHY OF THE DEVIL: SEX DIFFERENCES IN THE DARK TETRAD AND EMPATHY<br \/>\n<strong>Anja Wertag, Maja Ribar, Ines Su\u010di\u0107<\/strong><br \/>\n<\/span><\/p>\n<p style=\"text-align: center;\"><a href=\"http:\/\/empirijskaistrazivanja.org\/wp-content\/uploads\/2021\/05\/KNJIGA-REZIMEA-2021_f.pdf#page=57\">ABSTRACT<\/a><\/p>\n<p style=\"text-align: center;\"><a href=\"https:\/\/drive.google.com\/file\/d\/1K9NQDESHepoZTLuTE3EnJXTfID_SXqlV\/view\">POSTER<\/a><\/p>\n<p style=\"text-align: center;\"><a href=\"https:\/\/us04web.zoom.us\/j\/76213657669?pwd=UTVVS21OdUhSZXNyTHhzUUJkOGt3UT09\">ZOOM<\/a><\/p>\n<\/td>\n<\/tr>\n<tr style=\"height: 26px;\">\n<td style=\"width: 100%; height: 26px;\" colspan=\"2\">\n<hr \/>\n<p style=\"text-align: center;\">\n<\/td>\n<\/tr>\n<\/tbody>\n<\/table>\n<table style=\"height: 24px; width: 100%; border-collapse: collapse;\" border=\"0\">\n<tbody>\n<tr>\n<td style=\"width: 50%;\">\n<p style=\"text-align: center;\">PARENTING STYLES AND LIFE STRESSORS AS PREDICTORS OF CYBER AGGRESSION AND CYBER VICTIMIZATION AMONG HIGH SCHOOL STUDENTS<br \/>\n<strong>\u017danin Pavlovi\u0107, Anisa Sadikovi\u0107, Alma \u0160uvali\u0107, Andrej Simi\u0107, Sini\u0161a Suboti\u0107<\/strong><\/p>\n<p style=\"text-align: center;\"><a href=\"http:\/\/empirijskaistrazivanja.org\/wp-content\/uploads\/2021\/05\/KNJIGA-REZIMEA-2021_f.pdf#page=71\">ABSTRACT<\/a><\/p>\n<p style=\"text-align: center;\"><a href=\"https:\/\/drive.google.com\/file\/d\/1zDho3SrRUgzX3aj14p4kvmMsTMyiI6dj\/view\">POSTER<\/a><\/p>\n<p style=\"text-align: center;\"><a href=\"https:\/\/us02web.zoom.us\/j\/83009349141?pwd=L2llZVlvNVBTYjJkS2xwb2FkSVhaZz09\">ZOOM<\/a><\/p>\n<\/td>\n<td style=\"width: 50%;\">\n<p style=\"text-align: center;\">VELI\u010cINA ILUZORNIH KONTURA KAO FAKTOR EFIKASNOSTI PRETRA\u017dIVANJA<br \/>\n<strong>Bojana Stajki\u0107, Vasilije Gvozdenovi\u0107<\/strong><\/p>\n<p style=\"text-align: center;\"><a href=\"https:\/\/drive.google.com\/file\/d\/17XOG-TpT7jQIQCgwEMywWg_lovItA1xq\/view\">ABSTRACT<\/a><\/p>\n<p style=\"text-align: center;\"><a href=\"https:\/\/drive.google.com\/file\/d\/17XOG-TpT7jQIQCgwEMywWg_lovItA1xq\/view\">POSTER<\/a><\/p>\n<p style=\"text-align: center;\"><a href=\"https:\/\/us04web.zoom.us\/j\/71015198038?pwd=UHFEKzc4MHJIMkRmU2dRRTVQR3pyQT09\">ZOOM<\/a><\/p>\n<\/td>\n<\/tr>\n<tr>\n<td style=\"width: 100%;\" colspan=\"2\">\n<hr \/>\n<p style=\"text-align: center;\">\n<\/td>\n<\/tr>\n<\/tbody>\n<\/table>\n<table style=\"height: 218px; width: 100%; border-collapse: collapse;\" border=\"0\">\n<tbody>\n<tr style=\"height: 192px;\">\n<td style=\"width: 50%; height: 192px;\">\n<p style=\"text-align: center;\">EMOTION REGULATION STRATEGIES AND SUBJECTIVE WELL-BEING: GENDER DIFFERENCES IN FLEXIBILITY<br \/>\n<strong>Marija D\u017eida, Andreja Braj\u0161a-\u017dganec, Ljiljana Kaliterna Lipov\u010dan, Zvjezdana Prizmi\u0107-Larsen<\/strong><\/p>\n<p style=\"text-align: center;\"><a href=\"http:\/\/empirijskaistrazivanja.org\/wp-content\/uploads\/2021\/05\/KNJIGA-REZIMEA-2021_f.pdf#page=108\">ABSTRACT<\/a><\/p>\n<p style=\"text-align: center;\"><a href=\"https:\/\/drive.google.com\/file\/d\/1N7DS_hMqIVYKdYcU-Z84KdQXxdCg2zaX\/view\">POSTER<\/a><\/p>\n<p style=\"text-align: center;\"><a href=\"https:\/\/us04web.zoom.us\/j\/74600366911?pwd=bXcxRkVVSXdlUHJmWGZoZUlkWDU4dz09\">ZOOM<\/a><\/p>\n<\/td>\n<td style=\"width: 50%; height: 192px;\">\n<p style=\"text-align: center;\">STILOVI HUMORA KOD SRPSKIH ADOLESCENATA<\/p>\n<p style=\"text-align: center;\"><strong>Jelica Miloji\u010di\u0107<\/strong><\/p>\n<p style=\"text-align: center;\"><a href=\"http:\/\/empirijskaistrazivanja.org\/wp-content\/uploads\/2021\/05\/KNJIGA-REZIMEA-2021_f.pdf#page=107\">ABSTRACT<\/a><\/p>\n<p style=\"text-align: center;\"><a href=\"https:\/\/drive.google.com\/file\/d\/1tcgd8xPCP4loUFZSEpeTqL_fFinqPHib\/view\">POSTER<\/a><\/p>\n<p style=\"text-align: center;\"><a href=\"https:\/\/us05web.zoom.us\/j\/4603731853?pwd=dWNrY2IvS3BJVlZZc1IwOENPQ0Y5UT09\">ZOOM<\/a><\/p>\n<\/td>\n<\/tr>\n<tr style=\"height: 26px;\">\n<td style=\"width: 50%; height: 26px;\" colspan=\"2\">\n<hr \/>\n<p style=\"text-align: center;\">\n<\/td>\n<\/tr>\n<\/tbody>\n<\/table>\n<table style=\"height: 500px; width: 100%; border-collapse: collapse;\" border=\"0\">\n<tbody>\n<tr style=\"height: 474px;\">\n<td style=\"width: 403px; height: 474px;\">\n<p style=\"text-align: center;\">PRESENCE OF OPEN ACCESS IN DIFFERENT SUBFIELDS OF PSYCHOLOGY<br \/>\n<strong>Aleksandra Babi\u0107, Tanja Jevremov<\/strong><\/p>\n<p style=\"text-align: center;\"><a href=\"http:\/\/empirijskaistrazivanja.org\/wp-content\/uploads\/2021\/05\/KNJIGA-REZIMEA-2021_f.pdf#page=141\">ABSTRACT<\/a><\/p>\n<p style=\"text-align: center;\"><a href=\"https:\/\/drive.google.com\/file\/d\/1kjYUl2NYCIk-PBFNjABr5ZlliQD0nJYd\/view\">POSTER<\/a><\/p>\n<p style=\"text-align: center;\"><a href=\"https:\/\/us04web.zoom.us\/j\/7412054539?pwd=Z0d4Q3pjY3NvR2kwL29aS2xCb2lrUT09\">ZOOM<\/a><\/p>\n<\/td>\n<td style=\"width: 402px; height: 474px;\">\n<p style=\"text-align: center;\">PRELIMINARY PSYCHOMETRIC CHARACTERISTICS OF THE SHORT SUBTYPES OF ANTISOCIAL BEHAVIOR QUESTIONNAIRE (SABQ)<br \/>\n<strong>Anja Wertag, Bojana Dini\u0107, Tomislav Pavlovi\u0107<\/strong><\/p>\n<p style=\"text-align: center;\"><a href=\"http:\/\/empirijskaistrazivanja.org\/wp-content\/uploads\/2021\/05\/KNJIGA-REZIMEA-2021_f.pdf#page=140\">ABSTRACT<\/a><\/p>\n<p style=\"text-align: center;\"><a href=\"https:\/\/drive.google.com\/file\/d\/12xwK48SH5hZ3KS7XKUm3JR8pfq6w9sVD\/view\">POSTER<\/a><\/p>\n<p style=\"text-align: center;\"><a href=\"https:\/\/us04web.zoom.us\/j\/76213657669?pwd=UTVVS21OdUhSZXNyTHhzUUJkOGt3UT09\">ZOOM<\/a><\/p>\n<\/td>\n<\/tr>\n<tr style=\"height: 26px;\">\n<td style=\"width: 806px; height: 26px;\" colspan=\"2\">\n<hr \/>\n<p style=\"text-align: center;\">\n<\/td>\n<\/tr>\n<\/tbody>\n<\/table>\n<table style=\"height: 24px; width: 100%; border-collapse: collapse;\" border=\"0\">\n<tbody>\n<tr>\n<td style=\"width: 403px;\">\n<p style=\"text-align: center;\">DETERMINANTS OF DEPRESSIVE AFFECT IN SERBIA<br \/>\n<strong>Vladimir Mentus<\/strong><\/p>\n<p style=\"text-align: center;\"><a href=\"http:\/\/empirijskaistrazivanja.org\/wp-content\/uploads\/2021\/05\/KNJIGA-REZIMEA-2021_f.pdf#page=129\">ABSTRACT<\/a><\/p>\n<p style=\"text-align: center;\"><a href=\"https:\/\/drive.google.com\/file\/d\/1nGyVvjc1l-4nXlBxIdIpsD7SJ_xqTCZV\/view\">POSTER<\/a><\/p>\n<p style=\"text-align: center;\"><a href=\"https:\/\/us05web.zoom.us\/j\/88622194738?pwd=bC9McUhlZTFEV0VudVlmTkVtSU5KZz09\">ZOOM<\/a><\/p>\n<\/td>\n<td style=\"width: 402px;\"><\/td>\n<\/tr>\n<tr>\n<td style=\"width: 806px;\" colspan=\"2\">\n<hr \/>\n<p style=\"text-align: center;\">\n<\/td>\n<\/tr>\n<\/tbody>\n<\/table>\n<table style=\"height: 24px; width: 100%; border-collapse: collapse;\" border=\"0\">\n<tbody>\n<tr>\n<td style=\"width: 403px;\">\n<p style=\"text-align: center;\">\n<\/td>\n<td style=\"width: 402px;\"><\/td>\n<\/tr>\n<tr>\n<td style=\"width: 806px;\" colspan=\"2\">\n<hr \/>\n<p style=\"text-align: center;\">\n<\/td>\n<\/tr>\n<\/tbody>\n<\/table>\n","protected":false},"excerpt":{"rendered":"<p>Full programme \u00a0 \u00a0\u00a0Book of abstracts COVID-19 RELATED FEARS, DISTRESS TOLERANCE AND TENDENCY TO WORRY IN RELATION TO SUBJECTIVE WELL-BEING: A SERIAL MEDIATION MODEL Tatjana Vukosavljevi\u0107 Gvozden, Sanda Stankovi\u0107, Severina Filipovi\u0107 ABSTRACT POSTER ZOOM EFEKAT VIZUELNE DEGRADACIJE NA BRZINU OBRADE LATINI\u010cNIH I \u0106IRILI\u010cNIH RIJE\u010cI Aleksandra Ante\u0161evi\u0107, Svetlana Borojevi\u0107 ABSTRACT POSTER ZOOM THE NUMBER OF SENSES [&hellip;]<\/p>\n","protected":false},"author":4,"featured_media":0,"parent":0,"menu_order":0,"comment_status":"closed","ping_status":"closed","template":"","meta":{"footnotes":""},"class_list":["post-2332","page","type-page","status-publish","hentry"],"translation":{"provider":"WPGlobus","version":"2.12.2","language":"en","enabled_languages":["rs","en"],"languages":{"rs":{"title":true,"content":true,"excerpt":false},"en":{"title":true,"content":true,"excerpt":false}}},"_links":{"self":[{"href":"https:\/\/empirijskaistrazivanja.org\/en\/wp-json\/wp\/v2\/pages\/2332"}],"collection":[{"href":"https:\/\/empirijskaistrazivanja.org\/en\/wp-json\/wp\/v2\/pages"}],"about":[{"href":"https:\/\/empirijskaistrazivanja.org\/en\/wp-json\/wp\/v2\/types\/page"}],"author":[{"embeddable":true,"href":"https:\/\/empirijskaistrazivanja.org\/en\/wp-json\/wp\/v2\/users\/4"}],"replies":[{"embeddable":true,"href":"https:\/\/empirijskaistrazivanja.org\/en\/wp-json\/wp\/v2\/comments?post=2332"}],"version-history":[{"count":38,"href":"https:\/\/empirijskaistrazivanja.org\/en\/wp-json\/wp\/v2\/pages\/2332\/revisions"}],"predecessor-version":[{"id":2945,"href":"https:\/\/empirijskaistrazivanja.org\/en\/wp-json\/wp\/v2\/pages\/2332\/revisions\/2945"}],"wp:attachment":[{"href":"https:\/\/empirijskaistrazivanja.org\/en\/wp-json\/wp\/v2\/media?parent=2332"}],"curies":[{"name":"wp","href":"https:\/\/api.w.org\/{rel}","templated":true}]}}