{"id":116,"date":"2016-06-25T16:44:22","date_gmt":"2016-06-25T15:44:22","guid":{"rendered":"http:\/\/test.empirijskaistrazivanja.org\/?page_id=116"},"modified":"2026-02-26T17:03:49","modified_gmt":"2026-02-26T16:03:49","slug":"plenarna-predavanja","status":"publish","type":"page","link":"https:\/\/empirijskaistrazivanja.org\/en\/plenarna-predavanja\/","title":{"rendered":"Keynote lectures"},"content":{"rendered":"<table style=\"border-collapse: collapse; width: 100%; height: 535px;\" border=\"0\">\n<tbody>\n<tr style=\"height: 250px;\">\n<td style=\"width: 23.3129%; height: 250px;\"><a href=\"http:\/\/empirijskaistrazivanja.org\/wp-content\/uploads\/2025\/11\/20251125_121917_Cintia-Rodriguez_NOVA-scaled.jpg\"><img loading=\"lazy\" decoding=\"async\" class=\"alignnone size-full wp-image-5122\" src=\"http:\/\/empirijskaistrazivanja.org\/wp-content\/uploads\/2025\/11\/20251125_121917_Cintia-Rodriguez_NOVA-scaled.jpg\" alt=\"\" width=\"1920\" height=\"2560\" srcset=\"https:\/\/empirijskaistrazivanja.org\/wp-content\/uploads\/2025\/11\/20251125_121917_Cintia-Rodriguez_NOVA-scaled.jpg 1920w, https:\/\/empirijskaistrazivanja.org\/wp-content\/uploads\/2025\/11\/20251125_121917_Cintia-Rodriguez_NOVA-225x300.jpg 225w, https:\/\/empirijskaistrazivanja.org\/wp-content\/uploads\/2025\/11\/20251125_121917_Cintia-Rodriguez_NOVA-768x1024.jpg 768w, https:\/\/empirijskaistrazivanja.org\/wp-content\/uploads\/2025\/11\/20251125_121917_Cintia-Rodriguez_NOVA-1152x1536.jpg 1152w, https:\/\/empirijskaistrazivanja.org\/wp-content\/uploads\/2025\/11\/20251125_121917_Cintia-Rodriguez_NOVA-1536x2048.jpg 1536w, https:\/\/empirijskaistrazivanja.org\/wp-content\/uploads\/2025\/11\/20251125_121917_Cintia-Rodriguez_NOVA-18x24.jpg 18w, https:\/\/empirijskaistrazivanja.org\/wp-content\/uploads\/2025\/11\/20251125_121917_Cintia-Rodriguez_NOVA-27x36.jpg 27w, https:\/\/empirijskaistrazivanja.org\/wp-content\/uploads\/2025\/11\/20251125_121917_Cintia-Rodriguez_NOVA-36x48.jpg 36w\" sizes=\"(max-width: 1920px) 100vw, 1920px\" \/><\/a><\/td>\n<td style=\"width: 3.10355%; height: 250px;\"><\/td>\n<td style=\"width: 73.5837%; height: 250px;\">\n<h2><a href=\"https:\/\/empirijskaistrazivanja.org\/rodriguez\/\">Early Development of Executive Functions<\/a> <a href=\"https:\/\/empirijskaistrazivanja.org\/rodriguez\/\">in the Everyday Life<\/a><\/h2>\n<h3><a href=\"https:\/\/empirijskaistrazivanja.org\/rodriguez\/\">Cintia Rodr\u00edguez<\/a><\/h3>\n<h4><a href=\"https:\/\/empirijskaistrazivanja.org\/rodriguez\/\"><em>Universidad Aut\u00f3noma de Madrid, Spain<\/em><\/a><\/h4>\n<\/td>\n<\/tr>\n<tr style=\"height: 261px;\">\n<td style=\"width: 23.3129%; height: 261px;\"><a href=\"http:\/\/empirijskaistrazivanja.org\/wp-content\/uploads\/2025\/11\/tamara_slika.jpg\"><img loading=\"lazy\" decoding=\"async\" class=\"alignnone size-full wp-image-5114\" src=\"http:\/\/empirijskaistrazivanja.org\/wp-content\/uploads\/2025\/11\/tamara_slika.jpg\" alt=\"\" width=\"654\" height=\"519\" srcset=\"https:\/\/empirijskaistrazivanja.org\/wp-content\/uploads\/2025\/11\/tamara_slika.jpg 654w, https:\/\/empirijskaistrazivanja.org\/wp-content\/uploads\/2025\/11\/tamara_slika-300x238.jpg 300w, https:\/\/empirijskaistrazivanja.org\/wp-content\/uploads\/2025\/11\/tamara_slika-24x19.jpg 24w, https:\/\/empirijskaistrazivanja.org\/wp-content\/uploads\/2025\/11\/tamara_slika-36x29.jpg 36w, https:\/\/empirijskaistrazivanja.org\/wp-content\/uploads\/2025\/11\/tamara_slika-48x38.jpg 48w\" sizes=\"(max-width: 654px) 100vw, 654px\" \/><\/a><\/td>\n<td style=\"width: 3.10355%; height: 261px;\"><\/td>\n<td style=\"width: 73.5837%; height: 261px;\">\n<h2><a href=\"https:\/\/empirijskaistrazivanja.org\/en\/dzamonjaignjatovic\/\">How We Approach Interpersonal Conflicts: Style or Skill?<\/a><\/h2>\n<h3><a href=\"https:\/\/empirijskaistrazivanja.org\/en\/dzamonjaignjatovic\/\">Tamara D\u017eamonja Ignjatovi\u0107<\/a><\/h3>\n<h4><a href=\"https:\/\/empirijskaistrazivanja.org\/en\/dzamonjaignjatovic\/\"><em>Department of Psychology, Faculty of Philosophy, University of Belgrade<\/em><\/a><\/h4>\n<\/td>\n<\/tr>\n<tr style=\"height: 24px;\">\n<td style=\"width: 23.3129%; height: 24px;\"><\/td>\n<td style=\"width: 3.10355%; height: 24px;\"><\/td>\n<td style=\"width: 73.5837%; height: 24px;\"><\/td>\n<\/tr>\n<\/tbody>\n<\/table>\n<hr \/>\n<table style=\"border-collapse: collapse; width: 100%; height: 24px;\" border=\"0\">\n<tbody>\n<tr style=\"height: 24px;\">\n<td style=\"width: 23.3129%; height: 24px;\"><\/td>\n<td style=\"width: 76.6871%; height: 24px;\">\n<h5 style=\"padding-left: 40px;\"><\/h5>\n<\/td>\n<\/tr>\n<\/tbody>\n<\/table>\n<hr \/>\n<h2><span style=\"color: #ffffff;\">The Award for Outstanding Achievement<\/span><\/h2>\n<h2><span style=\"color: #ffffff;\">in the Early Phase of a Scientific Career &#8220;Nenad Havelka&#8221;<\/span><\/h2>\n<table style=\"border-collapse: collapse; width: 100%; height: 48px;\" border=\"0\">\n<tbody>\n<tr style=\"height: 24px;\">\n<td style=\"width: 23.4423%; height: 24px;\"><a href=\"http:\/\/empirijskaistrazivanja.org\/wp-content\/uploads\/2026\/02\/Marija_Brankovic-scaled.jpg\"><img loading=\"lazy\" decoding=\"async\" class=\"alignnone wp-image-5273\" src=\"http:\/\/empirijskaistrazivanja.org\/wp-content\/uploads\/2026\/02\/Marija_Brankovic-scaled.jpg\" alt=\"\" width=\"282\" height=\"423\" srcset=\"https:\/\/empirijskaistrazivanja.org\/wp-content\/uploads\/2026\/02\/Marija_Brankovic-scaled.jpg 1709w, https:\/\/empirijskaistrazivanja.org\/wp-content\/uploads\/2026\/02\/Marija_Brankovic-200x300.jpg 200w, https:\/\/empirijskaistrazivanja.org\/wp-content\/uploads\/2026\/02\/Marija_Brankovic-684x1024.jpg 684w, https:\/\/empirijskaistrazivanja.org\/wp-content\/uploads\/2026\/02\/Marija_Brankovic-768x1150.jpg 768w, https:\/\/empirijskaistrazivanja.org\/wp-content\/uploads\/2026\/02\/Marija_Brankovic-1025x1536.jpg 1025w, https:\/\/empirijskaistrazivanja.org\/wp-content\/uploads\/2026\/02\/Marija_Brankovic-1367x2048.jpg 1367w, https:\/\/empirijskaistrazivanja.org\/wp-content\/uploads\/2026\/02\/Marija_Brankovic-16x24.jpg 16w, https:\/\/empirijskaistrazivanja.org\/wp-content\/uploads\/2026\/02\/Marija_Brankovic-24x36.jpg 24w, https:\/\/empirijskaistrazivanja.org\/wp-content\/uploads\/2026\/02\/Marija_Brankovic-32x48.jpg 32w\" sizes=\"(max-width: 282px) 100vw, 282px\" \/><\/a><\/td>\n<td style=\"width: 3.75377%; height: 24px;\">\n<h2><span style=\"font-size: 16px; font-weight: 400; color: #000000;\">\u00a0<\/span><\/h2>\n<\/td>\n<td style=\"width: 72.8038%; height: 24px;\">\n<h2><a href=\"https:\/\/empirijskaistrazivanja.org\/en\/brankovic\/\">On the psychology of interactions of humans with other animals<\/a><\/h2>\n<h3><a href=\"https:\/\/empirijskaistrazivanja.org\/en\/brankovic\/\">Marija Brankovi\u0107<\/a><\/h3>\n<h4><a href=\"https:\/\/empirijskaistrazivanja.org\/en\/brankovic\/\"><em>Institute for Philosophy and Social Theory, University of Belgrade; The Faculty of Media and Communications, Singidunum University<\/em><\/a><\/h4>\n<h4><\/h4>\n<\/td>\n<\/tr>\n<tr style=\"height: 24px;\">\n<td style=\"width: 23.4423%; height: 24px;\">\n<h4 style=\"text-align: center;\"><\/h4>\n<\/td>\n<td style=\"width: 3.75377%;\">\n<h4 style=\"text-align: center;\"><\/h4>\n<\/td>\n<td style=\"width: 72.8038%; height: 24px;\">\n<h5 style=\"padding-left: 40px;\"><\/h5>\n<h2><\/h2>\n<\/td>\n<\/tr>\n<\/tbody>\n<\/table>\n","protected":false},"excerpt":{"rendered":"<p>Early Development of Executive Functions in the Everyday Life Cintia Rodr\u00edguez Universidad Aut\u00f3noma de Madrid, Spain How We Approach Interpersonal Conflicts: Style or Skill? Tamara D\u017eamonja Ignjatovi\u0107 Department of Psychology, Faculty of Philosophy, University of Belgrade The Award for Outstanding Achievement in the Early Phase of a Scientific Career &#8220;Nenad Havelka&#8221; \u00a0 On the psychology [&hellip;]<\/p>\n","protected":false},"author":1,"featured_media":0,"parent":0,"menu_order":0,"comment_status":"closed","ping_status":"closed","template":"","meta":{"footnotes":""},"class_list":["post-116","page","type-page","status-publish","hentry"],"translation":{"provider":"WPGlobus","version":"2.12.2","language":"en","enabled_languages":["rs","en"],"languages":{"rs":{"title":true,"content":true,"excerpt":false},"en":{"title":true,"content":true,"excerpt":false}}},"_links":{"self":[{"href":"https:\/\/empirijskaistrazivanja.org\/en\/wp-json\/wp\/v2\/pages\/116"}],"collection":[{"href":"https:\/\/empirijskaistrazivanja.org\/en\/wp-json\/wp\/v2\/pages"}],"about":[{"href":"https:\/\/empirijskaistrazivanja.org\/en\/wp-json\/wp\/v2\/types\/page"}],"author":[{"embeddable":true,"href":"https:\/\/empirijskaistrazivanja.org\/en\/wp-json\/wp\/v2\/users\/1"}],"replies":[{"embeddable":true,"href":"https:\/\/empirijskaistrazivanja.org\/en\/wp-json\/wp\/v2\/comments?post=116"}],"version-history":[{"count":97,"href":"https:\/\/empirijskaistrazivanja.org\/en\/wp-json\/wp\/v2\/pages\/116\/revisions"}],"predecessor-version":[{"id":5282,"href":"https:\/\/empirijskaistrazivanja.org\/en\/wp-json\/wp\/v2\/pages\/116\/revisions\/5282"}],"wp:attachment":[{"href":"https:\/\/empirijskaistrazivanja.org\/en\/wp-json\/wp\/v2\/media?parent=116"}],"curies":[{"name":"wp","href":"https:\/\/api.w.org\/{rel}","templated":true}]}}