{"id":3841,"date":"2023-03-27T13:24:32","date_gmt":"2023-03-27T12:24:32","guid":{"rendered":"http:\/\/empirijskaistrazivanja.org\/?page_id=3841"},"modified":"2023-03-27T13:34:21","modified_gmt":"2023-03-27T12:34:21","slug":"clio","status":"publish","type":"page","link":"http:\/\/empirijskaistrazivanja.org\/en\/clio\/","title":{"rendered":"Clio"},"content":{"rendered":"<p><img loading=\"lazy\" decoding=\"async\" class=\"alignnone size-full wp-image-3850 aligncenter\" src=\"http:\/\/empirijskaistrazivanja.org\/wp-content\/uploads\/2023\/03\/Clio-i-Empirijska-istrazivanja-u-psihologiji3.jpg\" alt=\"\" width=\"928\" height=\"351\" srcset=\"http:\/\/empirijskaistrazivanja.org\/wp-content\/uploads\/2023\/03\/Clio-i-Empirijska-istrazivanja-u-psihologiji3.jpg 928w, http:\/\/empirijskaistrazivanja.org\/wp-content\/uploads\/2023\/03\/Clio-i-Empirijska-istrazivanja-u-psihologiji3-300x113.jpg 300w, http:\/\/empirijskaistrazivanja.org\/wp-content\/uploads\/2023\/03\/Clio-i-Empirijska-istrazivanja-u-psihologiji3-768x290.jpg 768w, http:\/\/empirijskaistrazivanja.org\/wp-content\/uploads\/2023\/03\/Clio-i-Empirijska-istrazivanja-u-psihologiji3-24x9.jpg 24w, http:\/\/empirijskaistrazivanja.org\/wp-content\/uploads\/2023\/03\/Clio-i-Empirijska-istrazivanja-u-psihologiji3-36x14.jpg 36w, http:\/\/empirijskaistrazivanja.org\/wp-content\/uploads\/2023\/03\/Clio-i-Empirijska-istrazivanja-u-psihologiji3-48x18.jpg 48w\" sizes=\"(max-width: 928px) 100vw, 928px\" \/><\/p>\n<p style=\"font-weight: 400; text-align: center;\"><strong>Izdava\u010dko preduze\u0107e CLIO i Organizacioni odbor EIP 2023.<\/strong><\/p>\n<p style=\"font-weight: 400; text-align: center;\"><strong>pozivaju vas na<\/strong><\/p>\n<p style=\"font-weight: 400; text-align: center;\">\u00a0<strong>PRODAJNU IZLO\u017dBU KNJIGA<\/strong><strong><br \/>\n<\/strong><strong>od\u00a031.\u00a0marta\u00a0 do\u00a02.\u00a0aprila<\/strong><\/p>\n<p style=\"font-weight: 400; text-align: center;\"><strong>Hol Filozofskog fakulteta Univerziteta u Beogradu<\/strong><\/p>\n<p style=\"font-weight: 400; text-align: center;\"><strong><em>Posle tri godine pauze opet \u0107emo se dru\u017eiti u\u017eivo!<\/em><\/strong><\/p>\n<p style=\"font-weight: 400; text-align: center;\"><strong><em>Tokom skupa\u00a0<\/em><\/strong><strong><em>Empirijska istra\u017eivanja u psihologiji 2023.\u00a0u holu Filozofskog fakulteta izlo\u017ei\u0107emo izdanja\u00a0iz oblasti psihologije i srodnih disciplina. Knjige \u0107e mo\u0107i da se kupe po cenama ni\u017eim od 30% do 50%.<\/em><\/strong><\/p>\n<p style=\"font-weight: 400; text-align: center;\"><strong><em>U\u00a0prilogu vam \u0161aljemo spisak naslova sa cenama i popustima.<\/em><\/strong><\/p>\n<p style=\"font-weight: 400; text-align: center;\"><strong><em>Dobro do\u0161li!<\/em><\/strong><\/p>\n<p style=\"font-weight: 400; text-align: center;\">\u00a0*<\/p>\n<p>&nbsp;<\/p>\n<h2 style=\"text-align: center;\"><a href=\"http:\/\/empirijskaistrazivanja.org\/wp-content\/uploads\/2023\/03\/Clio-cenovnik_EIP-2.pdf\">Cenovnik prodajne izlo\u017ebe<\/a><\/h2>\n<p>&nbsp;<\/p>\n<p style=\"font-weight: 400; text-align: center;\"><strong><em>izdvajamo<\/em><\/strong><\/p>\n<table style=\"border-collapse: collapse; width: 100%; height: 1438px;\" border=\"0\">\n<tbody>\n<tr style=\"height: 384px;\">\n<td style=\"width: 30.3882%; height: 384px;\"><img loading=\"lazy\" decoding=\"async\" class=\"alignnone size-full wp-image-3851\" src=\"http:\/\/empirijskaistrazivanja.org\/wp-content\/uploads\/2023\/03\/clio1.jpg\" alt=\"\" width=\"220\" height=\"299\" srcset=\"http:\/\/empirijskaistrazivanja.org\/wp-content\/uploads\/2023\/03\/clio1.jpg 220w, http:\/\/empirijskaistrazivanja.org\/wp-content\/uploads\/2023\/03\/clio1-18x24.jpg 18w, http:\/\/empirijskaistrazivanja.org\/wp-content\/uploads\/2023\/03\/clio1-26x36.jpg 26w, http:\/\/empirijskaistrazivanja.org\/wp-content\/uploads\/2023\/03\/clio1-35x48.jpg 35w\" sizes=\"(max-width: 220px) 100vw, 220px\" \/><\/td>\n<td style=\"width: 69.6118%; height: 384px;\">\n<p align=\"justify\"><span lang=\"SR-LATN-RS\">D\u017eonatan Hajt<\/span><\/p>\n<p align=\"justify\"><b><span style=\"color: #800000;\">PSIHOLOGIJA MORALA<\/span><\/b><\/p>\n<p align=\"justify\"><b>O pravi\u010dnom umu ili mogu li politika i<\/b><\/p>\n<p align=\"justify\"><b>religija podeliti dobre ljude<\/b><\/p>\n<p align=\"justify\">\n<p align=\"justify\"><span lang=\"SR-LATN-RS\">prevela sa engleskog Marina vicanovi\u0107<\/span><\/p>\n<p align=\"justify\"><span lang=\"SR-LATN-RS\">bro\u0161irani povez, latinica, S 435, F 16&#215;23<\/span><\/p>\n<p align=\"justify\">knji\u017earska cena 2.530 din, cena sa popustom\u00a0<span style=\"color: #800000;\"><strong>1.800 din.<\/strong><\/span><\/p>\n<p>&nbsp;<\/p>\n<p align=\"justify\">Vode\u0107i \u010ditaoca na putovanje kroz ljudsku prirodu i istoriju iz perspektive psihologije morala, autor \u017eeli da ga podstakne na nov na\u010din promi\u0161ljanja o dvema temama koje ljude najvi\u0161e okupiraju, a u isti mah najvi\u0161e uznemiruju i razdvajaju: politici i religiji. Ostra\u0161\u0107enost i ljutnju koje dispute o njima prate, Hajt nastoji da zameni divljenjem, zapitano\u0161\u0107u i radoznalo\u0161\u0107u. On izra\u017eava nadu da \u0107e ova knjiga doprineti ne samo tome da razgovori o moralnosti, politici i religiji postanu uobi\u010dajeni, uljudniji i zabavniji, nego i da \u0107e nam, u krajnjem, pomo\u0107i da se slo\u017eimo.<\/p>\n<\/td>\n<\/tr>\n<tr>\n<td style=\"width: 30.3882%;\"><\/td>\n<td style=\"width: 69.6118%;\">\n<p align=\"justify\"><span lang=\"SR-LATN-RS\">\u00a0<\/span><\/p>\n<\/td>\n<\/tr>\n<tr style=\"height: 384px;\">\n<td style=\"width: 30.3882%; height: 384px;\"><img loading=\"lazy\" decoding=\"async\" class=\"alignnone size-full wp-image-3852\" src=\"http:\/\/empirijskaistrazivanja.org\/wp-content\/uploads\/2023\/03\/clio2.jpg\" alt=\"\" width=\"222\" height=\"329\" srcset=\"http:\/\/empirijskaistrazivanja.org\/wp-content\/uploads\/2023\/03\/clio2.jpg 222w, http:\/\/empirijskaistrazivanja.org\/wp-content\/uploads\/2023\/03\/clio2-202x300.jpg 202w, http:\/\/empirijskaistrazivanja.org\/wp-content\/uploads\/2023\/03\/clio2-16x24.jpg 16w, http:\/\/empirijskaistrazivanja.org\/wp-content\/uploads\/2023\/03\/clio2-24x36.jpg 24w, http:\/\/empirijskaistrazivanja.org\/wp-content\/uploads\/2023\/03\/clio2-32x48.jpg 32w\" sizes=\"(max-width: 222px) 100vw, 222px\" \/><\/td>\n<td style=\"width: 69.6118%; height: 384px;\">\n<p align=\"justify\"><span lang=\"SR-LATN-RS\">Kristijan Salmon<\/span><\/p>\n<p align=\"justify\"><b>STORYTELLING ili pri\u010dam ti pri\u010du<\/b><\/p>\n<p align=\"justify\">\n<p align=\"justify\"><span lang=\"SR-LATN-RS\">prevele sa francuskog Iva Brdar, Tijana Krivokapi\u0107<\/span><\/p>\n<p align=\"justify\"><span lang=\"SR-LATN-RS\">bro\u0161irani povez, latinica, S 270, F 16&#215;24<\/span><\/p>\n<p align=\"justify\"><span lang=\"SR-LATN-RS\">knji\u017earska cena 1.320 din, cena sa popustom\u00a0<\/span><b><span lang=\"SR-LATN-RS\">900 din.<\/span><\/b><\/p>\n<p align=\"justify\">\n<p align=\"justify\">Pedagozi ga koriste kao tehniku u nastavi, a psiholozi kao na\u010din za izle\u010denje trauma. On predstavlja odgovor na krizu smisla u kompaniji i oru\u0111e propagande, mehanizam za virtuelno uranjanje i instrument za profilisanje pojedinaca, tehniku vizualizacije informacije i opasno oru\u017eje za dezinformisanje&#8230; Kristijan Salmon u storitelingu prepoznaje ma\u0161inu koja nala\u017ee ljudima da se poistovete sa idejama i prilagode protokolima, ma\u0161inu za proizvodnju pri\u010da i formatiranje uma. On upotrebu storitelinga razmatra u sedam poglavlja od kojih svako predstavlja etapu u navigaciji kroz virtuelni svet ovog fenomena, sa svojim mehanizmima za pisanje, sistemima pra\u0107enja i kontrole, narativnim sklopovima, formatima i mre\u017eama.<\/p>\n<\/td>\n<\/tr>\n<tr>\n<td style=\"width: 30.3882%;\"><\/td>\n<td style=\"width: 69.6118%;\">\n<p align=\"justify\"><span lang=\"SR-LATN-RS\">\u00a0<\/span><\/p>\n<\/td>\n<\/tr>\n<tr style=\"height: 339px;\">\n<td style=\"width: 30.3882%; height: 339px;\"><img loading=\"lazy\" decoding=\"async\" class=\"alignnone size-full wp-image-3853\" src=\"http:\/\/empirijskaistrazivanja.org\/wp-content\/uploads\/2023\/03\/clio3.jpg\" alt=\"\" width=\"208\" height=\"309\" srcset=\"http:\/\/empirijskaistrazivanja.org\/wp-content\/uploads\/2023\/03\/clio3.jpg 208w, http:\/\/empirijskaistrazivanja.org\/wp-content\/uploads\/2023\/03\/clio3-202x300.jpg 202w, http:\/\/empirijskaistrazivanja.org\/wp-content\/uploads\/2023\/03\/clio3-16x24.jpg 16w, http:\/\/empirijskaistrazivanja.org\/wp-content\/uploads\/2023\/03\/clio3-24x36.jpg 24w, http:\/\/empirijskaistrazivanja.org\/wp-content\/uploads\/2023\/03\/clio3-32x48.jpg 32w\" sizes=\"(max-width: 208px) 100vw, 208px\" \/><\/td>\n<td style=\"width: 69.6118%; height: 339px;\">\n<p align=\"justify\"><span lang=\"SR-LATN-RS\">Manojlo Maravi\u0107<\/span><\/p>\n<p align=\"justify\"><b><span lang=\"SR-LATN-RS\">TOTALNA ISTORIJA VIDEO-IGARA<\/span><\/b><\/p>\n<p align=\"justify\">\n<p align=\"justify\"><span lang=\"SR-LATN-RS\">bro\u0161irani povez, latinica, S 378, F 16&#215;24<\/span><\/p>\n<p align=\"justify\"><span lang=\"SR-LATN-RS\">knji\u017earska cena 1.760 din, cena sa popustom\u00a0<\/span><b><span lang=\"SR-LATN-RS\">1.300 din.<\/span><\/b><\/p>\n<p align=\"justify\">\n<p align=\"justify\">Pojava, a potom i ekspanzija video-igara nesumnjivo su obele\u017eile drugu polovinu XX i po\u010detak XXI veka. Potreba da se njihovo prou\u010davanje razvije u posebnu, interdisciplinarnu oblast koja obuhvata \u0161iroku lepezu dru\u0161tvenih i humanisti\u010dkih nauka poput studija medija, kulture, televizije, knji\u017eevnosti i filma, sociologije, antropologije, psihologije, predagogije, ali i kompjuterskih nauka sve je ve\u0107a.<\/p>\n<p align=\"justify\">Studija Manojla Maravi\u0107a pru\u017ea sveobuhvatan uvid u nastanak i razvoj video-igara \u2013 od mehani\u010dkih igara i flipera, preko konzola,\u00a0<i>Tetrisa<\/i>,\u00a0<i>Sonika<\/i>\u00a0i\u00a0<i>Maria<\/i>, sve do pravih puca\u010da, igara za telo i revolucije ke\u017eual igara.<\/p>\n<p align=\"justify\">Namenjena svima onima\u00a0 koji \u017eele da se sa video-igrama upoznaju na stru\u010dni na\u010din, da razumeju pojavu izvan novinarskog senzacionalizma, nipoda\u0161tavanja, medijske pomame i moralne panike.<\/p>\n<\/td>\n<\/tr>\n<tr>\n<td style=\"width: 30.3882%;\"><\/td>\n<td style=\"width: 69.6118%;\">\n<p align=\"justify\"><span lang=\"SR-LATN-RS\">\u00a0<\/span><\/p>\n<\/td>\n<\/tr>\n<tr style=\"height: 331px;\">\n<td style=\"width: 30.3882%; height: 331px;\"><img loading=\"lazy\" decoding=\"async\" class=\"alignnone size-full wp-image-3854\" src=\"http:\/\/empirijskaistrazivanja.org\/wp-content\/uploads\/2023\/03\/clio4.jpg\" alt=\"\" width=\"200\" height=\"301\" srcset=\"http:\/\/empirijskaistrazivanja.org\/wp-content\/uploads\/2023\/03\/clio4.jpg 200w, http:\/\/empirijskaistrazivanja.org\/wp-content\/uploads\/2023\/03\/clio4-199x300.jpg 199w, http:\/\/empirijskaistrazivanja.org\/wp-content\/uploads\/2023\/03\/clio4-16x24.jpg 16w, http:\/\/empirijskaistrazivanja.org\/wp-content\/uploads\/2023\/03\/clio4-24x36.jpg 24w, http:\/\/empirijskaistrazivanja.org\/wp-content\/uploads\/2023\/03\/clio4-32x48.jpg 32w\" sizes=\"(max-width: 200px) 100vw, 200px\" \/><\/td>\n<td style=\"width: 69.6118%; height: 331px;\">\n<p align=\"justify\"><span lang=\"SR-LATN-RS\">Adam Filips<\/span><\/p>\n<p align=\"justify\"><b><span lang=\"SR-LATN-RS\">KAKO JE FROJD POSTAO FROJD<\/span><\/b><\/p>\n<p align=\"justify\"><span lang=\"SR-LATN-RS\"><span style=\"color: #666666;\"><strong>Ra\u0111anje psihoanaliti\u010dara<\/strong><\/span><\/span><\/p>\n<p align=\"justify\">\n<p align=\"justify\"><span lang=\"SR-LATN-RS\">prevela sa engleskog Nada Donati<\/span><\/p>\n<p align=\"justify\"><span lang=\"SR-LATN-RS\">tvrdi povez, latinica, S 224, F 13&#215;19<\/span><\/p>\n<p align=\"justify\">knji\u017earska cena 1.540, cena sa popustom\u00a0<strong><span style=\"color: #800000;\">1<\/span><\/strong><strong>.000 din.<\/strong><\/p>\n<p align=\"justify\">\n<p align=\"justify\">U stole\u0107u za nama pokazano je veliko interesovanje za Frojdov lik i delo. Na vi\u0161e ili manje relevantnim izvorima zasnovani, nizali su se poku\u0161aji rekonstruisanja biografije austrijskog lekara i psihijatra \u2013 od onih koji su, prikazuju\u0107i ga kao moralno neupitnu li\u010dnost, bili gotovo glorifikatorski, do onih koji su, te\u017ee\u0107i nepristrasnosti, bili kriti\u010dki intonirani. Ova knjiga nije ni psihobiografija ni psihoanaliti\u010dka studija, ve\u0107 dug esej o Frojdu i psihoanalizi, koji katkad prodire u prostor fikcije \u2013 tj. sferu ispitivanja neostvarenih mogu\u0107nosti. Ona, otuda, provocira ma\u0161tu \u010ditaoca i budi njegovo interesovanje za apostrofirane teme.<\/p>\n<\/td>\n<\/tr>\n<\/tbody>\n<\/table>\n<hr \/>\n","protected":false},"excerpt":{"rendered":"<p>Izdava\u010dko preduze\u0107e CLIO i Organizacioni odbor EIP 2023. pozivaju vas na \u00a0PRODAJNU IZLO\u017dBU KNJIGA od\u00a031.\u00a0marta\u00a0 do\u00a02.\u00a0aprila Hol Filozofskog fakulteta Univerziteta u Beogradu Posle tri godine pauze opet \u0107emo se dru\u017eiti u\u017eivo! Tokom skupa\u00a0Empirijska istra\u017eivanja u psihologiji 2023.\u00a0u holu Filozofskog fakulteta izlo\u017ei\u0107emo izdanja\u00a0iz oblasti psihologije i srodnih disciplina. Knjige \u0107e mo\u0107i da se kupe po cenama [&hellip;]<\/p>\n","protected":false},"author":4,"featured_media":0,"parent":0,"menu_order":0,"comment_status":"closed","ping_status":"closed","template":"","meta":{"footnotes":""},"class_list":["post-3841","page","type-page","status-publish","hentry"],"translation":{"provider":"WPGlobus","version":"2.12.2","language":"en","enabled_languages":["rs","en"],"languages":{"rs":{"title":true,"content":true,"excerpt":false},"en":{"title":true,"content":true,"excerpt":false}}},"_links":{"self":[{"href":"http:\/\/empirijskaistrazivanja.org\/en\/wp-json\/wp\/v2\/pages\/3841"}],"collection":[{"href":"http:\/\/empirijskaistrazivanja.org\/en\/wp-json\/wp\/v2\/pages"}],"about":[{"href":"http:\/\/empirijskaistrazivanja.org\/en\/wp-json\/wp\/v2\/types\/page"}],"author":[{"embeddable":true,"href":"http:\/\/empirijskaistrazivanja.org\/en\/wp-json\/wp\/v2\/users\/4"}],"replies":[{"embeddable":true,"href":"http:\/\/empirijskaistrazivanja.org\/en\/wp-json\/wp\/v2\/comments?post=3841"}],"version-history":[{"count":8,"href":"http:\/\/empirijskaistrazivanja.org\/en\/wp-json\/wp\/v2\/pages\/3841\/revisions"}],"predecessor-version":[{"id":3844,"href":"http:\/\/empirijskaistrazivanja.org\/en\/wp-json\/wp\/v2\/pages\/3841\/revisions\/3844"}],"wp:attachment":[{"href":"http:\/\/empirijskaistrazivanja.org\/en\/wp-json\/wp\/v2\/media?parent=3841"}],"curies":[{"name":"wp","href":"https:\/\/api.w.org\/{rel}","templated":true}]}}