{"id":3709,"date":"2023-02-21T12:21:58","date_gmt":"2023-02-21T11:21:58","guid":{"rendered":"http:\/\/empirijskaistrazivanja.org\/?page_id=3709"},"modified":"2023-02-21T12:23:02","modified_gmt":"2023-02-21T11:23:02","slug":"fighting-the-system-challenges-to-diversity-and-equality-in-social-and-other-psychology","status":"publish","type":"page","link":"http:\/\/empirijskaistrazivanja.org\/en\/fighting-the-system-challenges-to-diversity-and-equality-in-social-and-other-psychology\/","title":{"rendered":"FIGHTING THE SYSTEM: CHALLENGES TO DIVERSITY AND EQUALITY IN SOCIAL (AND OTHER) PSYCHOLOGY"},"content":{"rendered":"<p><b>Marija Brankovi\u0107<\/b><span style=\"font-weight: 400;\"><br \/>\n<\/span><span style=\"font-weight: 400;\">Institute for Philosophy and Social Theory and Faculty of Media and Communications, Belgrade, marija.brankovic@fmk.edu.rs<\/span><\/p>\n<p><span style=\"font-weight: 400;\">We must face this fact: psychology is not sufficiently equal and diverse. Recent studies highlight inequalities within the discipline of social psychology and structural disadvantages faced by researchers from, among others, the region of South and Eastern Europe (Bou Zeineddine, Saab, L\u00e1\u0161ticov\u00e1, Kende, &amp; Ayanian, 2021; Ny\u00fal, Lantos, Reicher, &amp; Kende, 2021). Building on these insights, we proposed a project supported by the European Association of Social Psychology that aims to establish and empower a network of social psychologists from ten countries within the region of South and East Europe (Bosnia &amp; Herzegovina, Croatia, Czech Republic, Hungary, Kosovo, Romania, Serbia, Slovakia, Ukraine, Latvia). This symposium is meant to be a local meeting of social psychologists to identify the challenges and possible solutions \u2013 practices and resources that can help. We want to present some insights and experiences to stimulate a discussion with our colleagues.\u00a0<\/span><\/p>\n<p><span style=\"font-weight: 400;\">In her talk, Bojana Bodro\u017ea will offer insights into the issue of how limited resources are a challenge to producing high-quality research and how these challenges can be overcome by relying on open-source practices and building international collaborations. Tijana Kari\u0107 will discuss the challenges and opportunities for young researchers, as the early stage of their career is recognized as the turning point affecting the future international participation of researchers. Finally, Iris \u017de\u017eelj will focus on examples of applicable practices aimed at increasing equality and diversity in the discipline that are overcoming the challenge of tokenism, such as inclusive editorial policies and fair crediting of co-authorship.<\/span><\/p>\n<p><span style=\"font-weight: 400;\">The ambition of this symposium is thus to share experiences and empower researchers in future efforts at international participation, aware of challenges and biases but also more aware of their strengths and the opportunities for collaboration within the region.<\/span><\/p>\n<p><b>Keywords<\/b><span style=\"font-weight: 400;\">: social psychology, diversity, equality, publishing, international collaboration<\/span><\/p>\n<p><span style=\"font-weight: 400;\">This research was funded by the European Association of Social Psychology, extraordinary grant <\/span><i><span style=\"font-weight: 400;\">Social Psychology Ambassadors<\/span><\/i><span style=\"font-weight: 400;\"> awarded to Marija Brankovi\u0107\u00a0<\/span><\/p>\n<hr \/>\n<p><span style=\"font-weight: 400;\">(UN)AVAILABLE RESOURCES FOR SCIENTIFIC WORK AS THE MAIN OBSTACLE TO FOLLOWING CONTEMPORARY TRENDS IN (PSYCHOLOGICAL) SCIENCE<\/span><span style=\"font-weight: 400;\">\u00a0<\/span><\/p>\n<p><strong>Bojana Bodro\u017ea<\/strong><\/p>\n<p><span style=\"font-weight: 400;\">Department of psychology, Faculty of Philosophy, University of Novi Sad, bojana.bodroza@ff.uns.ac.rs<\/span><\/p>\n<p><span style=\"font-weight: 400;\">In an effort to follow the contemporary scientific trend, researchers from Southeast Europe encounter numerous difficulties, of which the language barrier is only the first and most visible. Most of these difficulties in following the trends are related to and arise from the (un)availability of resources for scientific work.\u00a0<\/span><\/p>\n<p><span style=\"font-weight: 400;\">Unlike many other scientific disciplines, psychological science can produce certain research relying on minimal resources \u2013 in the first place, correlational research conducted online on convenient and readily available samples. However, relying predominantly on such research designs makes it more and more difficult to publish in the highest-ranked scientific journals. At the same time, inadequate financing of scientific and higher education institutions results in the difficult procurement of high technologies and software necessary for following contemporary scientific trends. A possible solution to this problem is open science practice, which is based on the idea of the democratization and availability of various research resources to everyone &#8211; from open data, research materials, analytical tools and codes, to publications. However, paying journal APCs hits researchers from poorer countries with limited resources for scientific work. These limitations result in reduced possibilities of publication in top journals and a lowered number of citations.<\/span><\/p>\n<p><span style=\"font-weight: 400;\">However, it should be pointed out that widely available modern technologies and the internet have opened up numerous opportunities for international cooperation through which researchers can build their competencies and cooperation networks. Therefore, a significant part of the responsibility for following contemporary trends in science lies with the researchers themselves.<\/span><\/p>\n<p><b>Keywords<\/b><span style=\"font-weight: 400;\">: research resources, open science, publication bias<\/span><\/p>\n<p><span style=\"font-weight: 400;\">This work is not funded. As usual.<\/span><\/p>\n<hr \/>\n<p><span style=\"font-weight: 400;\">\u201eWHEN I WAS YOUNGER, SO MUCH YOUNGER THAN TODAY&#8230;\u201c: OPPORTUNITIES FOR EARLY RESEARCH CAREER BUILDING<br \/>\n<\/span><b>Tijana Kari\u0107<\/b><span style=\"font-weight: 400;\"><br \/>\n<\/span><span style=\"font-weight: 400;\">Philipps University in Marburg, Germany | <\/span><i><span style=\"font-weight: 400;\">tijana.kariczoric@uni-marburg.de<\/span><\/i><\/p>\n<p><span style=\"font-weight: 400;\">On their path to integration into the wider research community, young researchers in the field of social psychology in Serbia face numerous obstacles from the very beginning of their careers. During the roundtable, I will present my experiences related to various aspects of my early career, which include research stays abroad, collaboration on international projects, engagement in professional organizations, receiving small grants, etc. I will also talk about all the obstacles I encountered and how I fought them &#8211; successfully or unsuccessfully. I would like to start a discussion about the opportunities available to young researchers, about ways to connect and improve careers in science, and about possible forms of support.<\/span><\/p>\n<p><b>Keywords<\/b><span style=\"font-weight: 400;\">: social psychology, early career, international collaboration, research stays<\/span><\/p>\n<hr \/>\n<p>EXAMPLES OF GOOD PRACTICES AIMED AT INCREASING EQUALITY IN SCIENTIFIC RESEARCH AND ACADEMIC PUBLISHING: HOW TO AVOID DIVERSITY BECOMING TOKENISM<\/p>\n<p><b>Iris \u017de\u017eelj<\/b><span style=\"font-weight: 400;\"><br \/>\n<\/span><span style=\"font-weight: 400;\">Psychology department, Faculty of Philosophy, University of Belgrade Univerzitet u Beogradu | <\/span><a href=\"mailto:izezelj@f.bg.ac.rs\"><i><span style=\"font-weight: 400;\">izezelj@f.bg.ac.rs<\/span><\/i><\/a><\/p>\n<p><span style=\"font-weight: 400;\">Many practices introduced to increase equality in the academic community seem to be only performative &#8211; introduced for image purposes and not genuinely motivated so that its users could feel less adequate or exploited. Although I have witnessed a number of such situations in previous international research collaborations, international professional associations and academic journals\u2019 editorial\/review process, there were other positive examples. I will illustrate a number of positive practices such as fair crediting of co authorship in publications, testing inclusive organizational models for scientific conferences (diverse locations, more engagement of the local community, more linguistic diversity), editorial policies aimed at changing classical knowledge production patterns (from the composition of editorial boards to changing criteria of validating manuscripts), and attempts at decentralization of editorial role (by crowdsourcing topics, for example).<\/span><\/p>\n<p><b>Keywords<\/b><span style=\"font-weight: 400;\">: social psychology, equality, diversity, practices<\/span><\/p>\n","protected":false},"excerpt":{"rendered":"<p>Marija Brankovi\u0107 Institute for Philosophy and Social Theory and Faculty of Media and Communications, Belgrade, marija.brankovic@fmk.edu.rs We must face this fact: psychology is not sufficiently equal and diverse. Recent studies highlight inequalities within the discipline of social psychology and structural disadvantages faced by researchers from, among others, the region of South and Eastern Europe (Bou [&hellip;]<\/p>\n","protected":false},"author":4,"featured_media":0,"parent":0,"menu_order":0,"comment_status":"closed","ping_status":"closed","template":"","meta":{"footnotes":""},"class_list":["post-3709","page","type-page","status-publish","hentry"],"translation":{"provider":"WPGlobus","version":"2.12.2","language":"en","enabled_languages":["rs","en"],"languages":{"rs":{"title":true,"content":true,"excerpt":false},"en":{"title":true,"content":true,"excerpt":false}}},"_links":{"self":[{"href":"http:\/\/empirijskaistrazivanja.org\/en\/wp-json\/wp\/v2\/pages\/3709"}],"collection":[{"href":"http:\/\/empirijskaistrazivanja.org\/en\/wp-json\/wp\/v2\/pages"}],"about":[{"href":"http:\/\/empirijskaistrazivanja.org\/en\/wp-json\/wp\/v2\/types\/page"}],"author":[{"embeddable":true,"href":"http:\/\/empirijskaistrazivanja.org\/en\/wp-json\/wp\/v2\/users\/4"}],"replies":[{"embeddable":true,"href":"http:\/\/empirijskaistrazivanja.org\/en\/wp-json\/wp\/v2\/comments?post=3709"}],"version-history":[{"count":2,"href":"http:\/\/empirijskaistrazivanja.org\/en\/wp-json\/wp\/v2\/pages\/3709\/revisions"}],"predecessor-version":[{"id":3711,"href":"http:\/\/empirijskaistrazivanja.org\/en\/wp-json\/wp\/v2\/pages\/3709\/revisions\/3711"}],"wp:attachment":[{"href":"http:\/\/empirijskaistrazivanja.org\/en\/wp-json\/wp\/v2\/media?parent=3709"}],"curies":[{"name":"wp","href":"https:\/\/api.w.org\/{rel}","templated":true}]}}