{"id":3502,"date":"2022-10-01T13:20:38","date_gmt":"2022-10-01T12:20:38","guid":{"rendered":"http:\/\/empirijskaistrazivanja.org\/?page_id=3502"},"modified":"2024-03-25T17:01:36","modified_gmt":"2024-03-25T16:01:36","slug":"nagrada-za-najbolji-poster","status":"publish","type":"page","link":"http:\/\/empirijskaistrazivanja.org\/en\/nagrada-za-najbolji-poster\/","title":{"rendered":"Best poster award"},"content":{"rendered":"<p>As the number of submissions at the Empirical Research in Psychology conference grew with each year, the limits of the extended weekend within which the conference is traditionally held have been reached. In order to accommodate all those interested to present their work, a poster presentation was introduced in 2016. This is a different form of presentation that enables the inclusion of a large number of papers within a conference. Since the first poster session at EIP, the number of poster presentations has increased.<\/p>\n<p>&nbsp;<\/p>\n<p>For the best poster presentation, the organising committee of the Empirical Research in Psychology conference awards the Best poster award. The jury, selected by the organising committee, visits all the posters presented at the poster sessions. Through short presentations and discussions with the authors, they evaluate the poster presentations. The highest-rated posters receive the Best poster award, which is awarded at the closing of the meeting. As of 2023, the conference visitors award the best poster by voting at the conference for their favourite poster.<\/p>\n<hr \/>\n<h3>Awards<\/h3>\n<h4>2024<\/h4>\n<p>GENDER AND SEXUAL ORIENTATION DIFFERENCES IN SELF-OBJECTIFICATION ON TINDER<br \/>\n<strong>Iva Lazi\u0107, Jelena Stanojevi\u0107, Milica Dobrosavljevi\u0107, Tamara Mili\u0107, Una Brankovi\u0107<\/strong><\/p>\n<p>GENDER STEREOTYPING OF CONTESTANTS IN THE SERBIAN VERSION OF TELEVISION GAME SHOW \u201cTHE CHASE\u201d<br \/>\n<strong>Ivana Milenkovi\u0107, Lara Peri\u0107, Neda Bralovi\u0107, Nevena Mijailovi\u0107<\/strong><\/p>\n<p>LESS AROUSAL \u2013 BETTER RECALL, EXCEPT FOR THE NEGATIVE ABSTRACT WORDS<br \/>\n<strong>Katarina Proti\u0107, Milica Popovi\u0107 Stija\u010di\u0107<\/strong><\/p>\n<h4>2023<\/h4>\n<p>INTERNET TIME, OFFLINE AND ONLINE FRIENDSHIPS OF HIGH SCHOOL AND UNIVERSITY STUDENTS<br \/>\n<strong>Dobrinka Kuzmanovi\u0107<\/strong><\/p>\n<p>EXPLORATION OF THE LATENT SPACE OF FIVE SCALES FOR TESTING THE VIVIDNESS OF MENTAL VISUALIZATION<br \/>\n<strong>Ana Atanaskovi\u0107, Ivona Kati\u0107, Katarina Mihajlovi\u0107, Aleksandra Stanimirovi\u0107, Senka Vasovi\u0107, An\u0111ela Simovi\u0107, Tatjana Jovanovi\u0107, Anja Luji\u0107, Petar Naumovi\u0107, Marija Milijanovi\u0107, Dunja Mi\u0107unovi\u0107, Mia Oluji\u0107, Milica Popovi\u0107 Stija\u010di\u0107<\/strong><\/p>\n<p>DEVELOPING SELF INSTEAD OF DEPRESSION: MEDIATING PATHS TO EMERGING ADULTS\u2019 MENTAL HEALTH<br \/>\n<strong>Teodora Vuleti\u0107, Miljana Laki\u0107evi\u0107, Emilija Karaleji\u0107, Marija Nikoli\u0107, Marija Eri\u0107<\/strong><\/p>\n<h4>2022<\/h4>\n<p>CONFIDENT AND WITH GOOD REASON? RELATIONSHIP BETWEEN JUDGMENT OF TASK-SOLVING ABILITY AND FINAL JUDGMENT OF CONFIDENCE ON SYLLOGISTIC REASONING TASKS<br \/>\n<strong>Milica Damnjanovi\u0107, Igor Baj\u0161anski, Kaja Damnjanovi\u0107<\/strong><\/p>\n<h4>2021<\/h4>\n<p>THE NUMBER OF SENSES EFFECT IN POLYSEMOUS ADJECTIVE RECOGNITION<br \/>\n<strong>Sara An\u0111eli\u0107, Lenka Ili\u0107, Ksenija Mi\u0161i\u0107, Du\u0161ica Filipovi\u0107 \u0110ur\u0111evi\u0107<\/strong><\/p>\n<p>THE ILLUSION OF CERTAINTY IN A NATIONALLY REPRESENTATIVE SAMPLE IN SERBIA<br \/>\n<strong>Darko Stojilovi\u0107, Dunja Anzelm, Kaja Damnjanovi\u0107<\/strong><br \/>\nSTILOVI HUMORA KOD SRPSKIH ADOLESCENATA<br \/>\n<strong>Jelica Miloji\u010di\u0107 <\/strong><\/p>\n<h4>2020<\/h4>\n<p>ACTIVE AND RESTRICTIVE PARENTAL MEDIATION AS THE PREDICTORS OF ADOLESCENTS\u2019 EXCESSIVE INTERNET USE<br \/>\n<strong>Zoran Pavlovi\u0107, Dobrinka Kuzmanovi\u0107<\/strong><\/p>\n<p>DISINTEGRATION AND APOPHENIA<br \/>\n<strong>Aleks Mladenovi\u0107, Filip \u017divojinovi\u0107, An\u0111ela \u017dagar, Antea Stojiljkovi\u0107, \u0110or\u0111e Jovanovi\u0107<\/strong><\/p>\n<h4>2019<\/h4>\n<p>PHONOLOGICAL SIMILARITY EFFECT IN SERBIAN LANGUAGE: CHECKING RETRIEVAL CUES HYPOTHESIS<br \/>\n<strong>Emir Demi\u0107, Ana Avramovi\u0107, Milica \u0160imonovi\u0107<\/strong><\/p>\n<p>THE EFFECT OF SEMANTIC RELATEDNESS OF AMBIGUOUS WORDS IN THE FREE RECALL TASK<br \/>\n<strong>Milica Manojlovi\u0107, Ksenija Mi\u0161i\u0107<\/strong><\/p>\n<h4>2018<\/h4>\n<p>ZIJEVANJE KAO TERMOREGULACIJSKI MEHANIZAM MOZGA: UTJECAJ TEMPERATURE NA INCIDENCIJU<br \/>\nZARAZNOG ZIJEVANJA<br \/>\n<strong>Bo\u017eo Vukojevi\u0107<\/strong><\/p>\n<p>NUMBER OF SENSES AND SEMANTIC SETTLING DYNAMICS MODEL \u2013 SPEED\/ACCURACY FEEDBACK AS LONGER PROCESSING INDUCTION STRATEGY<br \/>\n<strong>Ksenija Mi\u0161i\u0107, Du\u0161ica Filipovi\u0107 \u0110ur\u0111evi\u0107<\/strong><\/p>\n","protected":false},"excerpt":{"rendered":"<p>As the number of submissions at the Empirical Research in Psychology conference grew with each year, the limits of the extended weekend within which the conference is traditionally held have been reached. In order to accommodate all those interested to present their work, a poster presentation was introduced in 2016. This is a different form [&hellip;]<\/p>\n","protected":false},"author":1,"featured_media":0,"parent":0,"menu_order":0,"comment_status":"closed","ping_status":"closed","template":"","meta":{"footnotes":""},"class_list":["post-3502","page","type-page","status-publish","hentry"],"translation":{"provider":"WPGlobus","version":"2.12.2","language":"en","enabled_languages":["rs","en"],"languages":{"rs":{"title":true,"content":true,"excerpt":false},"en":{"title":true,"content":true,"excerpt":false}}},"_links":{"self":[{"href":"http:\/\/empirijskaistrazivanja.org\/en\/wp-json\/wp\/v2\/pages\/3502"}],"collection":[{"href":"http:\/\/empirijskaistrazivanja.org\/en\/wp-json\/wp\/v2\/pages"}],"about":[{"href":"http:\/\/empirijskaistrazivanja.org\/en\/wp-json\/wp\/v2\/types\/page"}],"author":[{"embeddable":true,"href":"http:\/\/empirijskaistrazivanja.org\/en\/wp-json\/wp\/v2\/users\/1"}],"replies":[{"embeddable":true,"href":"http:\/\/empirijskaistrazivanja.org\/en\/wp-json\/wp\/v2\/comments?post=3502"}],"version-history":[{"count":10,"href":"http:\/\/empirijskaistrazivanja.org\/en\/wp-json\/wp\/v2\/pages\/3502\/revisions"}],"predecessor-version":[{"id":4389,"href":"http:\/\/empirijskaistrazivanja.org\/en\/wp-json\/wp\/v2\/pages\/3502\/revisions\/4389"}],"wp:attachment":[{"href":"http:\/\/empirijskaistrazivanja.org\/en\/wp-json\/wp\/v2\/media?parent=3502"}],"curies":[{"name":"wp","href":"https:\/\/api.w.org\/{rel}","templated":true}]}}