{"id":3397,"date":"2022-03-30T20:31:57","date_gmt":"2022-03-30T19:31:57","guid":{"rendered":"http:\/\/empirijskaistrazivanja.org\/?page_id=3397"},"modified":"2022-04-03T12:52:14","modified_gmt":"2022-04-03T11:52:14","slug":"nedelja-3-4-1230-1400","status":"publish","type":"page","link":"http:\/\/empirijskaistrazivanja.org\/en\/nedelja-3-4-1230-1400\/","title":{"rendered":"SUNDAY 3.4. (12:30 &#8211; 14:00)"},"content":{"rendered":"<p>DEPRESSION, SHYNESS AND SELF-ESTEEM AS A PREDICTORS OF INTERNET ADDICTION<br \/>\n<strong>Teodora Pavi\u0107evi\u0107<\/strong><\/p>\n<p><a href=\"https:\/\/drive.google.com\/file\/d\/1Z5uGl4R04gSc2eyJysJPqdYqc7j36hc-\/view?usp=sharing\">POSTER pdf<\/a>\u00a0 \u00a0 \u00a0 \u00a0 \u00a0<a href=\"http:\/\/empirijskaistrazivanja.org\/wp-content\/uploads\/2022\/03\/KNJIGA-REZIMEA-2022_FIN-sa-isbn_bez_linija-1.pdf#page=34\">Abstract<\/a>\u00a0\u00a0 \u00a0 \u00a0 \u00a0\u00a0<a href=\"https:\/\/us05web.zoom.us\/j\/7521879677?pwd=MGsxc2Jvd1p3OXJsZktyb1N5QWFLQT09\">Zoom link<\/a> \u00a0 \u00a0 \u00a0 (passcode: 8US7vm)<\/p>\n<p>&nbsp;<\/p>\n<p>AM I GOOD ENOUGH? THE MEDIATED EFFECTS OF DISTANCE FROM THE IDEAL SELF ON THE WELL-BEING OF EMERGING ADULTS<br \/>\n<strong>Teodora Vuleti\u0107<\/strong><\/p>\n<p><a href=\"https:\/\/drive.google.com\/file\/d\/1tFqO1z5lBndZPyQL4nVrWfqBkHFQZucM\/view?usp=sharing\">POSTER pdf<\/a>\u00a0 \u00a0 \u00a0 \u00a0 \u00a0<a href=\"http:\/\/empirijskaistrazivanja.org\/wp-content\/uploads\/2022\/03\/KNJIGA-REZIMEA-2022_FIN-sa-isbn_bez_linija-1.pdf#page=35\">Abstract<\/a>\u00a0\u00a0 \u00a0 \u00a0 \u00a0\u00a0<a href=\"https:\/\/us04web.zoom.us\/j\/71447299415?pwd=CQd6GDsyw4svZ5sZZ2jA-J-QFiCb2i.1\">Zoom link<\/a> \u00a0 \u00a0 \u00a0 (passcode: poster2)<\/p>\n<p>&nbsp;<\/p>\n<p>THE NUMBER OF SENSES EFFECT IN POLYSEMOUS NOUN RECOGNITION: EXPANDING THE DATABASE<br \/>\n<strong>Lenka Ili\u0107, Sara An\u0111eli\u0107, Ksenija Mi\u0161i\u0107, Du\u0161ica Filipovi\u0107<\/strong><\/p>\n<p><a href=\"https:\/\/drive.google.com\/file\/d\/1mERNRuXzYA22BzNcJbfe5I-vk8bvChc6\/view?usp=sharing\">POSTER pdf<\/a>\u00a0 \u00a0 \u00a0 \u00a0 \u00a0<a href=\"http:\/\/empirijskaistrazivanja.org\/wp-content\/uploads\/2022\/03\/KNJIGA-REZIMEA-2022_FIN-sa-isbn_bez_linija-1.pdf#page=43\">Abstract<\/a>\u00a0\u00a0 \u00a0 \u00a0 \u00a0\u00a0<a href=\"https:\/\/us04web.zoom.us\/j\/79131126850?pwd=43iKoFfrzoIYOPAAOMkgFgKql2aTwE.1\">Zoom link<\/a> \u00a0 \u00a0 \u00a0 (passcode: \/)<\/p>\n<p>&nbsp;<\/p>\n<p>CONFIDENT AND WITH GOOD REASON? RELATIONSHIP BETWEEN JUDGMENT OF TASK-SOLVING ABILITY AND FINAL JUDGMENT OF CONFIDENCE ON SYLLOGISTIC REASONING TASKS<br \/>\n<strong>Milica Damnjanovi\u0107, Igor Baj\u0161anski, Kaja Damnjanovi\u0107<\/strong><\/p>\n<p><a href=\"https:\/\/drive.google.com\/file\/d\/1Orhhd-9XJSl5whC4DX-mitS9PogmFwxv\/view?usp=sharing\">POSTER pdf<\/a>\u00a0 \u00a0 \u00a0 \u00a0 \u00a0<a href=\"http:\/\/empirijskaistrazivanja.org\/wp-content\/uploads\/2022\/03\/KNJIGA-REZIMEA-2022_FIN-sa-isbn_bez_linija-1.pdf#page=44\">Abstract<\/a>\u00a0\u00a0 \u00a0 \u00a0 \u00a0\u00a0<a href=\"https:\/\/us04web.zoom.us\/j\/74259880389?pwd=eITxDP1ZbbUtxNUVjS5QHH1Mnxm0IR.1\">Zoom link<\/a> \u00a0 \u00a0 \u00a0 (passcode: 1PNfr9)<\/p>\n<p>&nbsp;<\/p>\n<p>SYNTACTIC PROCESSING OF LINGUISTIC AND MUSICAL STIMULI: IS THERE A COGNITIVE OVERLAP?<br \/>\n<strong>Judita Burilo, Pavle Valerjev<\/strong><\/p>\n<p><a href=\"https:\/\/drive.google.com\/file\/d\/1nN6NzRaIfXX4GslE_ilRAKYdT3DWS9Ky\/view?usp=sharing\">POSTER pdf<\/a>\u00a0 \u00a0 \u00a0 \u00a0 \u00a0<a href=\"http:\/\/empirijskaistrazivanja.org\/wp-content\/uploads\/2022\/03\/KNJIGA-REZIMEA-2022_FIN-sa-isbn_bez_linija-1.pdf#page=46\">Abstract<\/a>\u00a0\u00a0 \u00a0 \u00a0 \u00a0\u00a0<a href=\"https:\/\/us04web.zoom.us\/j\/9684873616?pwd=Z09Dc3h3WllGNEJRQVl0RVh5SEx0UT09\">Zoom link<\/a> \u00a0 \u00a0 \u00a0 (passcode: 6itg0c)<\/p>\n<p>&nbsp;<\/p>\n<p>IS THERE A DIFFERENCE IN THE STROOP EFFECT IN LATIN AND CYRILLIC WORDS?<br \/>\n<strong>Svetlana Borojevi\u0107, Strahinja Dimitrijevi\u0107<\/strong><\/p>\n<p><a href=\"https:\/\/drive.google.com\/file\/d\/1-kuxcg0AD6zjs-cnT67qC6iFKDnodCp7\/view?usp=sharing\">POSTER pdf<\/a>\u00a0 \u00a0 \u00a0 \u00a0 \u00a0<a href=\"http:\/\/empirijskaistrazivanja.org\/wp-content\/uploads\/2022\/03\/KNJIGA-REZIMEA-2022_FIN-sa-isbn_bez_linija-1.pdf\">Abstract<\/a>\u00a0\u00a0 \u00a0 \u00a0 \u00a0\u00a0<a href=\"https:\/\/us05web.zoom.us\/j\/89773173266?pwd=SFpXVXJlS0VJVlF3Z1B5di91dTZBUT09\">Zoom link<\/a> \u00a0 \u00a0 \u00a0 (passcode: x4B7xN)<\/p>\n<p>&nbsp;<\/p>\n<p>DIFFERENCES IN THE LEVEL OF EXPRESSION OF POSITIVE ATTITUDE TOWARDS INCLUSION BETWEEN EDUCATORS<br \/>\nAND STUDENTS OF VOCATIONAL STUDIES FOR EDUCATORS<br \/>\n<strong>Dragana Petrovi\u0107<\/strong><\/p>\n<p><a href=\"https:\/\/drive.google.com\/file\/d\/1ZcFZUVfc4uWuFEvrFJnVZim_fTMrHH47\/view?usp=sharing\">POSTER pdf<\/a>\u00a0 \u00a0 \u00a0 \u00a0 \u00a0<a href=\"http:\/\/empirijskaistrazivanja.org\/wp-content\/uploads\/2022\/03\/KNJIGA-REZIMEA-2022_FIN-sa-isbn_bez_linija-1.pdf#page=75\">Abstract<\/a>\u00a0\u00a0 \u00a0 \u00a0 \u00a0\u00a0<a href=\"https:\/\/us04web.zoom.us\/j\/75040870612?pwd=QlX8mXAKfqSv2o1nMc4L3lh4fr5XYO.1\">Zoom link<\/a> \u00a0 \u00a0 \u00a0 (passcode: a9NsDU)<\/p>\n<p>&nbsp;<\/p>\n<p>THE ADAPTATIVE SELLING SCALE: VALIDATION ON A SERBIAN SAMPLE<br \/>\n<strong>Dunja Bekovi\u0107, Ana Ivanov<\/strong><\/p>\n<p><a href=\"https:\/\/drive.google.com\/file\/d\/1z1KR0j6AT7dUuX1mS71JcYiH0xPuC_Xa\/view?usp=sharing\">POSTER pdf<\/a>\u00a0 \u00a0 \u00a0 \u00a0 \u00a0<a href=\"http:\/\/empirijskaistrazivanja.org\/wp-content\/uploads\/2022\/03\/KNJIGA-REZIMEA-2022_FIN-sa-isbn_bez_linija-1.pdf#page=95\">Abstract<\/a>\u00a0\u00a0 \u00a0 \u00a0 \u00a0\u00a0<a href=\"https:\/\/zoom.us\/j\/95399006807?pwd=aDFtM3pvZkFGMGxCMTIyNEY0WG92QT09\">Zoom link<\/a> \u00a0 \u00a0 \u00a0 (passcode: 6wwx1J)<\/p>\n<p>&nbsp;<\/p>\n<p>SUPPORTIVE LEADERSHIP AND AFFECTIVE ORGANIZATIONAL COMMITMENT: MODERATING ROLE OF ORGANIZATIONAL JUSTICE<br \/>\n<strong>Biljana Mirkovi\u0107<\/strong><\/p>\n<p><a href=\"https:\/\/drive.google.com\/file\/d\/13ZpiU-UrLdTwh6GYL8J60iskVp_Wxk7q\/view?usp=sharing\">POSTER pdf<\/a>\u00a0 \u00a0 \u00a0 \u00a0 \u00a0<a href=\"https:\/\/drive.google.com\/file\/d\/13ZpiU-UrLdTwh6GYL8J60iskVp_Wxk7q\/view?usp=sharing#page=98\">Abstract<\/a>\u00a0\u00a0 \u00a0 \u00a0 \u00a0\u00a0<a href=\"https:\/\/us06web.zoom.us\/j\/89801759987?pwd=RzBCNUlITGY3a2VBc2c0RFNFUk1lUT09\">Zoom link<\/a> \u00a0 \u00a0 \u00a0 (passcode: 773212)<\/p>\n<p>&nbsp;<\/p>\n<p>THE EFFECT OF COLOR, EXPECTATION AND GENDER ON SWEET TASTE PERCEPTION<br \/>\n<strong>Dejana Bla\u017eanovi\u0107, Svetlana Borojevi\u0107<\/strong><\/p>\n<p><a href=\"https:\/\/drive.google.com\/file\/d\/1lluTqrGmOisIYzgippS21DqZzhDgob2q\/view?usp=sharing\">POSTER pdf<\/a>\u00a0 \u00a0 \u00a0 \u00a0 \u00a0<a href=\"http:\/\/empirijskaistrazivanja.org\/wp-content\/uploads\/2022\/03\/KNJIGA-REZIMEA-2022_FIN-sa-isbn_bez_linija-1.pdf#page=88\">Abstract<\/a>\u00a0\u00a0 \u00a0 \u00a0 \u00a0\u00a0<a href=\"https:\/\/us05web.zoom.us\/j\/4312758152?pwd=a2g1L3ZKdWY4OWlWZElvak1sVEFqdz09\">Zoom link<\/a> \u00a0 \u00a0 \u00a0 (passcode: \/)<\/p>\n<p>&nbsp;<\/p>\n<p>MODELING SHORT DARK TETRAD (SD4): PRELIMINARY FINDINGS ON CROATIAN VERSION<br \/>\n<strong>Maja Ribar, Anja Wertag, Ines Su\u010di\u0107<\/strong><\/p>\n<p><a href=\"https:\/\/drive.google.com\/file\/d\/1-hggcz4GMHq92JxnNQhfDruPZBEQjkja\/view?usp=sharing\">POSTER pdf\u00a0<\/a> \u00a0 \u00a0 \u00a0 \u00a0<a href=\"http:\/\/empirijskaistrazivanja.org\/wp-content\/uploads\/2022\/03\/KNJIGA-REZIMEA-2022_FIN-sa-isbn_bez_linija-1.pdf#page=60\">Abstract<\/a>\u00a0\u00a0 \u00a0 \u00a0 \u00a0\u00a0<a href=\"https:\/\/us04web.zoom.us\/j\/75559428342?pwd=7XxImcLkhE1_DynrtRmpn2XIffmO-C.1\">Zoom link<\/a> \u00a0 \u00a0 \u00a0 (passcode: HLfE3e)<\/p>\n<p>&nbsp;<\/p>\n<p>PRELIMINARY FINDINGS ON THE VALIDATION OF THE 7C SCALE OF VACCINATION READINESS IN SERBIA<br \/>\n<strong>Aleksandra Lazi\u0107, Sara Doj\u010dinovi\u0107, Katarina Dragini\u0107<\/strong><\/p>\n<p><a href=\"https:\/\/drive.google.com\/file\/d\/1aHa38FFYh6rFYI3NErQ3ICx-foXSlP5X\/view?usp=sharing\">POSTER pdf<\/a>\u00a0 \u00a0 \u00a0 \u00a0 \u00a0<a href=\"http:\/\/empirijskaistrazivanja.org\/wp-content\/uploads\/2022\/03\/KNJIGA-REZIMEA-2022_FIN-sa-isbn_bez_linija-1.pdf#page=123\">Abstract<\/a>\u00a0\u00a0 \u00a0 \u00a0 \u00a0\u00a0<a href=\"https:\/\/us02web.zoom.us\/j\/83586263639?pwd=VVVsUnB6TXVlZjlZRDlhN1BMNUhxQT09\">Zoom link<\/a> \u00a0 \u00a0 \u00a0 (passcode: 885958)<\/p>\n","protected":false},"excerpt":{"rendered":"<p>DEPRESSION, SHYNESS AND SELF-ESTEEM AS A PREDICTORS OF INTERNET ADDICTION Teodora Pavi\u0107evi\u0107 POSTER pdf\u00a0 \u00a0 \u00a0 \u00a0 \u00a0Abstract\u00a0\u00a0 \u00a0 \u00a0 \u00a0\u00a0Zoom link \u00a0 \u00a0 \u00a0 (passcode: 8US7vm) &nbsp; AM I GOOD ENOUGH? THE MEDIATED EFFECTS OF DISTANCE FROM THE IDEAL SELF ON THE WELL-BEING OF EMERGING ADULTS Teodora Vuleti\u0107 POSTER pdf\u00a0 \u00a0 \u00a0 \u00a0 \u00a0Abstract\u00a0\u00a0 [&hellip;]<\/p>\n","protected":false},"author":4,"featured_media":0,"parent":0,"menu_order":0,"comment_status":"closed","ping_status":"closed","template":"","meta":{"footnotes":""},"class_list":["post-3397","page","type-page","status-publish","hentry"],"translation":{"provider":"WPGlobus","version":"2.12.2","language":"en","enabled_languages":["rs","en"],"languages":{"rs":{"title":true,"content":true,"excerpt":false},"en":{"title":true,"content":true,"excerpt":false}}},"_links":{"self":[{"href":"http:\/\/empirijskaistrazivanja.org\/en\/wp-json\/wp\/v2\/pages\/3397"}],"collection":[{"href":"http:\/\/empirijskaistrazivanja.org\/en\/wp-json\/wp\/v2\/pages"}],"about":[{"href":"http:\/\/empirijskaistrazivanja.org\/en\/wp-json\/wp\/v2\/types\/page"}],"author":[{"embeddable":true,"href":"http:\/\/empirijskaistrazivanja.org\/en\/wp-json\/wp\/v2\/users\/4"}],"replies":[{"embeddable":true,"href":"http:\/\/empirijskaistrazivanja.org\/en\/wp-json\/wp\/v2\/comments?post=3397"}],"version-history":[{"count":6,"href":"http:\/\/empirijskaistrazivanja.org\/en\/wp-json\/wp\/v2\/pages\/3397\/revisions"}],"predecessor-version":[{"id":3425,"href":"http:\/\/empirijskaistrazivanja.org\/en\/wp-json\/wp\/v2\/pages\/3397\/revisions\/3425"}],"wp:attachment":[{"href":"http:\/\/empirijskaistrazivanja.org\/en\/wp-json\/wp\/v2\/media?parent=3397"}],"curies":[{"name":"wp","href":"https:\/\/api.w.org\/{rel}","templated":true}]}}