{"id":3343,"date":"2022-03-28T12:28:38","date_gmt":"2022-03-28T11:28:38","guid":{"rendered":"http:\/\/empirijskaistrazivanja.org\/?page_id=3343"},"modified":"2022-03-28T12:29:22","modified_gmt":"2022-03-28T11:29:22","slug":"predavanja-po-pozivu","status":"publish","type":"page","link":"http:\/\/empirijskaistrazivanja.org\/en\/predavanja-po-pozivu\/","title":{"rendered":"Invited lectures"},"content":{"rendered":"<p>INTRODUCTION: TEACHERS IN FOCUS \u2013 FROM IDENTIRTIES TO PRACTICES<br \/>\n<strong>Nata\u0161a Simi\u0107<\/strong><\/p>\n<p>&nbsp;<\/p>\n<p>MOTIVATION FOR A TEACHING PROFESSION AMONG PRESERVICE SUBJECT TEACHERS<br \/>\n<strong>Nata\u0161a Simi\u0107<\/strong><\/p>\n<p>&nbsp;<\/p>\n<p>PROFESSIONAL IDENTITY DEVELOPMENT NARRATIVES OF CLASS AND SUBJECT TEACHERS<br \/>\n<strong>Milica Stojkovi\u0107<\/strong><\/p>\n<p>&nbsp;<\/p>\n<p>A PERSON-CENTRED PERSPECTIVE ON FUTURE PRESCHOOL AND CLASS TEACHERS\u2019 VALUES IN TERMS OF THE SCHWARTZ REFINED VALUE THEORY<br \/>\n<strong>Milica Maru\u0161i\u0107 Jablanovi\u0107<\/strong><\/p>\n<p>&nbsp;<\/p>\n<p>TEACHERS\u2019 MOTIVATION AND SKILLS FOR TECHNOLOGY USE IN TEACHER INQUIRIES<br \/>\n<strong>Merike Saar<\/strong><\/p>\n<p>&nbsp;<\/p>\n<p>FACTORS INFLUENCING COLLABORATION IN ASSISTIVE TECHNOLOGY USE IN PRESCHOOL AND SCHOOL INSTITUTIONS: INVOLVEMENT OF EDUCATORS<br \/>\n<strong>Darinka An\u0111elkovi\u0107<\/strong><\/p>\n","protected":false},"excerpt":{"rendered":"<p>INTRODUCTION: TEACHERS IN FOCUS \u2013 FROM IDENTIRTIES TO PRACTICES Nata\u0161a Simi\u0107 &nbsp; MOTIVATION FOR A TEACHING PROFESSION AMONG PRESERVICE SUBJECT TEACHERS Nata\u0161a Simi\u0107 &nbsp; PROFESSIONAL IDENTITY DEVELOPMENT NARRATIVES OF CLASS AND SUBJECT TEACHERS Milica Stojkovi\u0107 &nbsp; A PERSON-CENTRED PERSPECTIVE ON FUTURE PRESCHOOL AND CLASS TEACHERS\u2019 VALUES IN TERMS OF THE SCHWARTZ REFINED VALUE THEORY Milica [&hellip;]<\/p>\n","protected":false},"author":4,"featured_media":0,"parent":0,"menu_order":0,"comment_status":"closed","ping_status":"closed","template":"","meta":{"footnotes":""},"class_list":["post-3343","page","type-page","status-publish","hentry"],"translation":{"provider":"WPGlobus","version":"2.12.2","language":"en","enabled_languages":["rs","en"],"languages":{"rs":{"title":true,"content":true,"excerpt":false},"en":{"title":true,"content":true,"excerpt":false}}},"_links":{"self":[{"href":"http:\/\/empirijskaistrazivanja.org\/en\/wp-json\/wp\/v2\/pages\/3343"}],"collection":[{"href":"http:\/\/empirijskaistrazivanja.org\/en\/wp-json\/wp\/v2\/pages"}],"about":[{"href":"http:\/\/empirijskaistrazivanja.org\/en\/wp-json\/wp\/v2\/types\/page"}],"author":[{"embeddable":true,"href":"http:\/\/empirijskaistrazivanja.org\/en\/wp-json\/wp\/v2\/users\/4"}],"replies":[{"embeddable":true,"href":"http:\/\/empirijskaistrazivanja.org\/en\/wp-json\/wp\/v2\/comments?post=3343"}],"version-history":[{"count":3,"href":"http:\/\/empirijskaistrazivanja.org\/en\/wp-json\/wp\/v2\/pages\/3343\/revisions"}],"predecessor-version":[{"id":3348,"href":"http:\/\/empirijskaistrazivanja.org\/en\/wp-json\/wp\/v2\/pages\/3343\/revisions\/3348"}],"wp:attachment":[{"href":"http:\/\/empirijskaistrazivanja.org\/en\/wp-json\/wp\/v2\/media?parent=3343"}],"curies":[{"name":"wp","href":"https:\/\/api.w.org\/{rel}","templated":true}]}}