{"id":3312,"date":"2022-03-28T11:31:15","date_gmt":"2022-03-28T10:31:15","guid":{"rendered":"http:\/\/empirijskaistrazivanja.org\/?page_id=3312"},"modified":"2022-03-28T11:41:42","modified_gmt":"2022-03-28T10:41:42","slug":"non-invasive-neuromodulation-at-the-intersection-of-technology-psychology-and-medicine-current-challenges-and-future-directions","status":"publish","type":"page","link":"http:\/\/empirijskaistrazivanja.org\/en\/non-invasive-neuromodulation-at-the-intersection-of-technology-psychology-and-medicine-current-challenges-and-future-directions\/","title":{"rendered":"NON-INVASIVE NEUROMODULATION AT THE INTERSECTION OF TECHNOLOGY, PSYCHOLOGY, AND MEDICINE: CURRENT CHALLENGES AND FUTURE DIRECTIONS"},"content":{"rendered":"<p>Participants:<\/p>\n<p>&nbsp;<\/p>\n<p><strong>Dr Jovana Bjeki\u0107<\/strong>, Principal investigator, project MEMORYST<\/p>\n<p>Institute for Medical Research, University of Belgrade<\/p>\n<p>&nbsp;<\/p>\n<p><strong>Dr Andrej Savi\u0107<\/strong>, Principal investigator, project HYBIS<\/p>\n<p>Faculty of Electrical engineering, University of Belgade<\/p>\n<p>&nbsp;<\/p>\n<p><strong>Dr Sa\u0161a Filipovi\u0107<\/strong>, Consortium lead, project TWINNIBS<\/p>\n<p>Institute for Medical Research, University of Belgrade<\/p>\n<p>&nbsp;<\/p>\n<p><strong><span style=\"color: #ff6600;\">THEME<\/span><\/strong>: Non-invasive neuromodulation is an innovative approach in neuroscience that allows for causal investigation of sensorimotor, cognitive, and affective brain functions, and, ultimately, clinical treatment of a wide spectrum of neuropsychiatric conditions. NIBS techniques have become the mainstay of translational human neuroscience research standing at the intersection of technology, psychology, and medicine. The roundtable will be focused on state-of-the-art and current challenges from the perspective of cognitive neuroscience research, technological innovation, and clinical applications, as well as future directions in the field.<\/p>\n<p>&nbsp;<\/p>\n<p><img loading=\"lazy\" decoding=\"async\" class=\"alignnone size-full wp-image-3259\" src=\"http:\/\/empirijskaistrazivanja.org\/wp-content\/uploads\/2022\/03\/images.jpg\" alt=\"\" width=\"275\" height=\"183\" \/><\/p>\n","protected":false},"excerpt":{"rendered":"<p>Participants: &nbsp; Dr Jovana Bjeki\u0107, Principal investigator, project MEMORYST Institute for Medical Research, University of Belgrade &nbsp; Dr Andrej Savi\u0107, Principal investigator, project HYBIS Faculty of Electrical engineering, University of Belgade &nbsp; Dr Sa\u0161a Filipovi\u0107, Consortium lead, project TWINNIBS Institute for Medical Research, University of Belgrade &nbsp; THEME: Non-invasive neuromodulation is an innovative approach in [&hellip;]<\/p>\n","protected":false},"author":4,"featured_media":0,"parent":0,"menu_order":0,"comment_status":"closed","ping_status":"closed","template":"","meta":{"footnotes":""},"class_list":["post-3312","page","type-page","status-publish","hentry"],"translation":{"provider":"WPGlobus","version":"2.12.2","language":"en","enabled_languages":["rs","en"],"languages":{"rs":{"title":true,"content":true,"excerpt":false},"en":{"title":false,"content":true,"excerpt":false}}},"_links":{"self":[{"href":"http:\/\/empirijskaistrazivanja.org\/en\/wp-json\/wp\/v2\/pages\/3312"}],"collection":[{"href":"http:\/\/empirijskaistrazivanja.org\/en\/wp-json\/wp\/v2\/pages"}],"about":[{"href":"http:\/\/empirijskaistrazivanja.org\/en\/wp-json\/wp\/v2\/types\/page"}],"author":[{"embeddable":true,"href":"http:\/\/empirijskaistrazivanja.org\/en\/wp-json\/wp\/v2\/users\/4"}],"replies":[{"embeddable":true,"href":"http:\/\/empirijskaistrazivanja.org\/en\/wp-json\/wp\/v2\/comments?post=3312"}],"version-history":[{"count":4,"href":"http:\/\/empirijskaistrazivanja.org\/en\/wp-json\/wp\/v2\/pages\/3312\/revisions"}],"predecessor-version":[{"id":3314,"href":"http:\/\/empirijskaistrazivanja.org\/en\/wp-json\/wp\/v2\/pages\/3312\/revisions\/3314"}],"wp:attachment":[{"href":"http:\/\/empirijskaistrazivanja.org\/en\/wp-json\/wp\/v2\/media?parent=3312"}],"curies":[{"name":"wp","href":"https:\/\/api.w.org\/{rel}","templated":true}]}}