{"id":3295,"date":"2022-03-25T15:33:42","date_gmt":"2022-03-25T14:33:42","guid":{"rendered":"http:\/\/empirijskaistrazivanja.org\/?page_id=3295"},"modified":"2022-03-25T15:44:00","modified_gmt":"2022-03-25T14:44:00","slug":"meet-the-editors-how-to-get-published-in-an-academic-journal","status":"publish","type":"page","link":"http:\/\/empirijskaistrazivanja.org\/en\/meet-the-editors-how-to-get-published-in-an-academic-journal\/","title":{"rendered":"MEET THE EDITORS: HOW TO GET PUBLISHED IN AN ACADEMIC JOURNAL?"},"content":{"rendered":"<p>Panelists:<\/p>\n<p>&nbsp;<\/p>\n<p><strong>Dr. Darinka An\u0111elkovi\u0107<\/strong>, editor-in-chief of the journal <a href=\"https:\/\/scindeks.ceon.rs\/journaldetails.aspx?issn=0352-7379\">Psiholo\u0161ka istra\u017eivanja<\/a><\/p>\n<p>Institute of Psychology, Faculty of Philosophy, University of Belgrade<\/p>\n<p>&nbsp;<\/p>\n<p><strong>Prof. Dr. Vladimir Hedrih<\/strong>, editor-in-chief of the journal <a href=\"http:\/\/www.dps.org.rs\/4-casopis\">Psihologija<\/a><\/p>\n<p>Department of Psychology, Faculty of Philosophy, University of Ni\u0161<\/p>\n<p>&nbsp;<\/p>\n<p><strong>Prof. Dr. Sne\u017eana Smederevac<\/strong>, editor-in-chief of the journal <a href=\"https:\/\/primenjena.psihologija.ff.uns.ac.rs\/index.php\/pp\">Primenjena psihologija<\/a><\/p>\n<p>Department of Psychology, Faculty of Philosophy, University of Novi Sad<\/p>\n<p>&nbsp;<\/p>\n<p><strong>Doc. Dr. Ivana Jankovi\u0107<\/strong>, editor-in-chief of the journal <a href=\"https:\/\/www.psihologijanis.rs\/godisnjak.asp\">Godi\u0161njak za psihologiju<\/a><\/p>\n<p>Department of Psychology, Faculty of Philosophy, University of Ni\u0161<\/p>\n<p>&nbsp;<\/p>\n<p><strong><span style=\"color: #ff6600;\">THEME:<\/span><\/strong> participants of the round table are the editors-in-chief of differents Serbian psychological journals. Take the opportunity to ask them: how to publish an article, why do wait such a long time for a review, how to get from a student paper to a published article, how to become an editor of a thematic issue\u2026<\/p>\n<p>&nbsp;<\/p>\n<p><img loading=\"lazy\" decoding=\"async\" class=\"alignnone wp-image-3261\" src=\"http:\/\/empirijskaistrazivanja.org\/wp-content\/uploads\/2022\/03\/download.jpg\" alt=\"\" width=\"157\" height=\"231\" \/><img loading=\"lazy\" decoding=\"async\" class=\"alignnone size-full wp-image-3262\" src=\"http:\/\/empirijskaistrazivanja.org\/wp-content\/uploads\/2022\/03\/psihologija.jpg\" alt=\"\" width=\"181\" height=\"222\" \/><img loading=\"lazy\" decoding=\"async\" class=\"alignnone wp-image-3263\" src=\"http:\/\/empirijskaistrazivanja.org\/wp-content\/uploads\/2022\/03\/cover_issue_178_en_US-211x300.png\" alt=\"\" width=\"158\" height=\"224\" srcset=\"http:\/\/empirijskaistrazivanja.org\/wp-content\/uploads\/2022\/03\/cover_issue_178_en_US-211x300.png 211w, http:\/\/empirijskaistrazivanja.org\/wp-content\/uploads\/2022\/03\/cover_issue_178_en_US-768x1094.png 768w, http:\/\/empirijskaistrazivanja.org\/wp-content\/uploads\/2022\/03\/cover_issue_178_en_US-719x1024.png 719w, http:\/\/empirijskaistrazivanja.org\/wp-content\/uploads\/2022\/03\/cover_issue_178_en_US.png 1303w\" sizes=\"(max-width: 158px) 100vw, 158px\" \/><img loading=\"lazy\" decoding=\"async\" class=\"alignnone wp-image-3264\" src=\"http:\/\/empirijskaistrazivanja.org\/wp-content\/uploads\/2022\/03\/3bd6583af5a14653b7b54db2c9fe7f3e_L-217x300.jpg\" alt=\"\" width=\"162\" height=\"224\" srcset=\"http:\/\/empirijskaistrazivanja.org\/wp-content\/uploads\/2022\/03\/3bd6583af5a14653b7b54db2c9fe7f3e_L-217x300.jpg 217w, http:\/\/empirijskaistrazivanja.org\/wp-content\/uploads\/2022\/03\/3bd6583af5a14653b7b54db2c9fe7f3e_L.jpg 422w\" sizes=\"(max-width: 162px) 100vw, 162px\" \/><\/p>\n","protected":false},"excerpt":{"rendered":"<p>Panelists: &nbsp; Dr. Darinka An\u0111elkovi\u0107, editor-in-chief of the journal Psiholo\u0161ka istra\u017eivanja Institute of Psychology, Faculty of Philosophy, University of Belgrade &nbsp; Prof. Dr. Vladimir Hedrih, editor-in-chief of the journal Psihologija Department of Psychology, Faculty of Philosophy, University of Ni\u0161 &nbsp; Prof. Dr. Sne\u017eana Smederevac, editor-in-chief of the journal Primenjena psihologija Department of Psychology, Faculty of [&hellip;]<\/p>\n","protected":false},"author":4,"featured_media":0,"parent":0,"menu_order":0,"comment_status":"closed","ping_status":"closed","template":"","meta":{"footnotes":""},"class_list":["post-3295","page","type-page","status-publish","hentry"],"translation":{"provider":"WPGlobus","version":"2.12.2","language":"en","enabled_languages":["rs","en"],"languages":{"rs":{"title":true,"content":true,"excerpt":false},"en":{"title":false,"content":true,"excerpt":false}}},"_links":{"self":[{"href":"http:\/\/empirijskaistrazivanja.org\/en\/wp-json\/wp\/v2\/pages\/3295"}],"collection":[{"href":"http:\/\/empirijskaistrazivanja.org\/en\/wp-json\/wp\/v2\/pages"}],"about":[{"href":"http:\/\/empirijskaistrazivanja.org\/en\/wp-json\/wp\/v2\/types\/page"}],"author":[{"embeddable":true,"href":"http:\/\/empirijskaistrazivanja.org\/en\/wp-json\/wp\/v2\/users\/4"}],"replies":[{"embeddable":true,"href":"http:\/\/empirijskaistrazivanja.org\/en\/wp-json\/wp\/v2\/comments?post=3295"}],"version-history":[{"count":7,"href":"http:\/\/empirijskaistrazivanja.org\/en\/wp-json\/wp\/v2\/pages\/3295\/revisions"}],"predecessor-version":[{"id":3309,"href":"http:\/\/empirijskaistrazivanja.org\/en\/wp-json\/wp\/v2\/pages\/3295\/revisions\/3309"}],"wp:attachment":[{"href":"http:\/\/empirijskaistrazivanja.org\/en\/wp-json\/wp\/v2\/media?parent=3295"}],"curies":[{"name":"wp","href":"https:\/\/api.w.org\/{rel}","templated":true}]}}