{"id":2450,"date":"2020-10-12T15:24:11","date_gmt":"2020-10-12T14:24:11","guid":{"rendered":"http:\/\/empirijskaistrazivanja.org\/?page_id=2450"},"modified":"2021-05-11T14:12:54","modified_gmt":"2021-05-11T13:12:54","slug":"poster-sekcija-2","status":"publish","type":"page","link":"http:\/\/empirijskaistrazivanja.org\/en\/poster-sekcija-2\/","title":{"rendered":"POSTER SESSION 2"},"content":{"rendered":"<hr \/>\n<table style=\"width: 100%; border-collapse: collapse; height: 24px;\" border=\"0\">\n<tbody>\n<tr style=\"height: 24px;\">\n<td style=\"width: 50%; height: 24px; text-align: center;\">\n<h2><a href=\"http:\/\/empirijskaistrazivanja.org\/wp-content\/uploads\/2021\/05\/EIP2021.Programme.pdf\">Full programme<\/a><\/h2>\n<\/td>\n<td style=\"width: 50%; height: 24px; text-align: center;\">\n<h2>\u00a0 \u00a0\u00a0<a href=\"http:\/\/empirijskaistrazivanja.org\/wp-content\/uploads\/2021\/05\/KNJIGA-REZIMEA-2021_f.pdf\">Book of abstracts<\/a><\/h2>\n<\/td>\n<\/tr>\n<\/tbody>\n<\/table>\n<hr \/>\n<table style=\"height: 502px; width: 100%; border-collapse: collapse;\" border=\"0\">\n<tbody>\n<tr style=\"height: 24px;\">\n<td style=\"width: 50%; height: 24px;\">\n<p style=\"text-align: center;\">PRISTRASNOST POJEDNOSTAVLJIVANJA U NAU\u010cNOM DOMENU<br \/>\n<strong>Mateja Manojlovi\u0107, Vlasta Sikimi\u0107, Ivana Jankovi\u0107, Sandra Ili\u0107, Kaja Damnjanovi\u0107<\/strong><\/p>\n<p style=\"text-align: center;\"><a href=\"https:\/\/drive.google.com\/file\/d\/1RvCXUQkOhosZ1d6qk_FeEgFFQj7FCkAe\/view\">ABSTRACT<\/a><\/p>\n<p style=\"text-align: center;\"><a href=\"https:\/\/drive.google.com\/file\/d\/1RvCXUQkOhosZ1d6qk_FeEgFFQj7FCkAe\/view\">POSTER<\/a><\/p>\n<p style=\"text-align: center;\"><a href=\"https:\/\/us04web.zoom.us\/j\/5705151149?pwd=a2orU2lEUmRXWUNwTURSUmpZL09VZz09\">ZOOM<\/a><\/p>\n<\/td>\n<td style=\"width: 50%; height: 24px;\">\n<p style=\"text-align: center;\">THE ILLUSION OF CERTAINTY IN A NATIONALLY REPRESENTATIVE SAMPLE IN SERBIA<br \/>\n<strong>Darko Stojilovi\u0107, Dunja Anzelm, Kaja Damnjanovi\u0107<\/strong><\/p>\n<p style=\"text-align: center;\"><a href=\"http:\/\/empirijskaistrazivanja.org\/wp-content\/uploads\/2021\/05\/KNJIGA-REZIMEA-2021_f.pdf#page=33\">ABSTRACT<\/a><\/p>\n<p style=\"text-align: center;\"><a href=\"https:\/\/drive.google.com\/file\/d\/1805vobh1Q8tW5gMd-3Kq8k0gxmCqPudd\/view\">POSTER<\/a><\/p>\n<p style=\"text-align: center;\"><a href=\"https:\/\/us04web.zoom.us\/j\/77230751170?pwd=bFZicG93NHJqOGRJazBnY25qMVhpZz09\">ZOOM<\/a><\/p>\n<\/td>\n<\/tr>\n<tr style=\"height: 26px;\">\n<td style=\"width: 100%; height: 26px;\" colspan=\"2\">\n<hr \/>\n<p style=\"text-align: center;\">\n<\/td>\n<\/tr>\n<tr style=\"height: 426px;\">\n<td style=\"width: 50%; height: 426px;\">\n<p style=\"text-align: center;\">LATENT STRUCTURE OF THE \u2018COMMON SENSE\u2019 OPINIONS AND BELIEFS ABOUT CORPORAL PUNISHMENT OF CHILDREN<br \/>\n<strong>Sini\u0161a Suboti\u0107, Dejan Sibin\u010di\u0107<\/strong><\/p>\n<p style=\"text-align: center;\"><a href=\"http:\/\/empirijskaistrazivanja.org\/wp-content\/uploads\/2021\/05\/KNJIGA-REZIMEA-2021_f.pdf#page=56\">ABSTRACT<\/a><\/p>\n<p style=\"text-align: center;\"><a href=\"https:\/\/drive.google.com\/file\/d\/1HdPtQq2uEw1lBHHmOZgoR6BCZ2G-k5qr\/view\">POSTER<\/a><\/p>\n<p style=\"text-align: center;\"><a href=\"https:\/\/us02web.zoom.us\/j\/83069489774?pwd=SWRJRFVDQUx3MmZNZVE3d3FoTFZaZz09\">ZOOM<\/a><\/p>\n<\/td>\n<td style=\"width: 50%; height: 426px;\">\n<p style=\"text-align: center;\">EFFECT OF HEXACO AND DARK TRIAD TRAITS ON RISK PERCEPTION AND FEAR OF COVID-19 PANDEMIC<br \/>\n<strong>Marko Milo\u0161evi\u0107, Rebeka Plan\u010dak, Bojana M. Dini\u0107<\/strong><\/p>\n<p style=\"text-align: center;\"><a href=\"http:\/\/empirijskaistrazivanja.org\/wp-content\/uploads\/2021\/05\/KNJIGA-REZIMEA-2021_f.pdf#page=55\">ABSTRACT<\/a><\/p>\n<p style=\"text-align: center;\"><a href=\"https:\/\/drive.google.com\/file\/d\/1y87nhiHBP8YSKbIP7aYYXpwrLMK3pwop\/view\">POSTER<\/a><\/p>\n<p style=\"text-align: center;\"><a href=\"https:\/\/us04web.zoom.us\/j\/4222967997?pwd=aEtJOWxGa3RTSzl6S0phRGRvTWNYQT09\">ZOOM<\/a><\/p>\n<\/td>\n<\/tr>\n<tr style=\"height: 26px;\">\n<td style=\"width: 100%; height: 26px;\" colspan=\"2\">\n<hr \/>\n<p style=\"text-align: center;\">\n<\/td>\n<\/tr>\n<\/tbody>\n<\/table>\n<table style=\"height: 24px; width: 100%; border-collapse: collapse;\" border=\"0\">\n<tbody>\n<tr>\n<td style=\"width: 50%;\">\n<p style=\"text-align: center;\">GPA, PERSONALITY, AND ATTITUDES TOWARDS SCIENCE AS PREDICTORS OF THE HIGH SCHOOL STUDENTS\u2019 FUNCTIONAL MATHEMATICS KNOWLEDGE<\/p>\n<p style=\"text-align: center;\"><strong>Anita \u0160trkonji\u0107, Jelena Karanovi\u0107, Dragana Mihalj\u010di\u0107, Kristina Vukli\u0161, Teodora Marinkovi\u0107, Ana Keleman, Milo\u0161 Ra\u0161ovi\u0107, Tatjana Nedi\u0107, Tamara Petkovi\u0107, Lana Lugonja, Sini\u0161a Suboti\u0107<\/strong><\/p>\n<p style=\"text-align: center;\"><a href=\"http:\/\/empirijskaistrazivanja.org\/wp-content\/uploads\/2021\/05\/KNJIGA-REZIMEA-2021_f.pdf#page=72\">ABSTRACT<\/a><\/p>\n<p style=\"text-align: center;\"><a href=\"https:\/\/drive.google.com\/file\/d\/11T459xqtnn8wrc1t-ybE52ET-kb0_1Br\/view\">POSTER<\/a><\/p>\n<p style=\"text-align: center;\"><a href=\"https:\/\/us02web.zoom.us\/j\/83069489774?pwd=SWRJRFVDQUx3MmZNZVE3d3FoTFZaZz09\">ZOOM<\/a><\/p>\n<\/td>\n<td style=\"width: 50%;\">\n<p style=\"text-align: center;\">WORK INTERFERENCE WITH PERSONAL LIFE AND TURNOVER INTENTION: MEDIATING ROLE OF JOB SATISFACTION<br \/>\n<strong>Biljana Mirkovi\u0107<\/strong><\/p>\n<p style=\"text-align: center;\"><a href=\"http:\/\/empirijskaistrazivanja.org\/wp-content\/uploads\/2021\/05\/KNJIGA-REZIMEA-2021_f.pdf#page=92\">ABSTRACT<\/a><\/p>\n<p style=\"text-align: center;\"><a href=\"https:\/\/drive.google.com\/file\/d\/1mIpWJT13Uohozig1gjU0syNh5kYv3pQz\/view\">POSTER<\/a><\/p>\n<p style=\"text-align: center;\"><a href=\"https:\/\/zoom.us\/j\/98006141285?pwd=eVQ1NXdOMzJ2dVo4NmgrUDdLMlIwUT09\">ZOOM<\/a><\/p>\n<\/td>\n<\/tr>\n<tr>\n<td style=\"width: 50%;\" colspan=\"2\">\n<hr \/>\n<p style=\"text-align: center;\">\n<\/td>\n<\/tr>\n<\/tbody>\n<\/table>\n<table style=\"height: 24px; width: 100%; border-collapse: collapse;\" border=\"0\">\n<tbody>\n<tr>\n<td style=\"width: 50%;\">\n<p style=\"text-align: center;\">BIG SUPPLA: OSPORAVANJE UOBI\u010cAJENOG VI\u0110ENJA DODATAKA ISHRANI I BILJNIH PREPARATA<br \/>\n<strong>Nemanja To\u0161i\u0107, Nevena Mijatovi\u0107, Jasmina \u0160ljivi\u0107, Ljubica Coni\u0107<\/strong><\/p>\n<p style=\"text-align: center;\"><a href=\"http:\/\/empirijskaistrazivanja.org\/wp-content\/uploads\/2021\/05\/KNJIGA-REZIMEA-2021_f.pdf#page=128\">ABSTRACT<\/a><\/p>\n<p style=\"text-align: center;\"><a href=\"https:\/\/drive.google.com\/file\/d\/1dlP7lNB385sele_pN0d7g5C0qv2dSs8r\/view\">POSTER<\/a><\/p>\n<p style=\"text-align: center;\"><a href=\"https:\/\/us04web.zoom.us\/j\/3506088519?pwd=azFJbkZWa2ZTWmpMWGFSZkoxYmRwUT09\">ZOOM<\/a><\/p>\n<\/td>\n<td style=\"width: 50%;\">\n<p style=\"text-align: center;\">BODY IMAGE AND ITS CORRELATES:<br \/>\nPISA 2018 STUDY IN SERBIA<br \/>\n<strong>Aleksa Stamenkovi\u0107, Jelica Miloji\u010di\u0107, Marina Videnovi\u0107<\/strong><\/p>\n<p style=\"text-align: center;\"><a href=\"http:\/\/empirijskaistrazivanja.org\/wp-content\/uploads\/2021\/05\/KNJIGA-REZIMEA-2021_f.pdf#page=106\">ABSTRACT<\/a><\/p>\n<p style=\"text-align: center;\"><a href=\"https:\/\/drive.google.com\/file\/d\/1SZZCBqcOTqVyjWopWllVGyYTqpldmKf9\/view\">POSTER<\/a><\/p>\n<p style=\"text-align: center;\"><a href=\"https:\/\/us04web.zoom.us\/j\/5164499691?pwd=MFh0RGJ2RG9WMGt4cmxpYnpxYlNMQT09\">ZOOM<\/a><\/p>\n<\/td>\n<\/tr>\n<tr>\n<td style=\"width: 100%;\" colspan=\"2\">\n<hr \/>\n<p style=\"text-align: center;\">\n<\/td>\n<\/tr>\n<\/tbody>\n<\/table>\n<table style=\"height: 500px; width: 100%; border-collapse: collapse;\" border=\"0\">\n<tbody>\n<tr style=\"height: 474px;\">\n<td style=\"width: 403px; height: 474px;\">\n<p style=\"text-align: center;\">STRESS REACTIONS ON ZAGREB EARTHQUAKE<br \/>\n<strong>Paula Pedi\u0107 Dui\u0107<\/strong><\/p>\n<p style=\"text-align: center;\"><a href=\"http:\/\/empirijskaistrazivanja.org\/wp-content\/uploads\/2021\/05\/KNJIGA-REZIMEA-2021_f.pdf#page=139\">ABSTRACT<\/a><\/p>\n<p style=\"text-align: center;\"><a href=\"https:\/\/drive.google.com\/file\/d\/1Zflui9KNnU3ce-EgDmgvoGPJ2q5Kfm9H\/view\">POSTER<\/a><\/p>\n<p style=\"text-align: center;\"><a href=\"https:\/\/zoom.us\/j\/6025814102?pwd=MThJekV3SlhhTkJiRXBEbCtSeEVLdz09\">ZOOM<\/a><\/p>\n<\/td>\n<td style=\"width: 402px; height: 474px;\">\n<p style=\"text-align: center;\">\n<\/td>\n<\/tr>\n<tr style=\"height: 26px;\">\n<td style=\"width: 806px; height: 26px;\" colspan=\"2\"><\/td>\n<\/tr>\n<\/tbody>\n<\/table>\n<table style=\"height: 214px; width: 100%; border-collapse: collapse;\" border=\"0\">\n<tbody>\n<tr style=\"height: 188px;\">\n<td style=\"width: 50%; height: 188px;\"><\/td>\n<td style=\"width: 50%; height: 188px;\"><\/td>\n<\/tr>\n<tr style=\"height: 26px;\">\n<td style=\"width: 50%; height: 26px;\" colspan=\"2\">\n<hr \/>\n<p style=\"text-align: center;\">\n<\/td>\n<\/tr>\n<\/tbody>\n<\/table>\n","protected":false},"excerpt":{"rendered":"<p>Full programme \u00a0 \u00a0\u00a0Book of abstracts PRISTRASNOST POJEDNOSTAVLJIVANJA U NAU\u010cNOM DOMENU Mateja Manojlovi\u0107, Vlasta Sikimi\u0107, Ivana Jankovi\u0107, Sandra Ili\u0107, Kaja Damnjanovi\u0107 ABSTRACT POSTER ZOOM THE ILLUSION OF CERTAINTY IN A NATIONALLY REPRESENTATIVE SAMPLE IN SERBIA Darko Stojilovi\u0107, Dunja Anzelm, Kaja Damnjanovi\u0107 ABSTRACT POSTER ZOOM LATENT STRUCTURE OF THE \u2018COMMON SENSE\u2019 OPINIONS AND BELIEFS ABOUT CORPORAL [&hellip;]<\/p>\n","protected":false},"author":4,"featured_media":0,"parent":0,"menu_order":0,"comment_status":"closed","ping_status":"closed","template":"","meta":{"footnotes":""},"class_list":["post-2450","page","type-page","status-publish","hentry"],"translation":{"provider":"WPGlobus","version":"2.12.2","language":"en","enabled_languages":["rs","en"],"languages":{"rs":{"title":true,"content":true,"excerpt":false},"en":{"title":true,"content":true,"excerpt":false}}},"_links":{"self":[{"href":"http:\/\/empirijskaistrazivanja.org\/en\/wp-json\/wp\/v2\/pages\/2450"}],"collection":[{"href":"http:\/\/empirijskaistrazivanja.org\/en\/wp-json\/wp\/v2\/pages"}],"about":[{"href":"http:\/\/empirijskaistrazivanja.org\/en\/wp-json\/wp\/v2\/types\/page"}],"author":[{"embeddable":true,"href":"http:\/\/empirijskaistrazivanja.org\/en\/wp-json\/wp\/v2\/users\/4"}],"replies":[{"embeddable":true,"href":"http:\/\/empirijskaistrazivanja.org\/en\/wp-json\/wp\/v2\/comments?post=2450"}],"version-history":[{"count":24,"href":"http:\/\/empirijskaistrazivanja.org\/en\/wp-json\/wp\/v2\/pages\/2450\/revisions"}],"predecessor-version":[{"id":2944,"href":"http:\/\/empirijskaistrazivanja.org\/en\/wp-json\/wp\/v2\/pages\/2450\/revisions\/2944"}],"wp:attachment":[{"href":"http:\/\/empirijskaistrazivanja.org\/en\/wp-json\/wp\/v2\/media?parent=2450"}],"curies":[{"name":"wp","href":"https:\/\/api.w.org\/{rel}","templated":true}]}}