{"id":2399,"date":"2020-10-06T16:00:53","date_gmt":"2020-10-06T15:00:53","guid":{"rendered":"http:\/\/empirijskaistrazivanja.org\/?page_id=2399"},"modified":"2020-10-06T16:13:42","modified_gmt":"2020-10-06T15:13:42","slug":"istrazivanja-u-doba-korone-teme-i-izazovi","status":"publish","type":"page","link":"http:\/\/empirijskaistrazivanja.org\/en\/istrazivanja-u-doba-korone-teme-i-izazovi\/","title":{"rendered":"ISTRA\u017dIVANJA U DOBA KORONE: TEME I IZAZOVI"},"content":{"rendered":"<p><strong>Moderatorka<\/strong><br \/>\ndr Marina Videnovi\u0107, nau\u010dni saradnik<\/p>\n<p><strong>U\u010desnici<\/strong><br \/>\ndoc. dr Kaja Damnjanovi\u0107<br \/>\ndr Smiljana Jo\u0161i\u0107, nau\u010dni saradnik<br \/>\nAna Radanovi\u0107<\/p>\n<hr \/>\n<p>Godina koja je iza nas obele\u017eena je turbulentnim promenama u svim segmentima dru\u0161tva. Zajedno sa u\u010desnicima okruglog stola poku\u0161a\u0107emo da odgovorimo na pitanje kako su se te promene odrazile na istra\u017eivanja u domenu dru\u0161tvenih nauka. Svaka pandemija je i socijalni fenomen. Dru\u0161tvene nauke predstavljaju dragoceno oru\u0111e za ispitivanje posledica pandemije, zna\u010daja intrapsihi\u010dkih, socijalnih i kulturnih faktora i kreiranje smislenih politika. Otvoreno pitanje jeste da li je dru\u0161tvo u Srbiji svesno pomo\u0107i koju mo\u017ee dobiti od nas istra\u017eiva\u010da i da li smo mi svesni kako i koliko mo\u017eemo pomo\u0107i. Po\u0111imo od jednostavnog uvida formulisanog u obliku pitnaja: \u201e\u0160ta \u0107e nam efikasna vakcina, ako ne\u0107e niko da je primi?\u201c Bili smo svedoci da su se istra\u017eiva\u010di u oblasti psihologije u Srbiji brzo organizovali i, kao i istra\u017eiva\u010di iz celog sveta, poku\u0161ali da uhvate psiholo\u0161ku specifi\u010dnost istorijskog trenutka u kojem smo se na\u0161li. Bilo je potrebno postaviti i sprovesti istra\u017eivanje na na\u010din koji je za neke istra\u017eiva\u010de bio nov. Razgovara\u0107emo o tome \u0161ta je sve bilo novo i kako smo se sna\u0161li. Kako se postavlja istra\u017eivanje kad nedostaju podaci na osnovu kojih bismo formulisali hipoteze? Tradicionalni terenski rad smo ostavili za neka sre\u0107nija vremena. Prelazak na onlajn ispitivanja predstavlja nov izazov kako za reprezenativnost podataka tako i za animiranje ispitanika, odabir \u0161to manjeg broja pitanja, izla\u017eenje na kraj sa podacima koji nedostaju. I na kraju, na\u0161li smo se u situaciji da su na\u0161i rezultati postali zanimljivi i interesantni i \u0161iroj javnosti. Na koje probleme smo nai\u0161li u komunikaciji sa javnim mnjenjem?<br \/>\nKlju\u010dne re\u010di: pandemija, dru\u0161tvene nauke, istra\u017eivanja, psihologija<\/p>\n","protected":false},"excerpt":{"rendered":"<p>Moderatorka dr Marina Videnovi\u0107, nau\u010dni saradnik U\u010desnici doc. dr Kaja Damnjanovi\u0107 dr Smiljana Jo\u0161i\u0107, nau\u010dni saradnik Ana Radanovi\u0107 Godina koja je iza nas obele\u017eena je turbulentnim promenama u svim segmentima dru\u0161tva. Zajedno sa u\u010desnicima okruglog stola poku\u0161a\u0107emo da odgovorimo na pitanje kako su se te promene odrazile na istra\u017eivanja u domenu dru\u0161tvenih nauka. Svaka pandemija [&hellip;]<\/p>\n","protected":false},"author":4,"featured_media":0,"parent":0,"menu_order":0,"comment_status":"closed","ping_status":"closed","template":"","meta":{"footnotes":""},"class_list":["post-2399","page","type-page","status-publish","hentry"],"translation":{"provider":"WPGlobus","version":"2.12.2","language":"en","enabled_languages":["rs","en"],"languages":{"rs":{"title":true,"content":true,"excerpt":false},"en":{"title":false,"content":false,"excerpt":false}}},"_links":{"self":[{"href":"http:\/\/empirijskaistrazivanja.org\/en\/wp-json\/wp\/v2\/pages\/2399"}],"collection":[{"href":"http:\/\/empirijskaistrazivanja.org\/en\/wp-json\/wp\/v2\/pages"}],"about":[{"href":"http:\/\/empirijskaistrazivanja.org\/en\/wp-json\/wp\/v2\/types\/page"}],"author":[{"embeddable":true,"href":"http:\/\/empirijskaistrazivanja.org\/en\/wp-json\/wp\/v2\/users\/4"}],"replies":[{"embeddable":true,"href":"http:\/\/empirijskaistrazivanja.org\/en\/wp-json\/wp\/v2\/comments?post=2399"}],"version-history":[{"count":3,"href":"http:\/\/empirijskaistrazivanja.org\/en\/wp-json\/wp\/v2\/pages\/2399\/revisions"}],"predecessor-version":[{"id":2406,"href":"http:\/\/empirijskaistrazivanja.org\/en\/wp-json\/wp\/v2\/pages\/2399\/revisions\/2406"}],"wp:attachment":[{"href":"http:\/\/empirijskaistrazivanja.org\/en\/wp-json\/wp\/v2\/media?parent=2399"}],"curies":[{"name":"wp","href":"https:\/\/api.w.org\/{rel}","templated":true}]}}