{"id":2252,"date":"2020-07-22T14:45:46","date_gmt":"2020-07-22T13:45:46","guid":{"rendered":"http:\/\/empirijskaistrazivanja.org\/?page_id=2252"},"modified":"2020-10-08T15:01:48","modified_gmt":"2020-10-08T14:01:48","slug":"decija-upotreba-digitalnih-medija-u-jugoistocnoj-evropi-izmedu-rizika-stetnih-posledica-i-prilika-za-razvoj-i-ucenje","status":"publish","type":"page","link":"http:\/\/empirijskaistrazivanja.org\/en\/decija-upotreba-digitalnih-medija-u-jugoistocnoj-evropi-izmedu-rizika-stetnih-posledica-i-prilika-za-razvoj-i-ucenje\/","title":{"rendered":"De\u010dija upotreba digitalnih medija u jugoisto\u010dnoj Evropi: Izme\u0111u rizika, \u0161tetnih posledica i prilika za razvoj i u\u010denje"},"content":{"rendered":"<p>Dr Tijana Milo\u0161evi\u0107 (moderatorka)<\/p>\n<p>Ucesnici:<\/p>\n<p>prof. dr Dragan Popadi\u0107<br \/>\ndoc. dr Dobrinka Kuzmanovi\u0107<br \/>\nprof. dr Dalibor Petrovi\u0107<br \/>\nprof. dr Darko Hini\u0107<\/p>\n<p>dr Lana Ciboci<\/p>\n<p>U akademskoj zajednici se ve\u0107 neko vreme vodi debata oko uticaja digitalnih tehnologija na decu i mlade. Dok neki autori i istra\u017eiva\u010di smatraju da ima dovoljno dokaza za brigu, uglavnom po pitanju upotrebe mobilnih, odnosno pametnih telefona, dru\u0161tvenih mre\u017ea i video igara, drugi tvrde da ne postoji dovoljno dokaza, pogotovo longitudinalne prirode, koji bi potvrdili da zaista postoji jasan negativan uticaj kori\u0161\u0107enja ovih tehnologija na decu i mlade. Istra\u017eiva\u010di koji pokazuju oprez u tvrdnjama o negativnim posledicama tako\u0111e nagla\u0161avaju va\u017enost sagledavanja pozitivnih aspekata upotrebe digitalnih tehnologija, pogotovo u pogledu de\u010dijih prava na socijalizaciju, u\u010denje, u\u010de\u0161\u0107e u zajednici, igri, kulturnom \u017eivotu i umetnosti, kao \u0161to je precizirano u Konvenicji o pravima deteta Ujedinjenih Nacija. \u00a0U svetlu ovih opre\u010dnih i bitno druga\u010dijih interpretacija podataka prese\u010dnog tipa, u\u010desnici ovog okruglog stola poku\u0161a\u0107e da stave u kontekst podatke o de\u010dijoj upotrebi interneta i digitalnih tehnologija u regionu. Fokusira\u0107emo se na nalaze istra\u017eivanja Deca Evrope na internetu u Srbiji (podaci prikupljeni 2018. godine na nacionalno reprezentativnom uzorku N= 1150), i poredi\u0107emo ih sa podacima dobijenim u drugim istra\u017eiva\u010dkim projektima u regionu o de\u010dijoj upotrebi digitalnih medija u kojima su panelisti u\u010destvovali proteklih godina; ali tako\u0111e i sa podacima istra\u017eivanja Deca Evrope na internetu u drugim zemljama. Mre\u017ea Deca Evrope na internetu, sprovela je ankete u 19 zemalja u periodu izme\u0111u 2017. i 2019. godine, koriste\u0107i isti upitnik koji pokriva \u0161irok opseg tema o de\u010dijoj upotrebi digitalnih medija, rizicima i \u0161tetnim posledicama kao \u0161to su vr\u0161nja\u010dko nasilje na internetu, slanje i primanje poruka seksualnog karaktera (engl. <em>sexting<\/em>), izlo\u017eenost \u0161tetnim sadr\u017eajima, pornografskim sadr\u017eajima kao i de\u010dijoj pornografiji, me\u0111u mnogobrojnim rizicima. Pozitivni aspekti upotrebe digitalnih medija uklju\u010duju digitalne ve\u0161tine, kao \u0161to su programiranje i upotreba digitalnih medija u kreativne svrhe, ili u dru\u0161tveno korisne svrhe. Na ovom okruglom stolu, prvenstveno nas zanima izlaganje rizicima na internetu dece u regionu i kako to izgleda u pore\u0111enju sa drugim zemljama; ali tako\u0111e i mogu\u0107nosti da se iskoriste prilike za pozitivnu upotrebu digitalnih tehnologija<\/p>\n<p><a href=\"http:\/\/empirijskaistrazivanja.org\/wp-content\/uploads\/2020\/07\/dobrinka4.jpg\"><img loading=\"lazy\" decoding=\"async\" class=\"alignnone wp-image-2245\" src=\"http:\/\/empirijskaistrazivanja.org\/wp-content\/uploads\/2020\/07\/dobrinka4.jpg\" alt=\"\" width=\"528\" height=\"307\" srcset=\"http:\/\/empirijskaistrazivanja.org\/wp-content\/uploads\/2020\/07\/dobrinka4.jpg 626w, http:\/\/empirijskaistrazivanja.org\/wp-content\/uploads\/2020\/07\/dobrinka4-300x174.jpg 300w\" sizes=\"(max-width: 528px) 100vw, 528px\" \/><\/a><\/p>\n","protected":false},"excerpt":{"rendered":"<p>Dr Tijana Milo\u0161evi\u0107 (moderatorka) Ucesnici: prof. dr Dragan Popadi\u0107 doc. dr Dobrinka Kuzmanovi\u0107 prof. dr Dalibor Petrovi\u0107 prof. dr Darko Hini\u0107 dr Lana Ciboci U akademskoj zajednici se ve\u0107 neko vreme vodi debata oko uticaja digitalnih tehnologija na decu i mlade. Dok neki autori i istra\u017eiva\u010di smatraju da ima dovoljno dokaza za brigu, uglavnom po [&hellip;]<\/p>\n","protected":false},"author":4,"featured_media":0,"parent":0,"menu_order":0,"comment_status":"closed","ping_status":"closed","template":"","meta":{"footnotes":""},"class_list":["post-2252","page","type-page","status-publish","hentry"],"translation":{"provider":"WPGlobus","version":"2.12.2","language":"en","enabled_languages":["rs","en"],"languages":{"rs":{"title":true,"content":true,"excerpt":false},"en":{"title":false,"content":false,"excerpt":false}}},"_links":{"self":[{"href":"http:\/\/empirijskaistrazivanja.org\/en\/wp-json\/wp\/v2\/pages\/2252"}],"collection":[{"href":"http:\/\/empirijskaistrazivanja.org\/en\/wp-json\/wp\/v2\/pages"}],"about":[{"href":"http:\/\/empirijskaistrazivanja.org\/en\/wp-json\/wp\/v2\/types\/page"}],"author":[{"embeddable":true,"href":"http:\/\/empirijskaistrazivanja.org\/en\/wp-json\/wp\/v2\/users\/4"}],"replies":[{"embeddable":true,"href":"http:\/\/empirijskaistrazivanja.org\/en\/wp-json\/wp\/v2\/comments?post=2252"}],"version-history":[{"count":7,"href":"http:\/\/empirijskaistrazivanja.org\/en\/wp-json\/wp\/v2\/pages\/2252\/revisions"}],"predecessor-version":[{"id":2631,"href":"http:\/\/empirijskaistrazivanja.org\/en\/wp-json\/wp\/v2\/pages\/2252\/revisions\/2631"}],"wp:attachment":[{"href":"http:\/\/empirijskaistrazivanja.org\/en\/wp-json\/wp\/v2\/media?parent=2252"}],"curies":[{"name":"wp","href":"https:\/\/api.w.org\/{rel}","templated":true}]}}