{"id":2248,"date":"2020-07-22T14:25:01","date_gmt":"2020-07-22T13:25:01","guid":{"rendered":"http:\/\/empirijskaistrazivanja.org\/?page_id=2248"},"modified":"2020-07-22T18:25:18","modified_gmt":"2020-07-22T17:25:18","slug":"sta-posle-doktorata","status":"publish","type":"page","link":"http:\/\/empirijskaistrazivanja.org\/en\/sta-posle-doktorata\/","title":{"rendered":"\u0160ta posle doktorata?"},"content":{"rendered":"<p><strong>Moderatorka<\/strong><\/p>\n<p>prof. dr Du\u0161ica Filipovi\u0107 \u0110ur\u0111evi\u0107<\/p>\n<p><strong>U\u010desnici<\/strong><\/p>\n<p>prof. dr Aleksandar Baucal<\/p>\n<p>prof. dr Ljiljana Mihi\u0107<\/p>\n<p>dr Zorana Zupan, nau\u010dni saradnik<\/p>\n<p>Milana Male\u0161ev, nezavisni konsultant, predava\u010d na me\u0111unarodnom CIPD programu za HR profesionalce<\/p>\n<p>&nbsp;<\/p>\n<p>Poslednjih godina, u na\u0161oj zemlji se pove\u0107ao broj mladih koji sti\u0107u titulu doktora nauka, dok se kapaciteti za njihovo zapo\u0161ljavanje u akademskim institucijama nisu pove\u0107ali. Stoga se nezanemarljiv broj mladih suo\u010dava sa dilemom da li vredi upisivati doktorske studije, ili da li su pogre\u0161ili \u0161to su ih upisali\/zavr\u0161ili. Sve ve\u0107i broj studija ukazuje na mentalne probleme sa kojima se suo\u010davaju postdiplomci tokom i nakon doktorskih studija. Kako dalje razvijati akademsku karijeru, da li odustati od akademske karijere, da li ima smisla tra\u017eiti posao u privredi, da li su dovoljno konkurentni u privredi, da li su protra\u0107ili vreme bave\u0107i se doktoratom ako se opredele za posao u privredi i da li su im ve\u0161tine koje su stekli na doktorskim studijama od bilo kakve pomo\u0107i za posao u privredi, samo su neka od pitanja koja se name\u0107u mladim doktorima nauka. Ovaj okrugli sto trebalo bi da da odgovore na barem neka od tih pitanja, ali prvenstveno da eksplicira postojanje ovog problema i otvori diskusiju na ovu temu.<\/p>\n<p><a href=\"http:\/\/empirijskaistrazivanja.org\/wp-content\/uploads\/2020\/07\/dusica3.jpg\"><img loading=\"lazy\" decoding=\"async\" class=\"size-full wp-image-2246\" src=\"http:\/\/empirijskaistrazivanja.org\/wp-content\/uploads\/2020\/07\/dusica3.jpg\" alt=\"\" width=\"800\" height=\"373\" srcset=\"http:\/\/empirijskaistrazivanja.org\/wp-content\/uploads\/2020\/07\/dusica3.jpg 800w, http:\/\/empirijskaistrazivanja.org\/wp-content\/uploads\/2020\/07\/dusica3-300x140.jpg 300w, http:\/\/empirijskaistrazivanja.org\/wp-content\/uploads\/2020\/07\/dusica3-768x358.jpg 768w\" sizes=\"(max-width: 800px) 100vw, 800px\" \/><\/a><\/p>\n","protected":false},"excerpt":{"rendered":"<p>Moderatorka prof. dr Du\u0161ica Filipovi\u0107 \u0110ur\u0111evi\u0107 U\u010desnici prof. dr Aleksandar Baucal prof. dr Ljiljana Mihi\u0107 dr Zorana Zupan, nau\u010dni saradnik Milana Male\u0161ev, nezavisni konsultant, predava\u010d na me\u0111unarodnom CIPD programu za HR profesionalce &nbsp; Poslednjih godina, u na\u0161oj zemlji se pove\u0107ao broj mladih koji sti\u0107u titulu doktora nauka, dok se kapaciteti za njihovo zapo\u0161ljavanje u akademskim [&hellip;]<\/p>\n","protected":false},"author":4,"featured_media":0,"parent":0,"menu_order":0,"comment_status":"closed","ping_status":"closed","template":"","meta":{"footnotes":""},"class_list":["post-2248","page","type-page","status-publish","hentry"],"translation":{"provider":"WPGlobus","version":"2.12.2","language":"en","enabled_languages":["rs","en"],"languages":{"rs":{"title":true,"content":true,"excerpt":false},"en":{"title":false,"content":false,"excerpt":false}}},"_links":{"self":[{"href":"http:\/\/empirijskaistrazivanja.org\/en\/wp-json\/wp\/v2\/pages\/2248"}],"collection":[{"href":"http:\/\/empirijskaistrazivanja.org\/en\/wp-json\/wp\/v2\/pages"}],"about":[{"href":"http:\/\/empirijskaistrazivanja.org\/en\/wp-json\/wp\/v2\/types\/page"}],"author":[{"embeddable":true,"href":"http:\/\/empirijskaistrazivanja.org\/en\/wp-json\/wp\/v2\/users\/4"}],"replies":[{"embeddable":true,"href":"http:\/\/empirijskaistrazivanja.org\/en\/wp-json\/wp\/v2\/comments?post=2248"}],"version-history":[{"count":5,"href":"http:\/\/empirijskaistrazivanja.org\/en\/wp-json\/wp\/v2\/pages\/2248\/revisions"}],"predecessor-version":[{"id":2632,"href":"http:\/\/empirijskaistrazivanja.org\/en\/wp-json\/wp\/v2\/pages\/2248\/revisions\/2632"}],"wp:attachment":[{"href":"http:\/\/empirijskaistrazivanja.org\/en\/wp-json\/wp\/v2\/media?parent=2248"}],"curies":[{"name":"wp","href":"https:\/\/api.w.org\/{rel}","templated":true}]}}